{"id":1054,"date":"2019-06-26T11:26:10","date_gmt":"2019-06-26T09:26:10","guid":{"rendered":"https:\/\/www.crinailiescu.ro\/cookie-policy\/"},"modified":"2019-06-26T11:26:10","modified_gmt":"2019-06-26T09:26:10","slug":"cookie-policy","status":"publish","type":"page","link":"https:\/\/crinailiescu.ro\/en\/cookie-policy\/","title":{"rendered":"Cookie policy"},"content":{"rendered":"<p>[et_pb_section bb_built=&#8221;1&#8243;][et_pb_row][et_pb_column type=&#8221;4_4&#8243;][et_pb_text]<\/p>\n<p>How are cookies used by this site?<\/p>\n<p>A visit to this site may place the following types of cookies:<\/p>\n<p>Cookies strictly required<br \/>\nSite performance cookies<br \/>\nVisitor analysis cookies<br \/>\nCookies for geotargetting<br \/>\nRecording cookies<br \/>\nCookies for advertising<br \/>\nAdvertiser cookies<\/p>\n<p>The strictly necessary cookies are essential for the good functioning of the website. These cookies do not require your prior consent to be downloaded to your device. You can set your browser to block these cookies, but in this case certain sections of the website will not work properly.<\/p>\n<p>This site uses cookies. We use cookies to customize content and ads, to provide social networking features and to analyze traffic. We also offer social networking, advertising, and analytics partners information on how you use our site. They can combine them with other information you provide or collected from using their services. If you choose to continue using our website, you consent to the use of our cookies.<\/p>\n<p>Cookies are small text files that can be used by websites to make their use more efficient.<\/p>\n<p>The law stipulates that we may store cookies on your device if they are strictly necessary for the operation of this site. For all other types of cookies we need your permission.<\/p>\n<p>This site uses different types of cookies. Some cookies are placed by third party services that appear on our pages.<\/p>\n<p>You may, at any time, modify or withdraw your consent from the Cookie Statement on our website.<\/p>\n<p>Learn more about who we are, how you can contact us, and how we process personal information in our Privacy Policy.<\/p>\n<p>Your consent applies to the following domains: www.crinailiescu.ro<\/p>\n<p>Does personal data cookies continue?<\/p>\n<p>Cookies themselves do not require personal information to be used and, in most cases, do not personally identify internet users. Personal data collected through the use of cookies can be collected only to facilitate certain user functions. Such data is encrypted in a way that makes unauthorized people access to them.<br \/>\nDelete cookies<\/p>\n<p>Generally, an application used to access web pages allows you to save Ccookies on the terminal by default. These settings can be changed so that automatic cookie administration is blocked by the web browser or the user is informed whenever cookies are sent to his or her terminal. Detailed information about the possibilities and ways of managing cookies can be found in the application settings area (the web browser). Restricting the use of cookies may affect certain features of the web page.<\/p>\n<p>[\/et_pb_text][\/et_pb_column][\/et_pb_row][\/et_pb_section]<\/p>","protected":false},"excerpt":{"rendered":"<p><div class=\"et_pb_row et_pb_row_0 et_pb_row_empty\">\n\t\t\t\t\n\t\t\t\t\n\t\t\t\t\n\t\t\t\t\n\t\t\t\t\n\t\t\t<\/div><div class=\"et_pb_module et_pb_text et_pb_text_0  et_pb_text_align_left et_pb_bg_layout_light\">\n\t\t\t\t\n\t\t\t\t\n\t\t\t\t\n\t\t\t\t\n\t\t\t\t\n\t\t\t<\/div> How are cookies used by this site? A visit to this site may place the following types of cookies: Cookies strictly required Site performance cookies Visitor analysis cookies Cookies for geotargetting Recording cookies Cookies for advertising Advertiser cookies The strictly necessary cookies are essential for the good functioning of the website. These cookies do [&hellip;]<\/p>","protected":false},"author":3,"featured_media":0,"parent":0,"menu_order":0,"comment_status":"closed","ping_status":"closed","template":"","meta":{"_et_pb_use_builder":"on","_et_pb_old_content":"Cum sunt folosite cookie-urile de catre acest site?\r\n\r\nO vizita pe acest site poate plasa urmatoarele tipuri de cookie-uri:\r\n\r\nCookie-uri strict necesare\r\nCookie-uri de performanta a site-ului\r\nCookie-uri de analiza a vizitatorilor\r\nCookie-uri pentru geotargetting\r\nCookie-uri de inregistrare\r\nCookie-uri pentru publicitate\r\nCookie-uri ale furnizorilor de publicitate\r\n\r\nCookie-urile strict necesare sunt esentiale pentru buna functionare a website-ului. Aceste cookie-uri nu necesita acordul dumneavoastra prealabil pentru a fi descarcate pe dispozitivul dumneavoastra. Puteti seta browser-ul dumneavoastra pentru a bloca aceste cookie-uri, insa in acest caz anumite sectiuni ale website-ului nu vor functiona corect.\r\n\r\nAcest site utilizeaz\u0103 cookie-uri. Folosim cookie-uri pentru a personaliza con\u021binutul \u0219i anun\u021burile, pentru a oferi func\u021bii de re\u021bele sociale \u0219i pentru a analiza traficul. De asemenea, le oferim partenerilor de re\u021bele sociale, de publicitate \u0219i de analize informa\u021bii cu privire la modul \u00een care folosi\u021bi site-ul nostru. Ace\u0219tia le pot combina cu alte informa\u021bii oferite de dvs. sau culese \u00een urma folosirii serviciilor lor. \u00cen cazul \u00een care alege\u021bi s\u0103 continua\u021bi s\u0103 utiliza\u021bi website-ul nostru, sunte\u021bi de acord cu utilizarea modulelor noastre cookie.\r\n\r\nCookie-urile sunt mici fi\u015fiere de text ce pot fi utilizate de c\u0103tre site-urile web pentru a face utilizarea lor mai eficient\u0103.\r\n\r\nLegea stipuleaz\u0103 c\u0103 putem stoca cookie-uri pe dispozitivul dvs., \u00een cazul \u00een care ele sunt strict necesare pentru operarea acestui site. Pentru toate celelalte tipuri de cookie-uri avem nevoie de permisiunea dvs.\r\n\r\nAcest site utilizeaz\u0103 diferite tipuri de cookie-uri. Unele cookie-uri sunt plasate de c\u0103tre servicii p\u0103r\u0163i ter\u0163e care apar pe paginile noastre.\r\n\r\nPute\u021bi, \u00een orice moment, s\u0103 modifica\u021bi sau s\u0103 v\u0103 retrage\u021bi acordul din Declara\u021bia privind modulele cookie de pe website-ul nostru.\r\n\r\nAfla\u021bi mai multe despre cine suntem, cum ne pute\u021bi contacta \u0219i cum proces\u0103m datele personale \u00een Politica noastr\u0103 de confiden\u021bialitate.\r\n\r\nConsim\u0163\u0103m\u00e2ntul dvs. se aplic\u0103 urm\u0103toarelor domenii: www.crinailiescu.ro\r\n\r\nContin cookie-urile date personale?\r\n\r\nCookie-urile in sine nu solicita informatii cu caracter personal pentru a putea fi utilizate si, in cele mai multe cazuri, nu identifica personal utilizatorii de internet. Datele personale colectate prin utilizarea cookie-urilor pot fi colectate doar pentru a facilita anumite functionalitati pentru utilizator. Atare date sunt criptate intr-un mod care face imposibil accesul persoanelor neautorizate la ele.\r\nStergerea cookie-urilor\r\n\r\nIn general, o aplicatie folosita pentru accesarea paginilor web permite salvarea Ccookie-urilor pe terminal in mod implicit. Aceste setari pot fi schimbate in asa fel incat administrarea automata a cookie-urilor sa fie blocata de browser-ul web sau utilizatorul sa fie informat de fiecare data cand cookie-uri sunt trimise catre terminalul sau. Informatii detaliate despre posibilitatile si modurile de administrare a cookie-urilor pot fi gasite in zona de setari a aplicatiei (browser-ului web). Limitarea folosirii cookie-urilor poate afecta anumite functionalitati ale paginii web.","_et_gb_content_width":"","footnotes":""},"yoast_head":"<!-- This site is optimized with the Yoast SEO plugin v22.6 - https:\/\/yoast.com\/wordpress\/plugins\/seo\/ -->\n<title>Cookie policy - Feng Shui<\/title>\n<meta name=\"robots\" content=\"index, follow, max-snippet:-1, max-image-preview:large, max-video-preview:-1\" \/>\n<link rel=\"canonical\" href=\"https:\/\/crinailiescu.ro\/en\/cookie-policy\/\" \/>\n<meta property=\"og:locale\" content=\"en_US\" \/>\n<meta property=\"og:type\" content=\"article\" \/>\n<meta property=\"og:title\" content=\"Cookie policy - Feng Shui\" \/>\n<meta property=\"og:description\" content=\"How are cookies used by this site? A visit to this site may place the following types of cookies: Cookies strictly required Site performance cookies Visitor analysis cookies Cookies for geotargetting Recording cookies Cookies for advertising Advertiser cookies The strictly necessary cookies are essential for the good functioning of the website. These cookies do [&hellip;]\" \/>\n<meta property=\"og:url\" content=\"https:\/\/crinailiescu.ro\/en\/cookie-policy\/\" \/>\n<meta property=\"og:site_name\" content=\"Feng Shui\" \/>\n<meta name=\"twitter:card\" content=\"summary_large_image\" \/>\n<meta name=\"twitter:label1\" content=\"Est. reading time\" \/>\n\t<meta name=\"twitter:data1\" content=\"2 minutes\" \/>\n<script type=\"application\/ld+json\" class=\"yoast-schema-graph\">{\"@context\":\"https:\/\/schema.org\",\"@graph\":[{\"@type\":\"WebPage\",\"@id\":\"https:\/\/crinailiescu.ro\/cookie-policy\/\",\"url\":\"https:\/\/crinailiescu.ro\/cookie-policy\/\",\"name\":\"Cookie policy - Feng Shui\",\"isPartOf\":{\"@id\":\"https:\/\/crinailiescu.ro\/#website\"},\"datePublished\":\"2019-06-26T09:26:10+00:00\",\"dateModified\":\"2019-06-26T09:26:10+00:00\",\"breadcrumb\":{\"@id\":\"https:\/\/crinailiescu.ro\/cookie-policy\/#breadcrumb\"},\"inLanguage\":\"en-US\",\"potentialAction\":[{\"@type\":\"ReadAction\",\"target\":[\"https:\/\/crinailiescu.ro\/cookie-policy\/\"]}]},{\"@type\":\"BreadcrumbList\",\"@id\":\"https:\/\/crinailiescu.ro\/cookie-policy\/#breadcrumb\",\"itemListElement\":[{\"@type\":\"ListItem\",\"position\":1,\"name\":\"Prima pagin\u0103\",\"item\":\"https:\/\/crinailiescu.ro\/ro\/\"},{\"@type\":\"ListItem\",\"position\":2,\"name\":\"Cookie policy\"}]},{\"@type\":\"WebSite\",\"@id\":\"https:\/\/crinailiescu.ro\/#website\",\"url\":\"https:\/\/crinailiescu.ro\/\",\"name\":\"Feng Shui\",\"description\":\"Feng Shui, Qi Men, BaZi, Selectare Date, Metafizica Chineza\",\"potentialAction\":[{\"@type\":\"SearchAction\",\"target\":{\"@type\":\"EntryPoint\",\"urlTemplate\":\"https:\/\/crinailiescu.ro\/?s={search_term_string}\"},\"query-input\":\"required name=search_term_string\"}],\"inLanguage\":\"en-US\"}]}<\/script>\n<!-- \/ Yoast SEO plugin. -->","yoast_head_json":{"title":"Cookie policy - Feng Shui","robots":{"index":"index","follow":"follow","max-snippet":"max-snippet:-1","max-image-preview":"max-image-preview:large","max-video-preview":"max-video-preview:-1"},"canonical":"https:\/\/crinailiescu.ro\/en\/cookie-policy\/","og_locale":"en_US","og_type":"article","og_title":"Cookie policy - Feng Shui","og_description":"How are cookies used by this site? A visit to this site may place the following types of cookies: Cookies strictly required Site performance cookies Visitor analysis cookies Cookies for geotargetting Recording cookies Cookies for advertising Advertiser cookies The strictly necessary cookies are essential for the good functioning of the website. These cookies do [&hellip;]","og_url":"https:\/\/crinailiescu.ro\/en\/cookie-policy\/","og_site_name":"Feng Shui","twitter_card":"summary_large_image","twitter_misc":{"Est. reading time":"2 minutes"},"schema":{"@context":"https:\/\/schema.org","@graph":[{"@type":"WebPage","@id":"https:\/\/crinailiescu.ro\/cookie-policy\/","url":"https:\/\/crinailiescu.ro\/cookie-policy\/","name":"Cookie policy - Feng Shui","isPartOf":{"@id":"https:\/\/crinailiescu.ro\/#website"},"datePublished":"2019-06-26T09:26:10+00:00","dateModified":"2019-06-26T09:26:10+00:00","breadcrumb":{"@id":"https:\/\/crinailiescu.ro\/cookie-policy\/#breadcrumb"},"inLanguage":"en-US","potentialAction":[{"@type":"ReadAction","target":["https:\/\/crinailiescu.ro\/cookie-policy\/"]}]},{"@type":"BreadcrumbList","@id":"https:\/\/crinailiescu.ro\/cookie-policy\/#breadcrumb","itemListElement":[{"@type":"ListItem","position":1,"name":"Prima pagin\u0103","item":"https:\/\/crinailiescu.ro\/ro\/"},{"@type":"ListItem","position":2,"name":"Cookie policy"}]},{"@type":"WebSite","@id":"https:\/\/crinailiescu.ro\/#website","url":"https:\/\/crinailiescu.ro\/","name":"Feng Shui","description":"Feng Shui, Qi Men, BaZi, Selectare Date, Metafizica Chineza","potentialAction":[{"@type":"SearchAction","target":{"@type":"EntryPoint","urlTemplate":"https:\/\/crinailiescu.ro\/?s={search_term_string}"},"query-input":"required name=search_term_string"}],"inLanguage":"en-US"}]}},"_links":{"self":[{"href":"https:\/\/crinailiescu.ro\/en\/wp-json\/wp\/v2\/pages\/1054"}],"collection":[{"href":"https:\/\/crinailiescu.ro\/en\/wp-json\/wp\/v2\/pages"}],"about":[{"href":"https:\/\/crinailiescu.ro\/en\/wp-json\/wp\/v2\/types\/page"}],"author":[{"embeddable":true,"href":"https:\/\/crinailiescu.ro\/en\/wp-json\/wp\/v2\/users\/3"}],"replies":[{"embeddable":true,"href":"https:\/\/crinailiescu.ro\/en\/wp-json\/wp\/v2\/comments?post=1054"}],"version-history":[{"count":0,"href":"https:\/\/crinailiescu.ro\/en\/wp-json\/wp\/v2\/pages\/1054\/revisions"}],"wp:attachment":[{"href":"https:\/\/crinailiescu.ro\/en\/wp-json\/wp\/v2\/media?parent=1054"}],"curies":[{"name":"wp","href":"https:\/\/api.w.org\/{rel}","templated":true}]}}