{"id":53297,"date":"2024-06-03T16:04:56","date_gmt":"2024-06-03T13:04:56","guid":{"rendered":"https:\/\/crinailiescu.ro\/?post_type=product&#038;p=53297"},"modified":"2024-06-04T15:36:07","modified_gmt":"2024-06-04T12:36:07","slug":"card-liu-he-6-harmony-%e5%85%ad%e5%90%88","status":"publish","type":"product","link":"https:\/\/crinailiescu.ro\/en\/product\/card-liu-he-6-harmony-%e5%85%ad%e5%90%88\/","title":{"rendered":"CARD &#8211; Liu HE \u2013 6 HARMONY  \u516d\u5408"},"content":{"rendered":"<p>Card recomandat pentru persoanele care lucreaz\u0103 \u00een v\u00e2nz\u0103ri.<\/p>\n<p>\u00cei ajuta s\u0103 \u201c\u00eenchid\u0103\u201d afacerea mai profitabil.<\/p>","protected":false},"excerpt":{"rendered":"<p>Card recomandat pentru persoanele care lucreaz\u0103 \u00een v\u00e2nz\u0103ri. \u00cei ajuta s\u0103 \u201c\u00eenchid\u0103\u201d afacerea mai profitabil.<\/p>","protected":false},"featured_media":53259,"comment_status":"closed","ping_status":"closed","template":"","meta":{"_et_pb_use_builder":"","_et_pb_old_content":"","_et_gb_content_width":""},"product_cat":[117,50],"product_tag":[118,123],"yoast_head":"<!-- This site is optimized with the Yoast SEO plugin v22.6 - https:\/\/yoast.com\/wordpress\/plugins\/seo\/ -->\n<title>CARD - Liu HE \u2013 6 HARMONY \u516d\u5408 - Feng Shui<\/title>\n<meta name=\"description\" content=\"Card recomandat pentru persoanele care lucreaz\u0103 \u00een v\u00e2nz\u0103ri. \u00cei ajuta s\u0103 \u201c\u00eenchid\u0103\u201d afacerea mai profitabil.\" \/>\n<meta name=\"robots\" content=\"index, follow, max-snippet:-1, max-image-preview:large, max-video-preview:-1\" \/>\n<link rel=\"canonical\" href=\"https:\/\/crinailiescu.ro\/en\/product\/card-liu-he-6-harmony-\u516d\u5408\/\" \/>\n<meta property=\"og:locale\" content=\"en_US\" \/>\n<meta property=\"og:type\" content=\"article\" \/>\n<meta property=\"og:title\" content=\"CARD - Liu HE \u2013 6 HARMONY \u516d\u5408 - Feng Shui\" \/>\n<meta property=\"og:description\" content=\"Card recomandat pentru persoanele care lucreaz\u0103 \u00een v\u00e2nz\u0103ri. \u00cei ajuta s\u0103 \u201c\u00eenchid\u0103\u201d afacerea mai profitabil.\" \/>\n<meta property=\"og:url\" content=\"https:\/\/crinailiescu.ro\/en\/product\/card-liu-he-6-harmony-\u516d\u5408\/\" \/>\n<meta property=\"og:site_name\" content=\"Feng Shui\" \/>\n<meta property=\"article:modified_time\" content=\"2024-06-04T12:36:07+00:00\" \/>\n<meta property=\"og:image\" content=\"https:\/\/crinailiescu.ro\/wp-content\/uploads\/2024\/06\/IMG_0768.jpeg\" \/>\n\t<meta property=\"og:image:width\" content=\"2176\" \/>\n\t<meta property=\"og:image:height\" content=\"2109\" \/>\n\t<meta property=\"og:image:type\" content=\"image\/jpeg\" \/>\n<meta name=\"twitter:card\" content=\"summary_large_image\" \/>\n<meta name=\"twitter:label1\" content=\"Est. reading time\" \/>\n\t<meta name=\"twitter:data1\" content=\"1 minute\" \/>\n<script type=\"application\/ld+json\" class=\"yoast-schema-graph\">{\"@context\":\"https:\/\/schema.org\",\"@graph\":[{\"@type\":\"WebPage\",\"@id\":\"https:\/\/crinailiescu.ro\/produs\/card-liu-he-6-harmony-%e5%85%ad%e5%90%88\/\",\"url\":\"https:\/\/crinailiescu.ro\/produs\/card-liu-he-6-harmony-%e5%85%ad%e5%90%88\/\",\"name\":\"CARD - Liu HE \u2013 6 HARMONY \u516d\u5408 - Feng Shui\",\"isPartOf\":{\"@id\":\"https:\/\/crinailiescu.ro\/#website\"},\"primaryImageOfPage\":{\"@id\":\"https:\/\/crinailiescu.ro\/produs\/card-liu-he-6-harmony-%e5%85%ad%e5%90%88\/#primaryimage\"},\"image\":{\"@id\":\"https:\/\/crinailiescu.ro\/produs\/card-liu-he-6-harmony-%e5%85%ad%e5%90%88\/#primaryimage\"},\"thumbnailUrl\":\"https:\/\/crinailiescu.ro\/wp-content\/uploads\/2024\/06\/IMG_0768.jpeg\",\"datePublished\":\"2024-06-03T13:04:56+00:00\",\"dateModified\":\"2024-06-04T12:36:07+00:00\",\"description\":\"Card recomandat pentru persoanele care lucreaz\u0103 \u00een v\u00e2nz\u0103ri. \u00cei ajuta s\u0103 \u201c\u00eenchid\u0103\u201d afacerea mai profitabil.\",\"breadcrumb\":{\"@id\":\"https:\/\/crinailiescu.ro\/produs\/card-liu-he-6-harmony-%e5%85%ad%e5%90%88\/#breadcrumb\"},\"inLanguage\":\"en-US\",\"potentialAction\":[{\"@type\":\"ReadAction\",\"target\":[\"https:\/\/crinailiescu.ro\/produs\/card-liu-he-6-harmony-%e5%85%ad%e5%90%88\/\"]}]},{\"@type\":\"ImageObject\",\"inLanguage\":\"en-US\",\"@id\":\"https:\/\/crinailiescu.ro\/produs\/card-liu-he-6-harmony-%e5%85%ad%e5%90%88\/#primaryimage\",\"url\":\"https:\/\/crinailiescu.ro\/wp-content\/uploads\/2024\/06\/IMG_0768.jpeg\",\"contentUrl\":\"https:\/\/crinailiescu.ro\/wp-content\/uploads\/2024\/06\/IMG_0768.jpeg\",\"width\":2176,\"height\":2109,\"caption\":\"CARD - Liu HE \u2013 6 HARMONY \u516d\u5408\"},{\"@type\":\"BreadcrumbList\",\"@id\":\"https:\/\/crinailiescu.ro\/produs\/card-liu-he-6-harmony-%e5%85%ad%e5%90%88\/#breadcrumb\",\"itemListElement\":[{\"@type\":\"ListItem\",\"position\":1,\"name\":\"Prima pagin\u0103\",\"item\":\"https:\/\/crinailiescu.ro\/ro\/\"},{\"@type\":\"ListItem\",\"position\":2,\"name\":\"Products\",\"item\":\"https:\/\/crinailiescu.ro\/en\/shop\/\"},{\"@type\":\"ListItem\",\"position\":3,\"name\":\"CARD &#8211; Liu HE \u2013 6 HARMONY \u516d\u5408\"}]},{\"@type\":\"WebSite\",\"@id\":\"https:\/\/crinailiescu.ro\/#website\",\"url\":\"https:\/\/crinailiescu.ro\/\",\"name\":\"Feng Shui\",\"description\":\"Feng Shui, Qi Men, BaZi, Selectare Date, Metafizica Chineza\",\"potentialAction\":[{\"@type\":\"SearchAction\",\"target\":{\"@type\":\"EntryPoint\",\"urlTemplate\":\"https:\/\/crinailiescu.ro\/?s={search_term_string}\"},\"query-input\":\"required name=search_term_string\"}],\"inLanguage\":\"en-US\"}]}<\/script>\n<!-- \/ Yoast SEO plugin. -->","yoast_head_json":{"title":"CARD - Liu HE \u2013 6 HARMONY \u516d\u5408 - Feng Shui","description":"Card recomandat pentru persoanele care lucreaz\u0103 \u00een v\u00e2nz\u0103ri. \u00cei ajuta s\u0103 \u201c\u00eenchid\u0103\u201d afacerea mai profitabil.","robots":{"index":"index","follow":"follow","max-snippet":"max-snippet:-1","max-image-preview":"max-image-preview:large","max-video-preview":"max-video-preview:-1"},"canonical":"https:\/\/crinailiescu.ro\/en\/product\/card-liu-he-6-harmony-\u516d\u5408\/","og_locale":"en_US","og_type":"article","og_title":"CARD - Liu HE \u2013 6 HARMONY \u516d\u5408 - Feng Shui","og_description":"Card recomandat pentru persoanele care lucreaz\u0103 \u00een v\u00e2nz\u0103ri. \u00cei ajuta s\u0103 \u201c\u00eenchid\u0103\u201d afacerea mai profitabil.","og_url":"https:\/\/crinailiescu.ro\/en\/product\/card-liu-he-6-harmony-\u516d\u5408\/","og_site_name":"Feng Shui","article_modified_time":"2024-06-04T12:36:07+00:00","og_image":[{"width":2176,"height":2109,"url":"https:\/\/crinailiescu.ro\/wp-content\/uploads\/2024\/06\/IMG_0768.jpeg","type":"image\/jpeg"}],"twitter_card":"summary_large_image","twitter_misc":{"Est. reading time":"1 minute"},"schema":{"@context":"https:\/\/schema.org","@graph":[{"@type":"WebPage","@id":"https:\/\/crinailiescu.ro\/produs\/card-liu-he-6-harmony-%e5%85%ad%e5%90%88\/","url":"https:\/\/crinailiescu.ro\/produs\/card-liu-he-6-harmony-%e5%85%ad%e5%90%88\/","name":"CARD - Liu HE \u2013 6 HARMONY \u516d\u5408 - Feng Shui","isPartOf":{"@id":"https:\/\/crinailiescu.ro\/#website"},"primaryImageOfPage":{"@id":"https:\/\/crinailiescu.ro\/produs\/card-liu-he-6-harmony-%e5%85%ad%e5%90%88\/#primaryimage"},"image":{"@id":"https:\/\/crinailiescu.ro\/produs\/card-liu-he-6-harmony-%e5%85%ad%e5%90%88\/#primaryimage"},"thumbnailUrl":"https:\/\/crinailiescu.ro\/wp-content\/uploads\/2024\/06\/IMG_0768.jpeg","datePublished":"2024-06-03T13:04:56+00:00","dateModified":"2024-06-04T12:36:07+00:00","description":"Card recomandat pentru persoanele care lucreaz\u0103 \u00een v\u00e2nz\u0103ri. \u00cei ajuta s\u0103 \u201c\u00eenchid\u0103\u201d afacerea mai profitabil.","breadcrumb":{"@id":"https:\/\/crinailiescu.ro\/produs\/card-liu-he-6-harmony-%e5%85%ad%e5%90%88\/#breadcrumb"},"inLanguage":"en-US","potentialAction":[{"@type":"ReadAction","target":["https:\/\/crinailiescu.ro\/produs\/card-liu-he-6-harmony-%e5%85%ad%e5%90%88\/"]}]},{"@type":"ImageObject","inLanguage":"en-US","@id":"https:\/\/crinailiescu.ro\/produs\/card-liu-he-6-harmony-%e5%85%ad%e5%90%88\/#primaryimage","url":"https:\/\/crinailiescu.ro\/wp-content\/uploads\/2024\/06\/IMG_0768.jpeg","contentUrl":"https:\/\/crinailiescu.ro\/wp-content\/uploads\/2024\/06\/IMG_0768.jpeg","width":2176,"height":2109,"caption":"CARD - Liu HE \u2013 6 HARMONY \u516d\u5408"},{"@type":"BreadcrumbList","@id":"https:\/\/crinailiescu.ro\/produs\/card-liu-he-6-harmony-%e5%85%ad%e5%90%88\/#breadcrumb","itemListElement":[{"@type":"ListItem","position":1,"name":"Prima pagin\u0103","item":"https:\/\/crinailiescu.ro\/ro\/"},{"@type":"ListItem","position":2,"name":"Products","item":"https:\/\/crinailiescu.ro\/en\/shop\/"},{"@type":"ListItem","position":3,"name":"CARD &#8211; Liu HE \u2013 6 HARMONY \u516d\u5408"}]},{"@type":"WebSite","@id":"https:\/\/crinailiescu.ro\/#website","url":"https:\/\/crinailiescu.ro\/","name":"Feng Shui","description":"Feng Shui, Qi Men, BaZi, Selectare Date, Metafizica Chineza","potentialAction":[{"@type":"SearchAction","target":{"@type":"EntryPoint","urlTemplate":"https:\/\/crinailiescu.ro\/?s={search_term_string}"},"query-input":"required name=search_term_string"}],"inLanguage":"en-US"}]}},"_links":{"self":[{"href":"https:\/\/crinailiescu.ro\/en\/wp-json\/wp\/v2\/product\/53297"}],"collection":[{"href":"https:\/\/crinailiescu.ro\/en\/wp-json\/wp\/v2\/product"}],"about":[{"href":"https:\/\/crinailiescu.ro\/en\/wp-json\/wp\/v2\/types\/product"}],"replies":[{"embeddable":true,"href":"https:\/\/crinailiescu.ro\/en\/wp-json\/wp\/v2\/comments?post=53297"}],"wp:featuredmedia":[{"embeddable":true,"href":"https:\/\/crinailiescu.ro\/en\/wp-json\/wp\/v2\/media\/53259"}],"wp:attachment":[{"href":"https:\/\/crinailiescu.ro\/en\/wp-json\/wp\/v2\/media?parent=53297"}],"wp:term":[{"taxonomy":"product_cat","embeddable":true,"href":"https:\/\/crinailiescu.ro\/en\/wp-json\/wp\/v2\/product_cat?post=53297"},{"taxonomy":"product_tag","embeddable":true,"href":"https:\/\/crinailiescu.ro\/en\/wp-json\/wp\/v2\/product_tag?post=53297"}],"curies":[{"name":"wp","href":"https:\/\/api.w.org\/{rel}","templated":true}]}}