{"id":53402,"date":"2024-11-20T23:03:32","date_gmt":"2024-11-20T21:03:32","guid":{"rendered":"https:\/\/crinailiescu.ro\/?post_type=product&#038;p=53402"},"modified":"2025-10-15T11:56:09","modified_gmt":"2025-10-15T08:56:09","slug":"sedinta-individuala-pentru-cariera","status":"publish","type":"product","link":"https:\/\/crinailiescu.ro\/en\/product\/sedinta-individuala-pentru-cariera\/","title":{"rendered":"Sedinta Individuala pentru Cariera"},"content":{"rendered":"<p>Sedinta Individuala pentru Cariera<\/p>\n<p>\u00centr-o lume \u00een continu\u0103 schimbare, fiecare decizie pe care o lu\u0103m azi devine funda\u021bia pentru ziua de m\u00e2ine. De aceea, este esen\u021bial s\u0103 ai toate informa\u021biile necesare pentru a lua cele mai bune decizii \u00een ceea ce prive\u0219te cariera \u0219i via\u021ba ta profesional\u0103.<\/p>\n<p>Tot mai mul\u021bi oameni simt presiunea asupra pozi\u021biei sau jobului lor. Dac\u0103 \u0219i tu ai aceste preocup\u0103ri, este momentul s\u0103 iei m\u0103suri. \u00cen cadrul unei sesiuni personalizate, te pot ajuta s\u0103 descoperi direc\u021bia potrivit\u0103 pentru tine, folosind dou\u0103 instrumente puternice:<\/p>\n<ul>\n<li><strong>Birth chart<\/strong>, pentru a \u00een\u021belege mai bine punctele tale forte \u0219i poten\u021bialul t\u0103u unic.<\/li>\n<li><strong>Experienta si practica mea ca si economist licentiate in Romania si in America &#8211; <\/strong>dup\u0103 aproape 20 ani de studiu si munca \u00een diferite domenii de activitate, ce au leg\u0103tur\u0103 \u00een mod direct sau indirect cu felul \u00een care func\u021bionez\u0103 lumea \u0219i cum influen\u021beaz\u0103 anumite locuri, st\u0103ri sau evenimente via\u021ba de zi cu zi sunt in masura sa pot sa iti ofer acel ghidaj necesar in zilele noastre.<\/li>\n<\/ul>\n<p>Dac\u0103 te afli \u00een c\u0103utarea clarit\u0103\u021bii privind domeniul t\u0103u ideal de activitate sau sim\u021bi c\u0103 este momentul s\u0103 faci o schimbare \u00een carier\u0103, \u00ee\u021bi propun o sesiune personalizata.<\/p>\n<p>Aceast\u0103 abordare te va ajuta s\u0103:<\/p>\n<ul>\n<li>Identifici punctele tale forte \u0219i talentele \u00eenn\u0103scute;<\/li>\n<li>\u00cen\u021belegi care sunt domeniile ce rezoneaz\u0103 cel mai bine cu energia ta personal\u0103;<\/li>\n<li>Clarifici pa\u0219ii urm\u0103tori pentru a te \u00eendrepta c\u0103tre o carier\u0103 \u00eemplinitoare.<\/li>\n<\/ul>\n<p>Sesiunea este individual\u0103 \u0219i se desf\u0103\u0219oar\u0103 \u00eentr-un cadru relaxat, online, dar la sfarsitul sesiunii tu o sa stii exact ce sa faci.<\/p>\n<p>&nbsp;<\/p>\n<p>Dac\u0103 e\u0219ti interesat(\u0103), r\u0103spunde acestui email pentru a stabili o dat\u0103 \u0219i o or\u0103 convenabil\u0103.<\/p>\n<p><strong>ATTENTIE!!! Mai sunt 3 locuri libere in luna IANUARIE 2025.\u00a0<\/strong><\/p>\n<p><span style=\"color: #ff0000;\"><strong><em>** dupa efectuarea platii, confirmarea programarii se face la telefon 0753067607 sau email: contact@crinailiescu.ro<\/em><\/strong><\/span><\/p>\n<p>\u00cemi doresc s\u0103 te sprijin \u00een a-\u021bi descoperi direc\u021bia care \u021bi se potrive\u0219te cel mai bine!<\/p>\n<p>A\u0219tept cu ner\u0103bdare s\u0103 lucr\u0103m \u00eempreun\u0103!<\/p>","protected":false},"excerpt":{"rendered":"<p>Sedinta Individuala pentru Cariera \u00centr-o lume \u00een continu\u0103 schimbare, fiecare decizie pe care o lu\u0103m azi devine funda\u021bia pentru ziua de m\u00e2ine. De aceea, este esen\u021bial s\u0103 ai toate informa\u021biile necesare pentru a lua cele mai bune decizii \u00een ceea ce prive\u0219te cariera \u0219i via\u021ba ta profesional\u0103. Tot mai mul\u021bi oameni simt presiunea asupra pozi\u021biei [&hellip;]<\/p>","protected":false},"featured_media":53403,"comment_status":"closed","ping_status":"closed","template":"","meta":{"_et_pb_use_builder":"","_et_pb_old_content":"","_et_gb_content_width":""},"product_cat":[135],"product_tag":[],"yoast_head":"<!-- This site is optimized with the Yoast SEO plugin v22.6 - https:\/\/yoast.com\/wordpress\/plugins\/seo\/ -->\n<title>Sedinta Individuala pentru Cariera - Feng Shui<\/title>\n<meta name=\"description\" content=\"Sedinta Individuala pentru Cariera \u00centr-o lume \u00een continu\u0103 schimbare, fiecare decizie pe care o lu\u0103m azi devine funda\u021bia pentru ziua de m\u00e2ine. De aceea, este esen\u021bial s\u0103 ai toate informa\u021biile necesare pentru a lua cele mai bune decizii \u00een ceea ce prive\u0219te cariera \u0219i via\u021ba ta profesional\u0103.\" \/>\n<meta name=\"robots\" content=\"index, follow, max-snippet:-1, max-image-preview:large, max-video-preview:-1\" \/>\n<link rel=\"canonical\" href=\"https:\/\/crinailiescu.ro\/en\/product\/sedinta-individuala-pentru-cariera\/\" \/>\n<meta property=\"og:locale\" content=\"en_US\" \/>\n<meta property=\"og:type\" content=\"article\" \/>\n<meta property=\"og:title\" content=\"Sedinta Individuala pentru Cariera - Feng Shui\" \/>\n<meta property=\"og:description\" content=\"Sedinta Individuala pentru Cariera \u00centr-o lume \u00een continu\u0103 schimbare, fiecare decizie pe care o lu\u0103m azi devine funda\u021bia pentru ziua de m\u00e2ine. De aceea, este esen\u021bial s\u0103 ai toate informa\u021biile necesare pentru a lua cele mai bune decizii \u00een ceea ce prive\u0219te cariera \u0219i via\u021ba ta profesional\u0103.\" \/>\n<meta property=\"og:url\" content=\"https:\/\/crinailiescu.ro\/en\/product\/sedinta-individuala-pentru-cariera\/\" \/>\n<meta property=\"og:site_name\" content=\"Feng Shui\" \/>\n<meta property=\"article:modified_time\" content=\"2025-10-15T08:56:09+00:00\" \/>\n<meta property=\"og:image\" content=\"https:\/\/crinailiescu.ro\/wp-content\/uploads\/2024\/11\/Meetting-e1732136189204.jpeg\" \/>\n\t<meta property=\"og:image:width\" content=\"900\" \/>\n\t<meta property=\"og:image:height\" content=\"514\" \/>\n\t<meta property=\"og:image:type\" content=\"image\/jpeg\" \/>\n<meta name=\"twitter:card\" content=\"summary_large_image\" \/>\n<meta name=\"twitter:label1\" content=\"Est. reading time\" \/>\n\t<meta name=\"twitter:data1\" content=\"2 minutes\" \/>\n<script type=\"application\/ld+json\" class=\"yoast-schema-graph\">{\"@context\":\"https:\/\/schema.org\",\"@graph\":[{\"@type\":\"WebPage\",\"@id\":\"https:\/\/crinailiescu.ro\/produs\/sedinta-individuala-pentru-cariera\/\",\"url\":\"https:\/\/crinailiescu.ro\/produs\/sedinta-individuala-pentru-cariera\/\",\"name\":\"Sedinta Individuala pentru Cariera - Feng Shui\",\"isPartOf\":{\"@id\":\"https:\/\/crinailiescu.ro\/#website\"},\"primaryImageOfPage\":{\"@id\":\"https:\/\/crinailiescu.ro\/produs\/sedinta-individuala-pentru-cariera\/#primaryimage\"},\"image\":{\"@id\":\"https:\/\/crinailiescu.ro\/produs\/sedinta-individuala-pentru-cariera\/#primaryimage\"},\"thumbnailUrl\":\"https:\/\/crinailiescu.ro\/wp-content\/uploads\/2024\/11\/Meetting-e1732136189204.jpeg\",\"datePublished\":\"2024-11-20T21:03:32+00:00\",\"dateModified\":\"2025-10-15T08:56:09+00:00\",\"description\":\"Sedinta Individuala pentru Cariera \u00centr-o lume \u00een continu\u0103 schimbare, fiecare decizie pe care o lu\u0103m azi devine funda\u021bia pentru ziua de m\u00e2ine. De aceea, este esen\u021bial s\u0103 ai toate informa\u021biile necesare pentru a lua cele mai bune decizii \u00een ceea ce prive\u0219te cariera \u0219i via\u021ba ta profesional\u0103.\",\"breadcrumb\":{\"@id\":\"https:\/\/crinailiescu.ro\/produs\/sedinta-individuala-pentru-cariera\/#breadcrumb\"},\"inLanguage\":\"en-US\",\"potentialAction\":[{\"@type\":\"ReadAction\",\"target\":[\"https:\/\/crinailiescu.ro\/produs\/sedinta-individuala-pentru-cariera\/\"]}]},{\"@type\":\"ImageObject\",\"inLanguage\":\"en-US\",\"@id\":\"https:\/\/crinailiescu.ro\/produs\/sedinta-individuala-pentru-cariera\/#primaryimage\",\"url\":\"https:\/\/crinailiescu.ro\/wp-content\/uploads\/2024\/11\/Meetting-e1732136189204.jpeg\",\"contentUrl\":\"https:\/\/crinailiescu.ro\/wp-content\/uploads\/2024\/11\/Meetting-e1732136189204.jpeg\",\"width\":900,\"height\":514},{\"@type\":\"BreadcrumbList\",\"@id\":\"https:\/\/crinailiescu.ro\/produs\/sedinta-individuala-pentru-cariera\/#breadcrumb\",\"itemListElement\":[{\"@type\":\"ListItem\",\"position\":1,\"name\":\"Prima pagin\u0103\",\"item\":\"https:\/\/crinailiescu.ro\/ro\/\"},{\"@type\":\"ListItem\",\"position\":2,\"name\":\"Products\",\"item\":\"https:\/\/crinailiescu.ro\/en\/shop\/\"},{\"@type\":\"ListItem\",\"position\":3,\"name\":\"Sedinta Individuala pentru Cariera\"}]},{\"@type\":\"WebSite\",\"@id\":\"https:\/\/crinailiescu.ro\/#website\",\"url\":\"https:\/\/crinailiescu.ro\/\",\"name\":\"Feng Shui\",\"description\":\"Feng Shui, Qi Men, BaZi, Selectare Date, Metafizica Chineza\",\"potentialAction\":[{\"@type\":\"SearchAction\",\"target\":{\"@type\":\"EntryPoint\",\"urlTemplate\":\"https:\/\/crinailiescu.ro\/?s={search_term_string}\"},\"query-input\":\"required name=search_term_string\"}],\"inLanguage\":\"en-US\"}]}<\/script>\n<!-- \/ Yoast SEO plugin. -->","yoast_head_json":{"title":"Sedinta Individuala pentru Cariera - Feng Shui","description":"Sedinta Individuala pentru Cariera \u00centr-o lume \u00een continu\u0103 schimbare, fiecare decizie pe care o lu\u0103m azi devine funda\u021bia pentru ziua de m\u00e2ine. De aceea, este esen\u021bial s\u0103 ai toate informa\u021biile necesare pentru a lua cele mai bune decizii \u00een ceea ce prive\u0219te cariera \u0219i via\u021ba ta profesional\u0103.","robots":{"index":"index","follow":"follow","max-snippet":"max-snippet:-1","max-image-preview":"max-image-preview:large","max-video-preview":"max-video-preview:-1"},"canonical":"https:\/\/crinailiescu.ro\/en\/product\/sedinta-individuala-pentru-cariera\/","og_locale":"en_US","og_type":"article","og_title":"Sedinta Individuala pentru Cariera - Feng Shui","og_description":"Sedinta Individuala pentru Cariera \u00centr-o lume \u00een continu\u0103 schimbare, fiecare decizie pe care o lu\u0103m azi devine funda\u021bia pentru ziua de m\u00e2ine. De aceea, este esen\u021bial s\u0103 ai toate informa\u021biile necesare pentru a lua cele mai bune decizii \u00een ceea ce prive\u0219te cariera \u0219i via\u021ba ta profesional\u0103.","og_url":"https:\/\/crinailiescu.ro\/en\/product\/sedinta-individuala-pentru-cariera\/","og_site_name":"Feng Shui","article_modified_time":"2025-10-15T08:56:09+00:00","og_image":[{"width":900,"height":514,"url":"https:\/\/crinailiescu.ro\/wp-content\/uploads\/2024\/11\/Meetting-e1732136189204.jpeg","type":"image\/jpeg"}],"twitter_card":"summary_large_image","twitter_misc":{"Est. reading time":"2 minutes"},"schema":{"@context":"https:\/\/schema.org","@graph":[{"@type":"WebPage","@id":"https:\/\/crinailiescu.ro\/produs\/sedinta-individuala-pentru-cariera\/","url":"https:\/\/crinailiescu.ro\/produs\/sedinta-individuala-pentru-cariera\/","name":"Sedinta Individuala pentru Cariera - Feng Shui","isPartOf":{"@id":"https:\/\/crinailiescu.ro\/#website"},"primaryImageOfPage":{"@id":"https:\/\/crinailiescu.ro\/produs\/sedinta-individuala-pentru-cariera\/#primaryimage"},"image":{"@id":"https:\/\/crinailiescu.ro\/produs\/sedinta-individuala-pentru-cariera\/#primaryimage"},"thumbnailUrl":"https:\/\/crinailiescu.ro\/wp-content\/uploads\/2024\/11\/Meetting-e1732136189204.jpeg","datePublished":"2024-11-20T21:03:32+00:00","dateModified":"2025-10-15T08:56:09+00:00","description":"Sedinta Individuala pentru Cariera \u00centr-o lume \u00een continu\u0103 schimbare, fiecare decizie pe care o lu\u0103m azi devine funda\u021bia pentru ziua de m\u00e2ine. De aceea, este esen\u021bial s\u0103 ai toate informa\u021biile necesare pentru a lua cele mai bune decizii \u00een ceea ce prive\u0219te cariera \u0219i via\u021ba ta profesional\u0103.","breadcrumb":{"@id":"https:\/\/crinailiescu.ro\/produs\/sedinta-individuala-pentru-cariera\/#breadcrumb"},"inLanguage":"en-US","potentialAction":[{"@type":"ReadAction","target":["https:\/\/crinailiescu.ro\/produs\/sedinta-individuala-pentru-cariera\/"]}]},{"@type":"ImageObject","inLanguage":"en-US","@id":"https:\/\/crinailiescu.ro\/produs\/sedinta-individuala-pentru-cariera\/#primaryimage","url":"https:\/\/crinailiescu.ro\/wp-content\/uploads\/2024\/11\/Meetting-e1732136189204.jpeg","contentUrl":"https:\/\/crinailiescu.ro\/wp-content\/uploads\/2024\/11\/Meetting-e1732136189204.jpeg","width":900,"height":514},{"@type":"BreadcrumbList","@id":"https:\/\/crinailiescu.ro\/produs\/sedinta-individuala-pentru-cariera\/#breadcrumb","itemListElement":[{"@type":"ListItem","position":1,"name":"Prima pagin\u0103","item":"https:\/\/crinailiescu.ro\/ro\/"},{"@type":"ListItem","position":2,"name":"Products","item":"https:\/\/crinailiescu.ro\/en\/shop\/"},{"@type":"ListItem","position":3,"name":"Sedinta Individuala pentru Cariera"}]},{"@type":"WebSite","@id":"https:\/\/crinailiescu.ro\/#website","url":"https:\/\/crinailiescu.ro\/","name":"Feng Shui","description":"Feng Shui, Qi Men, BaZi, Selectare Date, Metafizica Chineza","potentialAction":[{"@type":"SearchAction","target":{"@type":"EntryPoint","urlTemplate":"https:\/\/crinailiescu.ro\/?s={search_term_string}"},"query-input":"required name=search_term_string"}],"inLanguage":"en-US"}]}},"_links":{"self":[{"href":"https:\/\/crinailiescu.ro\/en\/wp-json\/wp\/v2\/product\/53402"}],"collection":[{"href":"https:\/\/crinailiescu.ro\/en\/wp-json\/wp\/v2\/product"}],"about":[{"href":"https:\/\/crinailiescu.ro\/en\/wp-json\/wp\/v2\/types\/product"}],"replies":[{"embeddable":true,"href":"https:\/\/crinailiescu.ro\/en\/wp-json\/wp\/v2\/comments?post=53402"}],"wp:featuredmedia":[{"embeddable":true,"href":"https:\/\/crinailiescu.ro\/en\/wp-json\/wp\/v2\/media\/53403"}],"wp:attachment":[{"href":"https:\/\/crinailiescu.ro\/en\/wp-json\/wp\/v2\/media?parent=53402"}],"wp:term":[{"taxonomy":"product_cat","embeddable":true,"href":"https:\/\/crinailiescu.ro\/en\/wp-json\/wp\/v2\/product_cat?post=53402"},{"taxonomy":"product_tag","embeddable":true,"href":"https:\/\/crinailiescu.ro\/en\/wp-json\/wp\/v2\/product_tag?post=53402"}],"curies":[{"name":"wp","href":"https:\/\/api.w.org\/{rel}","templated":true}]}}