{"id":53425,"date":"2024-12-03T12:53:45","date_gmt":"2024-12-03T10:53:45","guid":{"rendered":"https:\/\/crinailiescu.ro\/?post_type=product&#038;p=53425"},"modified":"2025-01-20T13:39:09","modified_gmt":"2025-01-20T11:39:09","slug":"pachet-de-consultanta-cariera-bani-si-potential-financiar","status":"publish","type":"product","link":"https:\/\/crinailiescu.ro\/en\/product\/pachet-de-consultanta-cariera-bani-si-potential-financiar\/","title":{"rendered":"Pachet de Consultan\u021b\u0103 \u2013 Carier\u0103, Bani \u0219i Poten\u021bial Financiar"},"content":{"rendered":"<h1>Pachet de Consultan\u021b\u0103 \u2013 Carier\u0103, Bani \u0219i Poten\u021bial Financiar<\/h1>\n<div><\/div>\n<div>Durat\u0103: 1 lun\u0103 (3 \u00eent\u00e2lniri\/luna)<\/div>\n<div>Obiectiv: Descoper\u0103 cum po\u021bi folosi energia personal\u0103 \u0219i ciclurile favorabile pentru a-\u021bi maximiza poten\u021bialul financiar \u0219i succesul \u00een carier\u0103.<\/div>\n<p>&nbsp;<\/p>\n<h2>Ce vei ob\u021bine \u00een acest pachet?<\/h2>\n<div>\u2022Claritate: \u00cen\u021belege-\u021bi punctele forte, sl\u0103biciunile \u0219i cum s\u0103 le gestionezi.<\/div>\n<div>\u2022Strategie: Afli momentele optime pentru decizii financiare \u0219i pa\u0219ii concre\u021bi pentru a-\u021bi atinge obiectivele.<\/div>\n<div>\u2022Aliniere: G\u0103se\u0219ti cea mai bun\u0103 direc\u021bie pentru cariera ta \u0219i cum s\u0103 atragi oportunit\u0103\u021bile potrivite.<\/div>\n<p>&nbsp;<\/p>\n<h3>Structura \u00eent\u00e2lnirilor<\/h3>\n<p>\u00cent\u00e2lnirea 1: Analiza Personalizat\u0103<\/p>\n<div>\u2022Explor\u0103m harta natal\u0103 pentru a identifica:<\/div>\n<div>\u2022Elementele dominante \u0219i lipsurile tale. \/Energia care \u00ee\u021bi sus\u021bine cariera \u0219i fluxul financiar. \/Poten\u021bialul \u0219i provoc\u0103rile legate de bani.<\/div>\n<div>\u2022Descoperim dac\u0103 e\u0219ti pe drumul profesional potrivit sau dac\u0103 sunt direc\u021bii mai favorabile pentru tine.<\/div>\n<div><\/div>\n<p>&nbsp;<\/p>\n<p>\u00cent\u00e2lnirea 2: Planificarea \u0219i Strategia<\/p>\n<div>\u2022Stabilim pa\u0219i concre\u021bi pentru a-\u021bi optimiza c\u00e2\u0219tigurile financiare.<\/div>\n<div>\u2022Identific\u0103m perioadele benefice \u0219i cele de evitat pentru investi\u021bii, schimb\u0103ri sau negocieri.<\/div>\n<div>\u2022Discut\u0103m strategiile personalizate pentru a atrage mai mult\u0103 prosperitate \u0219i stabilitate.<\/div>\n<p>&nbsp;<\/p>\n<div><\/div>\n<p>\u00cent\u00e2lnirea 3: Alinierea Energiilor \u0219i Ac\u021biunilor<\/p>\n<div>\u2022Cum s\u0103 \u00ee\u021bi folose\u0219ti energia personal\u0103 \u00een carier\u0103 pentru a lucra mai eficient \u0219i \u00een armonie cu tine.<\/div>\n<div>\u2022Ajust\u0103ri finale la planurile financiare \u0219i profesionale, pe baza fluxului energetic al lunii \u00een curs.<\/div>\n<div>\u2022R\u0103spundem \u00eentreb\u0103rilor tale \u0219i \u00ee\u021bi oferim un ghid simplu pentru a continua pe termen lung.<\/div>\n<div><\/div>\n<p>&nbsp;<\/p>\n<h3>De ce s\u0103 alegi acest pachet?<\/h3>\n<div>\u2022Personalizat: Informa\u021biile sunt adaptate 100% la energia ta unic\u0103.<\/div>\n<div>\u2022Practic: Vei primi solu\u021bii aplicabile imediat, indiferent de contextul t\u0103u actual.<\/div>\n<div>\u2022Eficient: \u00cen doar o lun\u0103, vei avea o strategie clar\u0103 pentru a-\u021bi maximiza poten\u021bialul financiar \u0219i profesional.<\/div>\n<div><\/div>\n<div><\/div>\n<div>ATTENTIE: NU contine analiza locullui si plasarea de remedii<\/div>\n<p>&nbsp;<\/p>\n<h3><strong>Investi\u021bia ta: 1500 lei<\/strong><\/h3>\n<div><span style=\"color: #ff0000;\"><strong><em>** dupa efectuarea platii, confirmarea programarii se face la telefon 0753067607 sau email: contact@crinailiescu.ro<\/em><\/strong><\/span><\/div>\n<div><\/div>\n<p>&nbsp;<\/p>\n<div>\u00censcrieri: Trimite un mesaj privat pentru mai multe detalii \u0219i pentru a programa prima \u00eent\u00e2lnire!<\/div>\n<div>\u2714\ufe0f Redescoper\u0103-\u021bi poten\u021bialul.<\/div>\n<div>\u2714\ufe0f Creeaz\u0103 un plan care s\u0103 func\u021bioneze pentru tine.<\/div>\n<div>\u2714\ufe0f Atinge prosperitatea pe care o meri\u021bi!<\/div>\n<div><\/div>\n<p>&nbsp;<\/p>\n<div>\n<p>\u00cemi doresc s\u0103 te sprijin \u00een a-\u021bi descoperi potentialul tau financiar!!!<\/p>\n<p>A\u0219tept cu ner\u0103bdare s\u0103 lucr\u0103m \u00eempreun\u0103!<\/p>\n<\/div>","protected":false},"excerpt":{"rendered":"<p>Pachet de Consultan\u021b\u0103 \u2013 Carier\u0103, Bani \u0219i Poten\u021bial Financiar Durat\u0103: 1 lun\u0103 (3 \u00eent\u00e2lniri\/luna) Obiectiv: Descoper\u0103 cum po\u021bi folosi energia personal\u0103 \u0219i ciclurile favorabile pentru a-\u021bi maximiza poten\u021bialul financiar \u0219i succesul \u00een carier\u0103. &nbsp; Ce vei ob\u021bine \u00een acest pachet? \u2022Claritate: \u00cen\u021belege-\u021bi punctele forte, sl\u0103biciunile \u0219i cum s\u0103 le gestionezi. \u2022Strategie: Afli momentele optime pentru [&hellip;]<\/p>","protected":false},"featured_media":53426,"comment_status":"closed","ping_status":"closed","template":"","meta":{"_et_pb_use_builder":"","_et_pb_old_content":"","_et_gb_content_width":""},"product_cat":[135],"product_tag":[],"yoast_head":"<!-- This site is optimized with the Yoast SEO plugin v22.6 - https:\/\/yoast.com\/wordpress\/plugins\/seo\/ -->\n<title>Pachet de Consultan\u021b\u0103 \u2013 Carier\u0103, Bani \u0219i Poten\u021bial Financiar - Feng Shui<\/title>\n<meta name=\"description\" content=\"Carier\u0103, Bani \u0219i Poten\u021bial Financiar\u00a0Descoper\u0103 cum po\u021bi folosi energia personal\u0103 \u0219i ciclurile favorabile pentru a-\u021bi maximiza poten\u021bialul financiar \u0219i succesul \u00een carier\u0103.\" \/>\n<meta name=\"robots\" content=\"index, follow, max-snippet:-1, max-image-preview:large, max-video-preview:-1\" \/>\n<link rel=\"canonical\" href=\"https:\/\/crinailiescu.ro\/en\/product\/pachet-de-consultanta-cariera-bani-si-potential-financiar\/\" \/>\n<meta property=\"og:locale\" content=\"en_US\" \/>\n<meta property=\"og:type\" content=\"article\" \/>\n<meta property=\"og:title\" content=\"Pachet de Consultan\u021b\u0103 \u2013 Carier\u0103, Bani \u0219i Poten\u021bial Financiar - Feng Shui\" \/>\n<meta property=\"og:description\" content=\"Carier\u0103, Bani \u0219i Poten\u021bial Financiar\u00a0Descoper\u0103 cum po\u021bi folosi energia personal\u0103 \u0219i ciclurile favorabile pentru a-\u021bi maximiza poten\u021bialul financiar \u0219i succesul \u00een carier\u0103.\" \/>\n<meta property=\"og:url\" content=\"https:\/\/crinailiescu.ro\/en\/product\/pachet-de-consultanta-cariera-bani-si-potential-financiar\/\" \/>\n<meta property=\"og:site_name\" content=\"Feng Shui\" \/>\n<meta property=\"article:modified_time\" content=\"2025-01-20T11:39:09+00:00\" \/>\n<meta property=\"og:image\" content=\"https:\/\/crinailiescu.ro\/wp-content\/uploads\/2024\/12\/pachet-bani-e1733223130837.jpg\" \/>\n\t<meta property=\"og:image:width\" content=\"900\" \/>\n\t<meta property=\"og:image:height\" content=\"555\" \/>\n\t<meta property=\"og:image:type\" content=\"image\/jpeg\" \/>\n<meta name=\"twitter:card\" content=\"summary_large_image\" \/>\n<meta name=\"twitter:label1\" content=\"Est. reading time\" \/>\n\t<meta name=\"twitter:data1\" content=\"3 minutes\" \/>\n<script type=\"application\/ld+json\" class=\"yoast-schema-graph\">{\"@context\":\"https:\/\/schema.org\",\"@graph\":[{\"@type\":\"WebPage\",\"@id\":\"https:\/\/crinailiescu.ro\/produs\/pachet-de-consultanta-cariera-bani-si-potential-financiar\/\",\"url\":\"https:\/\/crinailiescu.ro\/produs\/pachet-de-consultanta-cariera-bani-si-potential-financiar\/\",\"name\":\"Pachet de Consultan\u021b\u0103 \u2013 Carier\u0103, Bani \u0219i Poten\u021bial Financiar - Feng Shui\",\"isPartOf\":{\"@id\":\"https:\/\/crinailiescu.ro\/#website\"},\"primaryImageOfPage\":{\"@id\":\"https:\/\/crinailiescu.ro\/produs\/pachet-de-consultanta-cariera-bani-si-potential-financiar\/#primaryimage\"},\"image\":{\"@id\":\"https:\/\/crinailiescu.ro\/produs\/pachet-de-consultanta-cariera-bani-si-potential-financiar\/#primaryimage\"},\"thumbnailUrl\":\"https:\/\/crinailiescu.ro\/wp-content\/uploads\/2024\/12\/pachet-bani-e1733223130837.jpg\",\"datePublished\":\"2024-12-03T10:53:45+00:00\",\"dateModified\":\"2025-01-20T11:39:09+00:00\",\"description\":\"Carier\u0103, Bani \u0219i Poten\u021bial Financiar\u00a0Descoper\u0103 cum po\u021bi folosi energia personal\u0103 \u0219i ciclurile favorabile pentru a-\u021bi maximiza poten\u021bialul financiar \u0219i succesul \u00een carier\u0103.\",\"breadcrumb\":{\"@id\":\"https:\/\/crinailiescu.ro\/produs\/pachet-de-consultanta-cariera-bani-si-potential-financiar\/#breadcrumb\"},\"inLanguage\":\"en-US\",\"potentialAction\":[{\"@type\":\"ReadAction\",\"target\":[\"https:\/\/crinailiescu.ro\/produs\/pachet-de-consultanta-cariera-bani-si-potential-financiar\/\"]}]},{\"@type\":\"ImageObject\",\"inLanguage\":\"en-US\",\"@id\":\"https:\/\/crinailiescu.ro\/produs\/pachet-de-consultanta-cariera-bani-si-potential-financiar\/#primaryimage\",\"url\":\"https:\/\/crinailiescu.ro\/wp-content\/uploads\/2024\/12\/pachet-bani-e1733223130837.jpg\",\"contentUrl\":\"https:\/\/crinailiescu.ro\/wp-content\/uploads\/2024\/12\/pachet-bani-e1733223130837.jpg\",\"width\":900,\"height\":555},{\"@type\":\"BreadcrumbList\",\"@id\":\"https:\/\/crinailiescu.ro\/produs\/pachet-de-consultanta-cariera-bani-si-potential-financiar\/#breadcrumb\",\"itemListElement\":[{\"@type\":\"ListItem\",\"position\":1,\"name\":\"Prima pagin\u0103\",\"item\":\"https:\/\/crinailiescu.ro\/ro\/\"},{\"@type\":\"ListItem\",\"position\":2,\"name\":\"Products\",\"item\":\"https:\/\/crinailiescu.ro\/en\/shop\/\"},{\"@type\":\"ListItem\",\"position\":3,\"name\":\"Pachet de Consultan\u021b\u0103 \u2013 Carier\u0103, Bani \u0219i Poten\u021bial Financiar\"}]},{\"@type\":\"WebSite\",\"@id\":\"https:\/\/crinailiescu.ro\/#website\",\"url\":\"https:\/\/crinailiescu.ro\/\",\"name\":\"Feng Shui\",\"description\":\"Feng Shui, Qi Men, BaZi, Selectare Date, Metafizica Chineza\",\"potentialAction\":[{\"@type\":\"SearchAction\",\"target\":{\"@type\":\"EntryPoint\",\"urlTemplate\":\"https:\/\/crinailiescu.ro\/?s={search_term_string}\"},\"query-input\":\"required name=search_term_string\"}],\"inLanguage\":\"en-US\"}]}<\/script>\n<!-- \/ Yoast SEO plugin. -->","yoast_head_json":{"title":"Pachet de Consultan\u021b\u0103 \u2013 Carier\u0103, Bani \u0219i Poten\u021bial Financiar - Feng Shui","description":"Carier\u0103, Bani \u0219i Poten\u021bial Financiar\u00a0Descoper\u0103 cum po\u021bi folosi energia personal\u0103 \u0219i ciclurile favorabile pentru a-\u021bi maximiza poten\u021bialul financiar \u0219i succesul \u00een carier\u0103.","robots":{"index":"index","follow":"follow","max-snippet":"max-snippet:-1","max-image-preview":"max-image-preview:large","max-video-preview":"max-video-preview:-1"},"canonical":"https:\/\/crinailiescu.ro\/en\/product\/pachet-de-consultanta-cariera-bani-si-potential-financiar\/","og_locale":"en_US","og_type":"article","og_title":"Pachet de Consultan\u021b\u0103 \u2013 Carier\u0103, Bani \u0219i Poten\u021bial Financiar - Feng Shui","og_description":"Carier\u0103, Bani \u0219i Poten\u021bial Financiar\u00a0Descoper\u0103 cum po\u021bi folosi energia personal\u0103 \u0219i ciclurile favorabile pentru a-\u021bi maximiza poten\u021bialul financiar \u0219i succesul \u00een carier\u0103.","og_url":"https:\/\/crinailiescu.ro\/en\/product\/pachet-de-consultanta-cariera-bani-si-potential-financiar\/","og_site_name":"Feng Shui","article_modified_time":"2025-01-20T11:39:09+00:00","og_image":[{"width":900,"height":555,"url":"https:\/\/crinailiescu.ro\/wp-content\/uploads\/2024\/12\/pachet-bani-e1733223130837.jpg","type":"image\/jpeg"}],"twitter_card":"summary_large_image","twitter_misc":{"Est. reading time":"3 minutes"},"schema":{"@context":"https:\/\/schema.org","@graph":[{"@type":"WebPage","@id":"https:\/\/crinailiescu.ro\/produs\/pachet-de-consultanta-cariera-bani-si-potential-financiar\/","url":"https:\/\/crinailiescu.ro\/produs\/pachet-de-consultanta-cariera-bani-si-potential-financiar\/","name":"Pachet de Consultan\u021b\u0103 \u2013 Carier\u0103, Bani \u0219i Poten\u021bial Financiar - Feng Shui","isPartOf":{"@id":"https:\/\/crinailiescu.ro\/#website"},"primaryImageOfPage":{"@id":"https:\/\/crinailiescu.ro\/produs\/pachet-de-consultanta-cariera-bani-si-potential-financiar\/#primaryimage"},"image":{"@id":"https:\/\/crinailiescu.ro\/produs\/pachet-de-consultanta-cariera-bani-si-potential-financiar\/#primaryimage"},"thumbnailUrl":"https:\/\/crinailiescu.ro\/wp-content\/uploads\/2024\/12\/pachet-bani-e1733223130837.jpg","datePublished":"2024-12-03T10:53:45+00:00","dateModified":"2025-01-20T11:39:09+00:00","description":"Carier\u0103, Bani \u0219i Poten\u021bial Financiar\u00a0Descoper\u0103 cum po\u021bi folosi energia personal\u0103 \u0219i ciclurile favorabile pentru a-\u021bi maximiza poten\u021bialul financiar \u0219i succesul \u00een carier\u0103.","breadcrumb":{"@id":"https:\/\/crinailiescu.ro\/produs\/pachet-de-consultanta-cariera-bani-si-potential-financiar\/#breadcrumb"},"inLanguage":"en-US","potentialAction":[{"@type":"ReadAction","target":["https:\/\/crinailiescu.ro\/produs\/pachet-de-consultanta-cariera-bani-si-potential-financiar\/"]}]},{"@type":"ImageObject","inLanguage":"en-US","@id":"https:\/\/crinailiescu.ro\/produs\/pachet-de-consultanta-cariera-bani-si-potential-financiar\/#primaryimage","url":"https:\/\/crinailiescu.ro\/wp-content\/uploads\/2024\/12\/pachet-bani-e1733223130837.jpg","contentUrl":"https:\/\/crinailiescu.ro\/wp-content\/uploads\/2024\/12\/pachet-bani-e1733223130837.jpg","width":900,"height":555},{"@type":"BreadcrumbList","@id":"https:\/\/crinailiescu.ro\/produs\/pachet-de-consultanta-cariera-bani-si-potential-financiar\/#breadcrumb","itemListElement":[{"@type":"ListItem","position":1,"name":"Prima pagin\u0103","item":"https:\/\/crinailiescu.ro\/ro\/"},{"@type":"ListItem","position":2,"name":"Products","item":"https:\/\/crinailiescu.ro\/en\/shop\/"},{"@type":"ListItem","position":3,"name":"Pachet de Consultan\u021b\u0103 \u2013 Carier\u0103, Bani \u0219i Poten\u021bial Financiar"}]},{"@type":"WebSite","@id":"https:\/\/crinailiescu.ro\/#website","url":"https:\/\/crinailiescu.ro\/","name":"Feng Shui","description":"Feng Shui, Qi Men, BaZi, Selectare Date, Metafizica Chineza","potentialAction":[{"@type":"SearchAction","target":{"@type":"EntryPoint","urlTemplate":"https:\/\/crinailiescu.ro\/?s={search_term_string}"},"query-input":"required name=search_term_string"}],"inLanguage":"en-US"}]}},"_links":{"self":[{"href":"https:\/\/crinailiescu.ro\/en\/wp-json\/wp\/v2\/product\/53425"}],"collection":[{"href":"https:\/\/crinailiescu.ro\/en\/wp-json\/wp\/v2\/product"}],"about":[{"href":"https:\/\/crinailiescu.ro\/en\/wp-json\/wp\/v2\/types\/product"}],"replies":[{"embeddable":true,"href":"https:\/\/crinailiescu.ro\/en\/wp-json\/wp\/v2\/comments?post=53425"}],"wp:featuredmedia":[{"embeddable":true,"href":"https:\/\/crinailiescu.ro\/en\/wp-json\/wp\/v2\/media\/53426"}],"wp:attachment":[{"href":"https:\/\/crinailiescu.ro\/en\/wp-json\/wp\/v2\/media?parent=53425"}],"wp:term":[{"taxonomy":"product_cat","embeddable":true,"href":"https:\/\/crinailiescu.ro\/en\/wp-json\/wp\/v2\/product_cat?post=53425"},{"taxonomy":"product_tag","embeddable":true,"href":"https:\/\/crinailiescu.ro\/en\/wp-json\/wp\/v2\/product_tag?post=53425"}],"curies":[{"name":"wp","href":"https:\/\/api.w.org\/{rel}","templated":true}]}}