{"id":53558,"date":"2025-05-10T14:15:51","date_gmt":"2025-05-10T11:15:51","guid":{"rendered":"https:\/\/crinailiescu.ro\/?post_type=product&#038;p=53558"},"modified":"2025-10-15T11:56:54","modified_gmt":"2025-10-15T08:56:54","slug":"unde-esti-ce-urmeaza-ce-ai-de-facut","status":"publish","type":"product","link":"https:\/\/crinailiescu.ro\/en\/product\/unde-esti-ce-urmeaza-ce-ai-de-facut\/","title":{"rendered":"Unde e\u0219ti. Ce urmeaz\u0103. Ce ai de f\u0103cut."},"content":{"rendered":"<p class=\"\" data-start=\"238\" data-end=\"280\"><strong data-start=\"238\" data-end=\"280\">Unde e\u0219ti. Ce urmeaz\u0103. Ce ai de f\u0103cut.<\/strong><\/p>\n<p class=\"\" data-start=\"282\" data-end=\"606\">\u00centr-un mediu \u00een continu\u0103 schimbare, este esen\u021bial s\u0103 ai o imagine clar\u0103 asupra pozi\u021biei actuale a afacerii tale \u0219i a direc\u021biei \u00een care se \u00eendreapt\u0103. Acest serviciu este conceput special pentru antreprenorii \u0219i liderii care \u00ee\u0219i doresc nu doar r\u0103spunsuri, ci \u0219i <strong data-start=\"543\" data-end=\"561\">ghidaj concret<\/strong> pentru a lua decizii inspirate \u0219i eficiente.<\/p>\n<p class=\"\" data-start=\"608\" data-end=\"632\"><strong data-start=\"611\" data-end=\"632\">Ce ob\u021bii concret:<\/strong><\/p>\n<ul data-start=\"633\" data-end=\"1086\">\n<li class=\"\" data-start=\"633\" data-end=\"740\">\n<p class=\"\" data-start=\"635\" data-end=\"740\">O radiografie clar\u0103 a momentului actual \u00een care se afl\u0103 businessul t\u0103u: provoc\u0103ri, blocaje, oportunit\u0103\u021bi.<\/p>\n<\/li>\n<li class=\"\" data-start=\"741\" data-end=\"869\">\n<p class=\"\" data-start=\"743\" data-end=\"869\">Previziuni personalizate pentru urm\u0103toarele luni: la ce s\u0103 fii atent, ce energii sau influen\u021be se activeaz\u0103 \u00een activitatea ta.<\/p>\n<\/li>\n<li class=\"\" data-start=\"870\" data-end=\"984\">\n<p class=\"\" data-start=\"872\" data-end=\"984\">Recomand\u0103ri punctuale pentru cre\u0219tere, protec\u021bie \u0219i direc\u021bionare: ce e bine s\u0103 activezi, ce e mai bine s\u0103 evi\u021bi.<\/p>\n<\/li>\n<li class=\"\" data-start=\"985\" data-end=\"1086\">\n<p class=\"\" data-start=\"987\" data-end=\"1086\">Sprijin \u00een luarea deciziilor importante: lans\u0103ri, parteneriate, investi\u021bii, schimb\u0103ri de strategie.<\/p>\n<\/li>\n<\/ul>\n<p class=\"\" data-start=\"1088\" data-end=\"1128\"><strong>\u00a0Acest serviciu este pentru tine dac\u0103:<\/strong><\/p>\n<ul data-start=\"1129\" data-end=\"1327\">\n<li class=\"\" data-start=\"1129\" data-end=\"1202\">\n<p class=\"\" data-start=\"1131\" data-end=\"1202\">Sim\u021bi c\u0103 businessul t\u0103u a ajuns \u00eentr-un punct de stagnare sau confuzie.<\/p>\n<\/li>\n<li class=\"\" data-start=\"1203\" data-end=\"1266\">\n<p class=\"\" data-start=\"1205\" data-end=\"1266\">Vrei s\u0103-\u021bi aliniezi alegerile cu un plan mai clar \u0219i coerent.<\/p>\n<\/li>\n<li class=\"\" data-start=\"1267\" data-end=\"1327\">\n<p class=\"\" data-start=\"1269\" data-end=\"1327\">Ai nevoie de un moment de resetare, reflec\u021bie \u0219i direc\u021bie.<\/p>\n<\/li>\n<\/ul>\n<p class=\"\" data-start=\"1329\" data-end=\"1489\">Fiecare sesiune este personalizat\u0103, ghidat\u0103 cu aten\u021bie \u0219i adaptat\u0103 la nevoile tale actuale \u2013 pentru ca tu s\u0103 iei decizii \u00een cuno\u0219tin\u021b\u0103 de cauz\u0103 \u0219i cu \u00eencredere.<\/p>\n<h1><span style=\"color: #ff0000;\"><strong><em>** dupa efectuarea platii, confirmarea programarii se face la telefon 0753067607 sau email: contact@crinailiescu.ro<\/em><\/strong><\/span><\/h1>\n<p>\u00cemi doresc s\u0103 te sprijin \u00een a-\u021bi descoperi direc\u021bia care \u021bi se potrive\u0219te cel mai bine!<\/p>\n<p>A\u0219tept cu ner\u0103bdare s\u0103 lucr\u0103m \u00eempreun\u0103!<\/p>\n<p>&nbsp;<\/p>","protected":false},"excerpt":{"rendered":"<p>Unde e\u0219ti. Ce urmeaz\u0103. Ce ai de f\u0103cut. \u00centr-un mediu \u00een continu\u0103 schimbare, este esen\u021bial s\u0103 ai o imagine clar\u0103 asupra pozi\u021biei actuale a afacerii tale \u0219i a direc\u021biei \u00een care se \u00eendreapt\u0103. Acest serviciu este conceput special pentru antreprenorii \u0219i liderii care \u00ee\u0219i doresc nu doar r\u0103spunsuri, ci \u0219i ghidaj concret pentru a lua [&hellip;]<\/p>","protected":false},"featured_media":53559,"comment_status":"closed","ping_status":"closed","template":"","meta":{"_et_pb_use_builder":"","_et_pb_old_content":"","_et_gb_content_width":""},"product_cat":[44,135],"product_tag":[],"yoast_head":"<!-- This site is optimized with the Yoast SEO plugin v22.6 - https:\/\/yoast.com\/wordpress\/plugins\/seo\/ -->\n<title>Unde e\u0219ti. Ce urmeaz\u0103. Ce ai de f\u0103cut. - Feng Shui<\/title>\n<meta name=\"description\" content=\"\u00centr-un mediu \u00een continu\u0103 schimbare, este esen\u021bial s\u0103 ai o imagine clar\u0103 asupra pozi\u021biei actuale a afacerii tale \u0219i a direc\u021biei \u00een care se \u00eendreapt\u0103\" \/>\n<meta name=\"robots\" content=\"index, follow, max-snippet:-1, max-image-preview:large, max-video-preview:-1\" \/>\n<link rel=\"canonical\" href=\"https:\/\/crinailiescu.ro\/en\/product\/unde-esti-ce-urmeaza-ce-ai-de-facut\/\" \/>\n<meta property=\"og:locale\" content=\"en_US\" \/>\n<meta property=\"og:type\" content=\"article\" \/>\n<meta property=\"og:title\" content=\"Unde e\u0219ti. Ce urmeaz\u0103. Ce ai de f\u0103cut. - Feng Shui\" \/>\n<meta property=\"og:description\" content=\"\u00centr-un mediu \u00een continu\u0103 schimbare, este esen\u021bial s\u0103 ai o imagine clar\u0103 asupra pozi\u021biei actuale a afacerii tale \u0219i a direc\u021biei \u00een care se \u00eendreapt\u0103\" \/>\n<meta property=\"og:url\" content=\"https:\/\/crinailiescu.ro\/en\/product\/unde-esti-ce-urmeaza-ce-ai-de-facut\/\" \/>\n<meta property=\"og:site_name\" content=\"Feng Shui\" \/>\n<meta property=\"article:modified_time\" content=\"2025-10-15T08:56:54+00:00\" \/>\n<meta property=\"og:image\" content=\"https:\/\/crinailiescu.ro\/wp-content\/uploads\/2025\/05\/Businessul.jpg\" \/>\n\t<meta property=\"og:image:width\" content=\"1280\" \/>\n\t<meta property=\"og:image:height\" content=\"853\" \/>\n\t<meta property=\"og:image:type\" content=\"image\/jpeg\" \/>\n<meta name=\"twitter:card\" content=\"summary_large_image\" \/>\n<meta name=\"twitter:label1\" content=\"Est. reading time\" \/>\n\t<meta name=\"twitter:data1\" content=\"2 minutes\" \/>\n<script type=\"application\/ld+json\" class=\"yoast-schema-graph\">{\"@context\":\"https:\/\/schema.org\",\"@graph\":[{\"@type\":\"WebPage\",\"@id\":\"https:\/\/crinailiescu.ro\/produs\/unde-esti-ce-urmeaza-ce-ai-de-facut\/\",\"url\":\"https:\/\/crinailiescu.ro\/produs\/unde-esti-ce-urmeaza-ce-ai-de-facut\/\",\"name\":\"Unde e\u0219ti. Ce urmeaz\u0103. Ce ai de f\u0103cut. - Feng Shui\",\"isPartOf\":{\"@id\":\"https:\/\/crinailiescu.ro\/#website\"},\"primaryImageOfPage\":{\"@id\":\"https:\/\/crinailiescu.ro\/produs\/unde-esti-ce-urmeaza-ce-ai-de-facut\/#primaryimage\"},\"image\":{\"@id\":\"https:\/\/crinailiescu.ro\/produs\/unde-esti-ce-urmeaza-ce-ai-de-facut\/#primaryimage\"},\"thumbnailUrl\":\"https:\/\/crinailiescu.ro\/wp-content\/uploads\/2025\/05\/Businessul.jpg\",\"datePublished\":\"2025-05-10T11:15:51+00:00\",\"dateModified\":\"2025-10-15T08:56:54+00:00\",\"description\":\"\u00centr-un mediu \u00een continu\u0103 schimbare, este esen\u021bial s\u0103 ai o imagine clar\u0103 asupra pozi\u021biei actuale a afacerii tale \u0219i a direc\u021biei \u00een care se \u00eendreapt\u0103\",\"breadcrumb\":{\"@id\":\"https:\/\/crinailiescu.ro\/produs\/unde-esti-ce-urmeaza-ce-ai-de-facut\/#breadcrumb\"},\"inLanguage\":\"en-US\",\"potentialAction\":[{\"@type\":\"ReadAction\",\"target\":[\"https:\/\/crinailiescu.ro\/produs\/unde-esti-ce-urmeaza-ce-ai-de-facut\/\"]}]},{\"@type\":\"ImageObject\",\"inLanguage\":\"en-US\",\"@id\":\"https:\/\/crinailiescu.ro\/produs\/unde-esti-ce-urmeaza-ce-ai-de-facut\/#primaryimage\",\"url\":\"https:\/\/crinailiescu.ro\/wp-content\/uploads\/2025\/05\/Businessul.jpg\",\"contentUrl\":\"https:\/\/crinailiescu.ro\/wp-content\/uploads\/2025\/05\/Businessul.jpg\",\"width\":1280,\"height\":853},{\"@type\":\"BreadcrumbList\",\"@id\":\"https:\/\/crinailiescu.ro\/produs\/unde-esti-ce-urmeaza-ce-ai-de-facut\/#breadcrumb\",\"itemListElement\":[{\"@type\":\"ListItem\",\"position\":1,\"name\":\"Prima pagin\u0103\",\"item\":\"https:\/\/crinailiescu.ro\/ro\/\"},{\"@type\":\"ListItem\",\"position\":2,\"name\":\"Products\",\"item\":\"https:\/\/crinailiescu.ro\/en\/shop\/\"},{\"@type\":\"ListItem\",\"position\":3,\"name\":\"Unde e\u0219ti. Ce urmeaz\u0103. Ce ai de f\u0103cut.\"}]},{\"@type\":\"WebSite\",\"@id\":\"https:\/\/crinailiescu.ro\/#website\",\"url\":\"https:\/\/crinailiescu.ro\/\",\"name\":\"Feng Shui\",\"description\":\"Feng Shui, Qi Men, BaZi, Selectare Date, Metafizica Chineza\",\"potentialAction\":[{\"@type\":\"SearchAction\",\"target\":{\"@type\":\"EntryPoint\",\"urlTemplate\":\"https:\/\/crinailiescu.ro\/?s={search_term_string}\"},\"query-input\":\"required name=search_term_string\"}],\"inLanguage\":\"en-US\"}]}<\/script>\n<!-- \/ Yoast SEO plugin. -->","yoast_head_json":{"title":"Unde e\u0219ti. Ce urmeaz\u0103. Ce ai de f\u0103cut. - Feng Shui","description":"\u00centr-un mediu \u00een continu\u0103 schimbare, este esen\u021bial s\u0103 ai o imagine clar\u0103 asupra pozi\u021biei actuale a afacerii tale \u0219i a direc\u021biei \u00een care se \u00eendreapt\u0103","robots":{"index":"index","follow":"follow","max-snippet":"max-snippet:-1","max-image-preview":"max-image-preview:large","max-video-preview":"max-video-preview:-1"},"canonical":"https:\/\/crinailiescu.ro\/en\/product\/unde-esti-ce-urmeaza-ce-ai-de-facut\/","og_locale":"en_US","og_type":"article","og_title":"Unde e\u0219ti. Ce urmeaz\u0103. Ce ai de f\u0103cut. - Feng Shui","og_description":"\u00centr-un mediu \u00een continu\u0103 schimbare, este esen\u021bial s\u0103 ai o imagine clar\u0103 asupra pozi\u021biei actuale a afacerii tale \u0219i a direc\u021biei \u00een care se \u00eendreapt\u0103","og_url":"https:\/\/crinailiescu.ro\/en\/product\/unde-esti-ce-urmeaza-ce-ai-de-facut\/","og_site_name":"Feng Shui","article_modified_time":"2025-10-15T08:56:54+00:00","og_image":[{"width":1280,"height":853,"url":"https:\/\/crinailiescu.ro\/wp-content\/uploads\/2025\/05\/Businessul.jpg","type":"image\/jpeg"}],"twitter_card":"summary_large_image","twitter_misc":{"Est. reading time":"2 minutes"},"schema":{"@context":"https:\/\/schema.org","@graph":[{"@type":"WebPage","@id":"https:\/\/crinailiescu.ro\/produs\/unde-esti-ce-urmeaza-ce-ai-de-facut\/","url":"https:\/\/crinailiescu.ro\/produs\/unde-esti-ce-urmeaza-ce-ai-de-facut\/","name":"Unde e\u0219ti. Ce urmeaz\u0103. Ce ai de f\u0103cut. - Feng Shui","isPartOf":{"@id":"https:\/\/crinailiescu.ro\/#website"},"primaryImageOfPage":{"@id":"https:\/\/crinailiescu.ro\/produs\/unde-esti-ce-urmeaza-ce-ai-de-facut\/#primaryimage"},"image":{"@id":"https:\/\/crinailiescu.ro\/produs\/unde-esti-ce-urmeaza-ce-ai-de-facut\/#primaryimage"},"thumbnailUrl":"https:\/\/crinailiescu.ro\/wp-content\/uploads\/2025\/05\/Businessul.jpg","datePublished":"2025-05-10T11:15:51+00:00","dateModified":"2025-10-15T08:56:54+00:00","description":"\u00centr-un mediu \u00een continu\u0103 schimbare, este esen\u021bial s\u0103 ai o imagine clar\u0103 asupra pozi\u021biei actuale a afacerii tale \u0219i a direc\u021biei \u00een care se \u00eendreapt\u0103","breadcrumb":{"@id":"https:\/\/crinailiescu.ro\/produs\/unde-esti-ce-urmeaza-ce-ai-de-facut\/#breadcrumb"},"inLanguage":"en-US","potentialAction":[{"@type":"ReadAction","target":["https:\/\/crinailiescu.ro\/produs\/unde-esti-ce-urmeaza-ce-ai-de-facut\/"]}]},{"@type":"ImageObject","inLanguage":"en-US","@id":"https:\/\/crinailiescu.ro\/produs\/unde-esti-ce-urmeaza-ce-ai-de-facut\/#primaryimage","url":"https:\/\/crinailiescu.ro\/wp-content\/uploads\/2025\/05\/Businessul.jpg","contentUrl":"https:\/\/crinailiescu.ro\/wp-content\/uploads\/2025\/05\/Businessul.jpg","width":1280,"height":853},{"@type":"BreadcrumbList","@id":"https:\/\/crinailiescu.ro\/produs\/unde-esti-ce-urmeaza-ce-ai-de-facut\/#breadcrumb","itemListElement":[{"@type":"ListItem","position":1,"name":"Prima pagin\u0103","item":"https:\/\/crinailiescu.ro\/ro\/"},{"@type":"ListItem","position":2,"name":"Products","item":"https:\/\/crinailiescu.ro\/en\/shop\/"},{"@type":"ListItem","position":3,"name":"Unde e\u0219ti. Ce urmeaz\u0103. Ce ai de f\u0103cut."}]},{"@type":"WebSite","@id":"https:\/\/crinailiescu.ro\/#website","url":"https:\/\/crinailiescu.ro\/","name":"Feng Shui","description":"Feng Shui, Qi Men, BaZi, Selectare Date, Metafizica Chineza","potentialAction":[{"@type":"SearchAction","target":{"@type":"EntryPoint","urlTemplate":"https:\/\/crinailiescu.ro\/?s={search_term_string}"},"query-input":"required name=search_term_string"}],"inLanguage":"en-US"}]}},"_links":{"self":[{"href":"https:\/\/crinailiescu.ro\/en\/wp-json\/wp\/v2\/product\/53558"}],"collection":[{"href":"https:\/\/crinailiescu.ro\/en\/wp-json\/wp\/v2\/product"}],"about":[{"href":"https:\/\/crinailiescu.ro\/en\/wp-json\/wp\/v2\/types\/product"}],"replies":[{"embeddable":true,"href":"https:\/\/crinailiescu.ro\/en\/wp-json\/wp\/v2\/comments?post=53558"}],"wp:featuredmedia":[{"embeddable":true,"href":"https:\/\/crinailiescu.ro\/en\/wp-json\/wp\/v2\/media\/53559"}],"wp:attachment":[{"href":"https:\/\/crinailiescu.ro\/en\/wp-json\/wp\/v2\/media?parent=53558"}],"wp:term":[{"taxonomy":"product_cat","embeddable":true,"href":"https:\/\/crinailiescu.ro\/en\/wp-json\/wp\/v2\/product_cat?post=53558"},{"taxonomy":"product_tag","embeddable":true,"href":"https:\/\/crinailiescu.ro\/en\/wp-json\/wp\/v2\/product_tag?post=53558"}],"curies":[{"name":"wp","href":"https:\/\/api.w.org\/{rel}","templated":true}]}}