{"id":53608,"date":"2025-10-09T17:14:28","date_gmt":"2025-10-09T14:14:28","guid":{"rendered":"https:\/\/crinailiescu.ro\/?post_type=product&#038;p=53608"},"modified":"2025-11-03T15:12:40","modified_gmt":"2025-11-03T13:12:40","slug":"sedinta-de-claritate","status":"publish","type":"product","link":"https:\/\/crinailiescu.ro\/en\/product\/sedinta-de-claritate\/","title":{"rendered":"\u0218edin\u021b\u0103 de Claritate"},"content":{"rendered":"<p data-start=\"306\" data-end=\"477\">Uneori, sim\u021bi c\u0103 ai f\u0103cut tot ce \u021binea de tine \u2014 \u0219i totu\u0219i, lucrurile nu se mi\u0219c\u0103.<br data-start=\"388\" data-end=\"391\" \/>Te str\u0103duie\u0219ti, planifici, cau\u021bi solu\u021bii, dar parc\u0103 <strong data-start=\"443\" data-end=\"474\">lipse\u0219te o pies\u0103 din puzzle<\/strong>.<\/p>\n<p data-start=\"479\" data-end=\"498\">Aici intervin eu.<\/p>\n<p data-start=\"500\" data-end=\"713\">Eu nu-\u021bi spun doar <em data-start=\"519\" data-end=\"531\">ce s\u0103 faci<\/em>, ci te ajut s\u0103 vezi <strong data-start=\"552\" data-end=\"576\">unde e blocajul real<\/strong> \u2014 acolo unde nici nu te-ai g\u00e2ndit s\u0103 cau\u021bi.<br data-start=\"620\" data-end=\"623\" \/>Astfel, descoperim \u00eempreun\u0103:<\/p>\n<ul data-start=\"714\" data-end=\"945\">\n<li data-start=\"714\" data-end=\"789\">\n<p data-start=\"716\" data-end=\"789\"><strong data-start=\"716\" data-end=\"755\">de ce unele lucruri nu func\u021bioneaz\u0103<\/strong>, oric\u00e2t de mult te-ai str\u0103duit,<\/p>\n<\/li>\n<li data-start=\"790\" data-end=\"836\">\n<p data-start=\"792\" data-end=\"836\"><strong data-start=\"792\" data-end=\"833\">unde e direc\u021bia potrivit\u0103 pentru tine<\/strong>,<\/p>\n<\/li>\n<li data-start=\"837\" data-end=\"945\">\n<p data-start=\"839\" data-end=\"945\">\u0219i <strong data-start=\"842\" data-end=\"882\">cum s\u0103-\u021bi folose\u0219ti energia natural\u0103<\/strong> pentru a atrage rezultate, oameni \u0219i oportunit\u0103\u021bi potrivite.<\/p>\n<\/li>\n<\/ul>\n<p data-start=\"947\" data-end=\"1083\"><br data-start=\"1001\" data-end=\"1004\" \/>Nu e magie, dar <strong data-start=\"1020\" data-end=\"1034\">pare magie<\/strong> c\u00e2nd vezi c\u00e2t de repede se aliniaz\u0103 lucrurile.<\/p>\n<p data-start=\"1085\" data-end=\"1235\">Dac\u0103 sim\u021bi c\u0103 e momentul s\u0103 faci un pas \u00eenainte \u2014 dar f\u0103r\u0103 s\u0103 repe\u021bi acelea\u0219i gre\u0219eli \u2014<br data-start=\"1175\" data-end=\"1178\" \/>atunci <strong data-start=\"1185\" data-end=\"1233\">lucrul cu mine este locul de unde s\u0103 \u00eencepi.<\/strong><\/p>\n<h1 data-start=\"1582\" data-end=\"1611\">Este pentru tine dac\u0103:<\/h1>\n<ul data-start=\"1612\" data-end=\"1951\">\n<li data-start=\"1612\" data-end=\"1708\">\n<p data-start=\"1614\" data-end=\"1708\">Sim\u021bi c\u0103 e\u0219ti la o r\u0103scruce \u00eentre mai multe decizii (carier\u0103, business, colabor\u0103ri, mutare);<\/p>\n<\/li>\n<li data-start=\"1709\" data-end=\"1770\">\n<p data-start=\"1711\" data-end=\"1770\">Ai o afacere, dar nu mai \u0219tii unde s\u0103 o duci mai departe;<\/p>\n<\/li>\n<li data-start=\"1771\" data-end=\"1825\">\n<p data-start=\"1773\" data-end=\"1825\">Cau\u021bi claritate \u00eenainte de o schimbare important\u0103;<\/p>\n<\/li>\n<li data-start=\"1826\" data-end=\"1881\">\n<p data-start=\"1828\" data-end=\"1881\">Ai nevoie de confirmare c\u0103 e\u0219ti pe drumul potrivit;<\/p>\n<\/li>\n<li data-start=\"1882\" data-end=\"1951\">Vrei o direc\u021bie <strong data-start=\"1900\" data-end=\"1948\">aliniat\u0103 cu energia \u0219i momentul t\u0103u personal<\/strong>.<br \/>\n<h1>Ce prime\u0219ti:<\/h1>\n<ul data-start=\"1978\" data-end=\"2260\">\n<li data-start=\"1978\" data-end=\"2058\">40 minute de sesiune 1:1 online cu <strong data-start=\"2015\" data-end=\"2032\">Crina\u00a0<\/strong><\/li>\n<li data-start=\"2059\" data-end=\"2110\">Analiza personalizat\u0103 in functie de nevoile tale<\/li>\n<li data-start=\"2111\" data-end=\"2178\">Recomand\u0103ri clare privind direc\u021bii, decizii \u0219i timing potrivit;<\/li>\n<li data-start=\"2179\" data-end=\"2260\">Concluzii \u0219i sfaturile cheie pentru perioada urm\u0103toare.<br \/>\n<h1 data-start=\"2529\" data-end=\"2555\">Pre\u021b: <strong data-start=\"2542\" data-end=\"2553\">400 lei<\/strong><\/h1>\n<p data-start=\"2556\" data-end=\"2721\"><span style=\"color: #ff0000;\">Dup\u0103 finalizarea comenzii, vei fi contactat(\u0103) pentru stabilirea program\u0103rii.<\/span><\/p>\n<\/li>\n<\/ul>\n<\/li>\n<\/ul>","protected":false},"excerpt":{"rendered":"<p>Uneori, sim\u021bi c\u0103 ai f\u0103cut tot ce \u021binea de tine \u2014 \u0219i totu\u0219i, lucrurile nu se mi\u0219c\u0103.Te str\u0103duie\u0219ti, planifici, cau\u021bi solu\u021bii, dar parc\u0103 lipse\u0219te o pies\u0103 din puzzle. Aici intervin eu. Eu nu-\u021bi spun doar ce s\u0103 faci, ci te ajut s\u0103 vezi unde e blocajul real \u2014 acolo unde nici nu te-ai g\u00e2ndit s\u0103 [&hellip;]<\/p>","protected":false},"featured_media":53609,"comment_status":"closed","ping_status":"closed","template":"","meta":{"_et_pb_use_builder":"","_et_pb_old_content":"","_et_gb_content_width":""},"product_cat":[135],"product_tag":[],"yoast_head":"<!-- This site is optimized with the Yoast SEO plugin v22.6 - https:\/\/yoast.com\/wordpress\/plugins\/seo\/ -->\n<title>\u0218edin\u021b\u0103 de Claritate - Feng Shui<\/title>\n<meta name=\"description\" content=\"Uneori, sim\u021bi c\u0103 ai f\u0103cut tot ce \u021binea de tine \u2014 \u0219i totu\u0219i, lucrurile nu se mi\u0219c\u0103.Te str\u0103duie\u0219ti, planifici, cau\u021bi solu\u021bii, dar parc\u0103 lipse\u0219te o pies\u0103 din puzzle.\" \/>\n<meta name=\"robots\" content=\"index, follow, max-snippet:-1, max-image-preview:large, max-video-preview:-1\" \/>\n<link rel=\"canonical\" href=\"https:\/\/crinailiescu.ro\/en\/product\/sedinta-de-claritate\/\" \/>\n<meta property=\"og:locale\" content=\"en_US\" \/>\n<meta property=\"og:type\" content=\"article\" \/>\n<meta property=\"og:title\" content=\"\u0218edin\u021b\u0103 de Claritate - Feng Shui\" \/>\n<meta property=\"og:description\" content=\"Uneori, sim\u021bi c\u0103 ai f\u0103cut tot ce \u021binea de tine \u2014 \u0219i totu\u0219i, lucrurile nu se mi\u0219c\u0103.Te str\u0103duie\u0219ti, planifici, cau\u021bi solu\u021bii, dar parc\u0103 lipse\u0219te o pies\u0103 din puzzle.\" \/>\n<meta property=\"og:url\" content=\"https:\/\/crinailiescu.ro\/en\/product\/sedinta-de-claritate\/\" \/>\n<meta property=\"og:site_name\" content=\"Feng Shui\" \/>\n<meta property=\"article:modified_time\" content=\"2025-11-03T13:12:40+00:00\" \/>\n<meta property=\"og:image\" content=\"https:\/\/crinailiescu.ro\/wp-content\/uploads\/2025\/10\/claritate-.jpg\" \/>\n\t<meta property=\"og:image:width\" content=\"1280\" \/>\n\t<meta property=\"og:image:height\" content=\"853\" \/>\n\t<meta property=\"og:image:type\" content=\"image\/jpeg\" \/>\n<meta name=\"twitter:card\" content=\"summary_large_image\" \/>\n<meta name=\"twitter:label1\" content=\"Est. reading time\" \/>\n\t<meta name=\"twitter:data1\" content=\"2 minutes\" \/>\n<script type=\"application\/ld+json\" class=\"yoast-schema-graph\">{\"@context\":\"https:\/\/schema.org\",\"@graph\":[{\"@type\":\"WebPage\",\"@id\":\"https:\/\/crinailiescu.ro\/produs\/sedinta-de-claritate\/\",\"url\":\"https:\/\/crinailiescu.ro\/produs\/sedinta-de-claritate\/\",\"name\":\"\u0218edin\u021b\u0103 de Claritate - Feng Shui\",\"isPartOf\":{\"@id\":\"https:\/\/crinailiescu.ro\/#website\"},\"primaryImageOfPage\":{\"@id\":\"https:\/\/crinailiescu.ro\/produs\/sedinta-de-claritate\/#primaryimage\"},\"image\":{\"@id\":\"https:\/\/crinailiescu.ro\/produs\/sedinta-de-claritate\/#primaryimage\"},\"thumbnailUrl\":\"https:\/\/crinailiescu.ro\/wp-content\/uploads\/2025\/10\/claritate-.jpg\",\"datePublished\":\"2025-10-09T14:14:28+00:00\",\"dateModified\":\"2025-11-03T13:12:40+00:00\",\"description\":\"Uneori, sim\u021bi c\u0103 ai f\u0103cut tot ce \u021binea de tine \u2014 \u0219i totu\u0219i, lucrurile nu se mi\u0219c\u0103.Te str\u0103duie\u0219ti, planifici, cau\u021bi solu\u021bii, dar parc\u0103 lipse\u0219te o pies\u0103 din puzzle.\",\"breadcrumb\":{\"@id\":\"https:\/\/crinailiescu.ro\/produs\/sedinta-de-claritate\/#breadcrumb\"},\"inLanguage\":\"en-US\",\"potentialAction\":[{\"@type\":\"ReadAction\",\"target\":[\"https:\/\/crinailiescu.ro\/produs\/sedinta-de-claritate\/\"]}]},{\"@type\":\"ImageObject\",\"inLanguage\":\"en-US\",\"@id\":\"https:\/\/crinailiescu.ro\/produs\/sedinta-de-claritate\/#primaryimage\",\"url\":\"https:\/\/crinailiescu.ro\/wp-content\/uploads\/2025\/10\/claritate-.jpg\",\"contentUrl\":\"https:\/\/crinailiescu.ro\/wp-content\/uploads\/2025\/10\/claritate-.jpg\",\"width\":1280,\"height\":853},{\"@type\":\"BreadcrumbList\",\"@id\":\"https:\/\/crinailiescu.ro\/produs\/sedinta-de-claritate\/#breadcrumb\",\"itemListElement\":[{\"@type\":\"ListItem\",\"position\":1,\"name\":\"Prima pagin\u0103\",\"item\":\"https:\/\/crinailiescu.ro\/ro\/\"},{\"@type\":\"ListItem\",\"position\":2,\"name\":\"Products\",\"item\":\"https:\/\/crinailiescu.ro\/en\/shop\/\"},{\"@type\":\"ListItem\",\"position\":3,\"name\":\"\u0218edin\u021b\u0103 de Claritate\"}]},{\"@type\":\"WebSite\",\"@id\":\"https:\/\/crinailiescu.ro\/#website\",\"url\":\"https:\/\/crinailiescu.ro\/\",\"name\":\"Feng Shui\",\"description\":\"Feng Shui, Qi Men, BaZi, Selectare Date, Metafizica Chineza\",\"potentialAction\":[{\"@type\":\"SearchAction\",\"target\":{\"@type\":\"EntryPoint\",\"urlTemplate\":\"https:\/\/crinailiescu.ro\/?s={search_term_string}\"},\"query-input\":\"required name=search_term_string\"}],\"inLanguage\":\"en-US\"}]}<\/script>\n<!-- \/ Yoast SEO plugin. -->","yoast_head_json":{"title":"\u0218edin\u021b\u0103 de Claritate - Feng Shui","description":"Uneori, sim\u021bi c\u0103 ai f\u0103cut tot ce \u021binea de tine \u2014 \u0219i totu\u0219i, lucrurile nu se mi\u0219c\u0103.Te str\u0103duie\u0219ti, planifici, cau\u021bi solu\u021bii, dar parc\u0103 lipse\u0219te o pies\u0103 din puzzle.","robots":{"index":"index","follow":"follow","max-snippet":"max-snippet:-1","max-image-preview":"max-image-preview:large","max-video-preview":"max-video-preview:-1"},"canonical":"https:\/\/crinailiescu.ro\/en\/product\/sedinta-de-claritate\/","og_locale":"en_US","og_type":"article","og_title":"\u0218edin\u021b\u0103 de Claritate - Feng Shui","og_description":"Uneori, sim\u021bi c\u0103 ai f\u0103cut tot ce \u021binea de tine \u2014 \u0219i totu\u0219i, lucrurile nu se mi\u0219c\u0103.Te str\u0103duie\u0219ti, planifici, cau\u021bi solu\u021bii, dar parc\u0103 lipse\u0219te o pies\u0103 din puzzle.","og_url":"https:\/\/crinailiescu.ro\/en\/product\/sedinta-de-claritate\/","og_site_name":"Feng Shui","article_modified_time":"2025-11-03T13:12:40+00:00","og_image":[{"width":1280,"height":853,"url":"https:\/\/crinailiescu.ro\/wp-content\/uploads\/2025\/10\/claritate-.jpg","type":"image\/jpeg"}],"twitter_card":"summary_large_image","twitter_misc":{"Est. reading time":"2 minutes"},"schema":{"@context":"https:\/\/schema.org","@graph":[{"@type":"WebPage","@id":"https:\/\/crinailiescu.ro\/produs\/sedinta-de-claritate\/","url":"https:\/\/crinailiescu.ro\/produs\/sedinta-de-claritate\/","name":"\u0218edin\u021b\u0103 de Claritate - Feng Shui","isPartOf":{"@id":"https:\/\/crinailiescu.ro\/#website"},"primaryImageOfPage":{"@id":"https:\/\/crinailiescu.ro\/produs\/sedinta-de-claritate\/#primaryimage"},"image":{"@id":"https:\/\/crinailiescu.ro\/produs\/sedinta-de-claritate\/#primaryimage"},"thumbnailUrl":"https:\/\/crinailiescu.ro\/wp-content\/uploads\/2025\/10\/claritate-.jpg","datePublished":"2025-10-09T14:14:28+00:00","dateModified":"2025-11-03T13:12:40+00:00","description":"Uneori, sim\u021bi c\u0103 ai f\u0103cut tot ce \u021binea de tine \u2014 \u0219i totu\u0219i, lucrurile nu se mi\u0219c\u0103.Te str\u0103duie\u0219ti, planifici, cau\u021bi solu\u021bii, dar parc\u0103 lipse\u0219te o pies\u0103 din puzzle.","breadcrumb":{"@id":"https:\/\/crinailiescu.ro\/produs\/sedinta-de-claritate\/#breadcrumb"},"inLanguage":"en-US","potentialAction":[{"@type":"ReadAction","target":["https:\/\/crinailiescu.ro\/produs\/sedinta-de-claritate\/"]}]},{"@type":"ImageObject","inLanguage":"en-US","@id":"https:\/\/crinailiescu.ro\/produs\/sedinta-de-claritate\/#primaryimage","url":"https:\/\/crinailiescu.ro\/wp-content\/uploads\/2025\/10\/claritate-.jpg","contentUrl":"https:\/\/crinailiescu.ro\/wp-content\/uploads\/2025\/10\/claritate-.jpg","width":1280,"height":853},{"@type":"BreadcrumbList","@id":"https:\/\/crinailiescu.ro\/produs\/sedinta-de-claritate\/#breadcrumb","itemListElement":[{"@type":"ListItem","position":1,"name":"Prima pagin\u0103","item":"https:\/\/crinailiescu.ro\/ro\/"},{"@type":"ListItem","position":2,"name":"Products","item":"https:\/\/crinailiescu.ro\/en\/shop\/"},{"@type":"ListItem","position":3,"name":"\u0218edin\u021b\u0103 de Claritate"}]},{"@type":"WebSite","@id":"https:\/\/crinailiescu.ro\/#website","url":"https:\/\/crinailiescu.ro\/","name":"Feng Shui","description":"Feng Shui, Qi Men, BaZi, Selectare Date, Metafizica Chineza","potentialAction":[{"@type":"SearchAction","target":{"@type":"EntryPoint","urlTemplate":"https:\/\/crinailiescu.ro\/?s={search_term_string}"},"query-input":"required name=search_term_string"}],"inLanguage":"en-US"}]}},"_links":{"self":[{"href":"https:\/\/crinailiescu.ro\/en\/wp-json\/wp\/v2\/product\/53608"}],"collection":[{"href":"https:\/\/crinailiescu.ro\/en\/wp-json\/wp\/v2\/product"}],"about":[{"href":"https:\/\/crinailiescu.ro\/en\/wp-json\/wp\/v2\/types\/product"}],"replies":[{"embeddable":true,"href":"https:\/\/crinailiescu.ro\/en\/wp-json\/wp\/v2\/comments?post=53608"}],"wp:featuredmedia":[{"embeddable":true,"href":"https:\/\/crinailiescu.ro\/en\/wp-json\/wp\/v2\/media\/53609"}],"wp:attachment":[{"href":"https:\/\/crinailiescu.ro\/en\/wp-json\/wp\/v2\/media?parent=53608"}],"wp:term":[{"taxonomy":"product_cat","embeddable":true,"href":"https:\/\/crinailiescu.ro\/en\/wp-json\/wp\/v2\/product_cat?post=53608"},{"taxonomy":"product_tag","embeddable":true,"href":"https:\/\/crinailiescu.ro\/en\/wp-json\/wp\/v2\/product_tag?post=53608"}],"curies":[{"name":"wp","href":"https:\/\/api.w.org\/{rel}","templated":true}]}}