{"id":53797,"date":"2025-11-03T14:46:34","date_gmt":"2025-11-03T12:46:34","guid":{"rendered":"https:\/\/crinailiescu.ro\/?post_type=product&#038;p=53797"},"modified":"2025-12-04T13:00:54","modified_gmt":"2025-12-04T11:00:54","slug":"sedinta-consultanta-business-online","status":"publish","type":"product","link":"https:\/\/crinailiescu.ro\/en\/product\/sedinta-consultanta-business-online\/","title":{"rendered":"PACHET DIAGNOZA &#8211; Consultan\u021b\u0103 business pentru decizii importante"},"content":{"rendered":"<p class=\"whitespace-normal break-words\"><strong>40 de minute. O problem\u0103. Unghiul pe care nu l-ai v\u0103zut \u00eenc\u0103.<\/strong><\/p>\n<p class=\"whitespace-normal break-words\">Ai analizat datele, ai consultat exper\u021bii, ai c\u00e2nt\u0103rit pro \u0219i contra. \u0218i totu\u0219i, ceva te face s\u0103 eziti. Uneori, rezolvarea nu vine din <em>mai multe<\/em> informa\u021bii, ci din a privi provocarea dintr-o perspectiv\u0103 complet diferit\u0103.<\/p>\n<p class=\"whitespace-normal break-words\"><strong>Ce prime\u0219ti \u00een aceast\u0103 sesiune de consultan\u021b\u0103 business online:<\/strong><\/p>\n<p class=\"whitespace-normal break-words\">\u2192 <strong>Analiza situa\u021biei tale de business printr-o lentil\u0103 strategic\u0103 neconven\u021bional\u0103<\/strong> \u2013 identific\u0103m factorii invizibili care influen\u021beaz\u0103 decizia ta<\/p>\n<p class=\"whitespace-normal break-words\">\u2192 <strong>Timing strategic<\/strong> \u2013 nu toate momentele sunt la fel de favorabile pentru ac\u021biune; afli c\u00e2nd s\u0103 avansezi \u0219i c\u00e2nd s\u0103 a\u0219tep\u021bi strategic<\/p>\n<p class=\"whitespace-normal break-words\">\u2192 <strong>Plan de ac\u021biune concret pentru urm\u0103toarea perioada<\/strong> \u2013 recomand\u0103ri clare, adaptate contextului t\u0103u unic de business<\/p>\n<p class=\"whitespace-normal break-words\"><strong>Ideal pentru antreprenori \u0219i manageri:<\/strong><\/p>\n<p class=\"whitespace-normal break-words\">\u2713 Decizii de business majore (expansiune, lans\u0103ri de produse, parteneriate strategice)<br \/>\n\u2713 Momente de blocaj \u00een care \u201eceva nu se simte bine&#8221;, dar nu \u0219tii exact ce<br \/>\n\u2713 Situa\u021bii \u00een care ai nevoie de claritate rapid\u0103, nu de luni de consultan\u021b\u0103<br \/>\n\u2713 Lideri care caut\u0103 avantaje competitive prin abord\u0103ri inovatoare<\/p>\n<p class=\"whitespace-normal break-words\"><strong>Cum func\u021bioneaz\u0103 consultan\u021ba online 1-1:<\/strong><\/p>\n<p class=\"whitespace-normal break-words\">Ne conect\u0103m online pentru cei 40 de minute \u00eempreun\u0103, \u00een care analiz\u0103m provocarea ta folosind metode strategice pe care le-am rafinat \u00een 17+ ani de experien\u021b\u0103 \u00een mediul corporate interna\u021bional \u0219i prin studii pe 3 continente.<\/p>\n<p class=\"whitespace-normal break-words\">Pleci cu claritate, direc\u021bie precis\u0103 \u0219i un timing optim pentru implementare. <strong>Confortul biroului sau casei tale, expertiza de care ai nevoie.<\/strong><\/p>\n<p class=\"whitespace-normal break-words\"><strong>Nu este pentru toat\u0103 lumea.<\/strong> Este pentru lideri \u0219i antreprenori care \u00een\u021beleg c\u0103 avantajul competitiv vine din a vedea ceea ce al\u021bii nu v\u0103d.<\/p>\n<p class=\"whitespace-normal break-words\"><strong>PRE\u021a: 400 lei\/sedinta<\/strong><\/p>\n<p class=\"whitespace-normal break-words\"><em>Poate c\u0103 r\u0103spunsul nu e \u00een ce \u0219tii deja. Poate e \u00een ce nu ai explorat \u00eenc\u0103.<\/em><\/p>","protected":false},"excerpt":{"rendered":"<p>40 de minute. O problem\u0103. Unghiul pe care nu l-ai v\u0103zut \u00eenc\u0103. Ai analizat datele, ai consultat exper\u021bii, ai c\u00e2nt\u0103rit pro \u0219i contra. \u0218i totu\u0219i, ceva te face s\u0103 eziti. Uneori, rezolvarea nu vine din mai multe informa\u021bii, ci din a privi provocarea dintr-o perspectiv\u0103 complet diferit\u0103. Ce prime\u0219ti \u00een aceast\u0103 sesiune de consultan\u021b\u0103 business [&hellip;]<\/p>","protected":false},"featured_media":52148,"comment_status":"closed","ping_status":"closed","template":"","meta":{"_et_pb_use_builder":"","_et_pb_old_content":"","_et_gb_content_width":""},"product_cat":[135],"product_tag":[],"yoast_head":"<!-- This site is optimized with the Yoast SEO plugin v22.6 - https:\/\/yoast.com\/wordpress\/plugins\/seo\/ -->\n<title>PACHET DIAGNOZA - Consultan\u021b\u0103 business pentru decizii importante - Feng Shui<\/title>\n<meta name=\"description\" content=\"\u0218edin\u021b\u0103 de consultan\u021b\u0103 business 1-1 online (40 min). Perspective strategice neconven\u021bionale pentru decizii importante. Timing optim \u0219i plan concret de ac\u021biune.\" \/>\n<meta name=\"robots\" content=\"index, follow, max-snippet:-1, max-image-preview:large, max-video-preview:-1\" \/>\n<link rel=\"canonical\" href=\"https:\/\/crinailiescu.ro\/en\/product\/sedinta-consultanta-business-online\/\" \/>\n<meta property=\"og:locale\" content=\"en_US\" \/>\n<meta property=\"og:type\" content=\"article\" \/>\n<meta property=\"og:title\" content=\"PACHET DIAGNOZA - Consultan\u021b\u0103 business pentru decizii importante - Feng Shui\" \/>\n<meta property=\"og:description\" content=\"\u0218edin\u021b\u0103 de consultan\u021b\u0103 business 1-1 online (40 min). Perspective strategice neconven\u021bionale pentru decizii importante. Timing optim \u0219i plan concret de ac\u021biune.\" \/>\n<meta property=\"og:url\" content=\"https:\/\/crinailiescu.ro\/en\/product\/sedinta-consultanta-business-online\/\" \/>\n<meta property=\"og:site_name\" content=\"Feng Shui\" \/>\n<meta property=\"article:modified_time\" content=\"2025-12-04T11:00:54+00:00\" \/>\n<meta property=\"og:image\" content=\"https:\/\/crinailiescu.ro\/wp-content\/uploads\/2023\/07\/despre-crina.jpg\" \/>\n\t<meta property=\"og:image:width\" content=\"480\" \/>\n\t<meta property=\"og:image:height\" content=\"387\" \/>\n\t<meta property=\"og:image:type\" content=\"image\/jpeg\" \/>\n<meta name=\"twitter:card\" content=\"summary_large_image\" \/>\n<meta name=\"twitter:label1\" content=\"Est. reading time\" \/>\n\t<meta name=\"twitter:data1\" content=\"2 minutes\" \/>\n<script type=\"application\/ld+json\" class=\"yoast-schema-graph\">{\"@context\":\"https:\/\/schema.org\",\"@graph\":[{\"@type\":\"WebPage\",\"@id\":\"https:\/\/crinailiescu.ro\/produs\/sedinta-consultanta-business-online\/\",\"url\":\"https:\/\/crinailiescu.ro\/produs\/sedinta-consultanta-business-online\/\",\"name\":\"PACHET DIAGNOZA - Consultan\u021b\u0103 business pentru decizii importante - Feng Shui\",\"isPartOf\":{\"@id\":\"https:\/\/crinailiescu.ro\/#website\"},\"primaryImageOfPage\":{\"@id\":\"https:\/\/crinailiescu.ro\/produs\/sedinta-consultanta-business-online\/#primaryimage\"},\"image\":{\"@id\":\"https:\/\/crinailiescu.ro\/produs\/sedinta-consultanta-business-online\/#primaryimage\"},\"thumbnailUrl\":\"https:\/\/crinailiescu.ro\/wp-content\/uploads\/2023\/07\/despre-crina.jpg\",\"datePublished\":\"2025-11-03T12:46:34+00:00\",\"dateModified\":\"2025-12-04T11:00:54+00:00\",\"description\":\"\u0218edin\u021b\u0103 de consultan\u021b\u0103 business 1-1 online (40 min). Perspective strategice neconven\u021bionale pentru decizii importante. Timing optim \u0219i plan concret de ac\u021biune.\",\"breadcrumb\":{\"@id\":\"https:\/\/crinailiescu.ro\/produs\/sedinta-consultanta-business-online\/#breadcrumb\"},\"inLanguage\":\"en-US\",\"potentialAction\":[{\"@type\":\"ReadAction\",\"target\":[\"https:\/\/crinailiescu.ro\/produs\/sedinta-consultanta-business-online\/\"]}]},{\"@type\":\"ImageObject\",\"inLanguage\":\"en-US\",\"@id\":\"https:\/\/crinailiescu.ro\/produs\/sedinta-consultanta-business-online\/#primaryimage\",\"url\":\"https:\/\/crinailiescu.ro\/wp-content\/uploads\/2023\/07\/despre-crina.jpg\",\"contentUrl\":\"https:\/\/crinailiescu.ro\/wp-content\/uploads\/2023\/07\/despre-crina.jpg\",\"width\":480,\"height\":387,\"caption\":\"Despre Crina\"},{\"@type\":\"BreadcrumbList\",\"@id\":\"https:\/\/crinailiescu.ro\/produs\/sedinta-consultanta-business-online\/#breadcrumb\",\"itemListElement\":[{\"@type\":\"ListItem\",\"position\":1,\"name\":\"Prima pagin\u0103\",\"item\":\"https:\/\/crinailiescu.ro\/ro\/\"},{\"@type\":\"ListItem\",\"position\":2,\"name\":\"Products\",\"item\":\"https:\/\/crinailiescu.ro\/en\/shop\/\"},{\"@type\":\"ListItem\",\"position\":3,\"name\":\"PACHET DIAGNOZA &#8211; Consultan\u021b\u0103 business pentru decizii importante\"}]},{\"@type\":\"WebSite\",\"@id\":\"https:\/\/crinailiescu.ro\/#website\",\"url\":\"https:\/\/crinailiescu.ro\/\",\"name\":\"Feng Shui\",\"description\":\"Feng Shui, Qi Men, BaZi, Selectare Date, Metafizica Chineza\",\"potentialAction\":[{\"@type\":\"SearchAction\",\"target\":{\"@type\":\"EntryPoint\",\"urlTemplate\":\"https:\/\/crinailiescu.ro\/?s={search_term_string}\"},\"query-input\":\"required name=search_term_string\"}],\"inLanguage\":\"en-US\"}]}<\/script>\n<!-- \/ Yoast SEO plugin. -->","yoast_head_json":{"title":"PACHET DIAGNOZA - Consultan\u021b\u0103 business pentru decizii importante - Feng Shui","description":"\u0218edin\u021b\u0103 de consultan\u021b\u0103 business 1-1 online (40 min). Perspective strategice neconven\u021bionale pentru decizii importante. Timing optim \u0219i plan concret de ac\u021biune.","robots":{"index":"index","follow":"follow","max-snippet":"max-snippet:-1","max-image-preview":"max-image-preview:large","max-video-preview":"max-video-preview:-1"},"canonical":"https:\/\/crinailiescu.ro\/en\/product\/sedinta-consultanta-business-online\/","og_locale":"en_US","og_type":"article","og_title":"PACHET DIAGNOZA - Consultan\u021b\u0103 business pentru decizii importante - Feng Shui","og_description":"\u0218edin\u021b\u0103 de consultan\u021b\u0103 business 1-1 online (40 min). Perspective strategice neconven\u021bionale pentru decizii importante. Timing optim \u0219i plan concret de ac\u021biune.","og_url":"https:\/\/crinailiescu.ro\/en\/product\/sedinta-consultanta-business-online\/","og_site_name":"Feng Shui","article_modified_time":"2025-12-04T11:00:54+00:00","og_image":[{"width":480,"height":387,"url":"https:\/\/crinailiescu.ro\/wp-content\/uploads\/2023\/07\/despre-crina.jpg","type":"image\/jpeg"}],"twitter_card":"summary_large_image","twitter_misc":{"Est. reading time":"2 minutes"},"schema":{"@context":"https:\/\/schema.org","@graph":[{"@type":"WebPage","@id":"https:\/\/crinailiescu.ro\/produs\/sedinta-consultanta-business-online\/","url":"https:\/\/crinailiescu.ro\/produs\/sedinta-consultanta-business-online\/","name":"PACHET DIAGNOZA - Consultan\u021b\u0103 business pentru decizii importante - Feng Shui","isPartOf":{"@id":"https:\/\/crinailiescu.ro\/#website"},"primaryImageOfPage":{"@id":"https:\/\/crinailiescu.ro\/produs\/sedinta-consultanta-business-online\/#primaryimage"},"image":{"@id":"https:\/\/crinailiescu.ro\/produs\/sedinta-consultanta-business-online\/#primaryimage"},"thumbnailUrl":"https:\/\/crinailiescu.ro\/wp-content\/uploads\/2023\/07\/despre-crina.jpg","datePublished":"2025-11-03T12:46:34+00:00","dateModified":"2025-12-04T11:00:54+00:00","description":"\u0218edin\u021b\u0103 de consultan\u021b\u0103 business 1-1 online (40 min). Perspective strategice neconven\u021bionale pentru decizii importante. Timing optim \u0219i plan concret de ac\u021biune.","breadcrumb":{"@id":"https:\/\/crinailiescu.ro\/produs\/sedinta-consultanta-business-online\/#breadcrumb"},"inLanguage":"en-US","potentialAction":[{"@type":"ReadAction","target":["https:\/\/crinailiescu.ro\/produs\/sedinta-consultanta-business-online\/"]}]},{"@type":"ImageObject","inLanguage":"en-US","@id":"https:\/\/crinailiescu.ro\/produs\/sedinta-consultanta-business-online\/#primaryimage","url":"https:\/\/crinailiescu.ro\/wp-content\/uploads\/2023\/07\/despre-crina.jpg","contentUrl":"https:\/\/crinailiescu.ro\/wp-content\/uploads\/2023\/07\/despre-crina.jpg","width":480,"height":387,"caption":"Despre Crina"},{"@type":"BreadcrumbList","@id":"https:\/\/crinailiescu.ro\/produs\/sedinta-consultanta-business-online\/#breadcrumb","itemListElement":[{"@type":"ListItem","position":1,"name":"Prima pagin\u0103","item":"https:\/\/crinailiescu.ro\/ro\/"},{"@type":"ListItem","position":2,"name":"Products","item":"https:\/\/crinailiescu.ro\/en\/shop\/"},{"@type":"ListItem","position":3,"name":"PACHET DIAGNOZA &#8211; Consultan\u021b\u0103 business pentru decizii importante"}]},{"@type":"WebSite","@id":"https:\/\/crinailiescu.ro\/#website","url":"https:\/\/crinailiescu.ro\/","name":"Feng Shui","description":"Feng Shui, Qi Men, BaZi, Selectare Date, Metafizica Chineza","potentialAction":[{"@type":"SearchAction","target":{"@type":"EntryPoint","urlTemplate":"https:\/\/crinailiescu.ro\/?s={search_term_string}"},"query-input":"required name=search_term_string"}],"inLanguage":"en-US"}]}},"_links":{"self":[{"href":"https:\/\/crinailiescu.ro\/en\/wp-json\/wp\/v2\/product\/53797"}],"collection":[{"href":"https:\/\/crinailiescu.ro\/en\/wp-json\/wp\/v2\/product"}],"about":[{"href":"https:\/\/crinailiescu.ro\/en\/wp-json\/wp\/v2\/types\/product"}],"replies":[{"embeddable":true,"href":"https:\/\/crinailiescu.ro\/en\/wp-json\/wp\/v2\/comments?post=53797"}],"wp:featuredmedia":[{"embeddable":true,"href":"https:\/\/crinailiescu.ro\/en\/wp-json\/wp\/v2\/media\/52148"}],"wp:attachment":[{"href":"https:\/\/crinailiescu.ro\/en\/wp-json\/wp\/v2\/media?parent=53797"}],"wp:term":[{"taxonomy":"product_cat","embeddable":true,"href":"https:\/\/crinailiescu.ro\/en\/wp-json\/wp\/v2\/product_cat?post=53797"},{"taxonomy":"product_tag","embeddable":true,"href":"https:\/\/crinailiescu.ro\/en\/wp-json\/wp\/v2\/product_tag?post=53797"}],"curies":[{"name":"wp","href":"https:\/\/api.w.org\/{rel}","templated":true}]}}