{"id":53842,"date":"2025-12-02T14:56:51","date_gmt":"2025-12-02T12:56:51","guid":{"rendered":"https:\/\/crinailiescu.ro\/?post_type=product&#038;p=53842"},"modified":"2025-12-02T14:56:51","modified_gmt":"2025-12-02T12:56:51","slug":"analiza-bazi-personala-descopera-ti-codul-secret-al-succesului","status":"publish","type":"product","link":"https:\/\/crinailiescu.ro\/en\/product\/analiza-bazi-personala-descopera-ti-codul-secret-al-succesului\/","title":{"rendered":"Analiza BaZi Personal\u0103 &#8211; Descoper\u0103-\u021bi Codul Secret al Succesului"},"content":{"rendered":"<div>\n<div class=\"grid-cols-1 grid gap-2.5 [&amp;_&gt;_*]:min-w-0\">\n<h1 class=\"font-claude-response-title mt-1 text-text-100\"><strong>Analiza BaZi Personal\u0103 &#8211; Descoper\u0103-\u021bi Codul Secret al Succesului<\/strong><\/h1>\n<\/div>\n<\/div>\n<div>\n<div class=\"grid-cols-1 grid gap-2.5 [&amp;_&gt;_*]:min-w-0\">\n<h2 class=\"font-claude-response-heading text-text-100 mt-1 -mb-0.5\"><strong>\u0218tiai c\u0103 data ta de na\u0219tere con\u021bine un cod unic care \u00ee\u021bi determin\u0103 poten\u021bialul \u00een via\u021b\u0103?<\/strong><\/h2>\n<\/div>\n<\/div>\n<div>\n<div class=\"grid-cols-1 grid gap-2.5 [&amp;_&gt;_*]:min-w-0\">\n<p class=\"font-claude-response-body whitespace-normal break-words\">Te-ai \u00eentrebat vreodat\u0103 de ce unii oameni par s\u0103 atrag\u0103 succesul f\u0103r\u0103 efort, \u00een timp ce al\u021bii muncesc din greu f\u0103r\u0103 rezultate pe m\u0103sur\u0103? De ce anumite perioade din via\u021b\u0103 sunt pline de oportunit\u0103\u021bi, iar altele par blocate?<\/p>\n<\/div>\n<\/div>\n<div>\n<div class=\"grid-cols-1 grid gap-2.5 [&amp;_&gt;_*]:min-w-0\">\n<p class=\"font-claude-response-body whitespace-normal break-words\"><strong>R\u0103spunsul se afl\u0103 \u00een harta ta personal\u0103 BaZi &#8211; Cei 4 Piloni ai Destinului t\u0103u.<\/strong><\/p>\n<\/div>\n<\/div>\n<div>\n<div class=\"grid-cols-1 grid gap-2.5 [&amp;_&gt;_*]:min-w-0\"><\/div>\n<\/div>\n<div>\n<div class=\"grid-cols-1 grid gap-2.5 [&amp;_&gt;_*]:min-w-0\">\n<h2 class=\"font-claude-response-heading text-text-100 mt-1 -mb-0.5\"><strong>Ce este BaZi \u0219i cum \u00ee\u021bi schimb\u0103 via\u021ba?<\/strong><\/h2>\n<\/div>\n<\/div>\n<div>\n<div class=\"grid-cols-1 grid gap-2.5 [&amp;_&gt;_*]:min-w-0\">\n<p class=\"font-claude-response-body whitespace-normal break-words\">BaZi este un sistem de astrologie chinez\u0103 cu o vechime de peste 3000 de ani, care transform\u0103 data \u0219i ora ta de na\u0219tere \u00eentr-o <strong>hart\u0103 energetic\u0103 precis\u0103<\/strong>. Aceast\u0103 hart\u0103 \u00ee\u021bi reveleaz\u0103:<\/p>\n<\/div>\n<\/div>\n<div>\n<div class=\"grid-cols-1 grid gap-2.5 [&amp;_&gt;_*]:min-w-0\">\n<ul>\n<li class=\"font-claude-response-body whitespace-normal break-words\"><strong>Talentele ascunse<\/strong> pe care nu \u0219tii c\u0103 le ai<\/li>\n<li class=\"font-claude-response-body whitespace-normal break-words\"><strong>Momentele de aur<\/strong> din via\u021ba ta c\u00e2nd succesul vine natural<\/li>\n<li class=\"font-claude-response-body whitespace-normal break-words\"><strong>Compatibilitatea real\u0103<\/strong> cu persoanele din jurul t\u0103u<\/li>\n<li class=\"font-claude-response-body whitespace-normal break-words\"><strong>Blocajele invizibile<\/strong> care te \u021bin pe loc<\/li>\n<li class=\"font-claude-response-body whitespace-normal break-words\"><strong>Direc\u021bia ta natural\u0103<\/strong> spre \u00eemplinire \u0219i prosperitate<\/li>\n<\/ul>\n<\/div>\n<\/div>\n<div>\n<div class=\"grid-cols-1 grid gap-2.5 [&amp;_&gt;_*]:min-w-0\">\n<h2 class=\"font-claude-response-heading text-text-100 mt-1 -mb-0.5\"><strong>Descoper\u0103 R\u0103spunsuri Clare la \u00centreb\u0103rile Tale Importante<\/strong><\/h2>\n<\/div>\n<\/div>\n<div>\n<div class=\"grid-cols-1 grid gap-2.5 [&amp;_&gt;_*]:min-w-0\">\n<h3 class=\"font-claude-response-subheading text-text-100 mt-1 -mb-1.5\"><strong>\u00cen Dragoste \u0219i Rela\u021bii:<\/strong><\/h3>\n<ul class=\"[&amp;:not(:last-child)_ul]:pb-1 [&amp;:not(:last-child)_ol]:pb-1 list-disc space-y-2.5 pl-7\">\n<li class=\"whitespace-normal break-words\">De ce atragi mereu acela\u0219i tip de partener?<\/li>\n<li class=\"whitespace-normal break-words\">Care este profilul persoanei potrivite pentru tine?<\/li>\n<li class=\"whitespace-normal break-words\">C\u00e2nd vei \u00eent\u00e2lni marea dragoste?<\/li>\n<li class=\"whitespace-normal break-words\">Cum s\u0103 \u00eembun\u0103t\u0103\u021be\u0219ti rela\u021bia actual\u0103?<\/li>\n<li class=\"whitespace-normal break-words\">Care sunt perioadele favorabile pentru c\u0103s\u0103torie?<\/li>\n<\/ul>\n<\/div>\n<\/div>\n<div>\n<div class=\"grid-cols-1 grid gap-2.5 [&amp;_&gt;_*]:min-w-0\">\n<h3 class=\"font-claude-response-subheading text-text-100 mt-1 -mb-1.5\"><strong>\u00cen Carier\u0103 \u0219i Bani:<\/strong><\/h3>\n<ul class=\"[&amp;:not(:last-child)_ul]:pb-1 [&amp;:not(:last-child)_ol]:pb-1 list-disc space-y-2.5 pl-7\">\n<li class=\"whitespace-normal break-words\">Care este domeniul unde vei excela natural?<\/li>\n<li class=\"whitespace-normal break-words\">De ce nu e\u0219ti apreciat la adev\u0103rata valoare?<\/li>\n<li class=\"whitespace-normal break-words\">C\u00e2nd s\u0103 ceri acea m\u0103rire sau promovare?<\/li>\n<li class=\"whitespace-normal break-words\">Este momentul pentru schimbare profesional\u0103?<\/li>\n<li class=\"whitespace-normal break-words\">Cum s\u0103 atragi abunden\u021ba financiar\u0103?<\/li>\n<\/ul>\n<\/div>\n<\/div>\n<div>\n<div class=\"grid-cols-1 grid gap-2.5 [&amp;_&gt;_*]:min-w-0\">\n<h3 class=\"font-claude-response-subheading text-text-100 mt-1 -mb-1.5\"><strong>\u00cen Dezvoltare Personal\u0103:<\/strong><\/h3>\n<ul class=\"[&amp;:not(:last-child)_ul]:pb-1 [&amp;:not(:last-child)_ol]:pb-1 list-disc space-y-2.5 pl-7\">\n<li class=\"whitespace-normal break-words\">Care sunt punctele tale forte reale?<\/li>\n<li class=\"whitespace-normal break-words\">Ce blocaje energetice te saboteaz\u0103?<\/li>\n<li class=\"whitespace-normal break-words\">Cum s\u0103 iei decizii \u00een armonie cu energia ta?<\/li>\n<li class=\"whitespace-normal break-words\">Care este misiunea ta de via\u021b\u0103?<\/li>\n<li class=\"whitespace-normal break-words\">C\u00e2nd vin perioadele de transformare major\u0103?<\/li>\n<\/ul>\n<\/div>\n<h3 class=\"font-claude-response-subheading text-text-100 mt-1 -mb-1.5\"><strong>De Ce S\u0103 Alegi Analiza?<\/strong><\/h3>\n<h3 class=\"font-claude-response-subheading text-text-100 mt-1 -mb-1.5\"><strong>1. Abordare Personalizat\u0103<\/strong><\/h3>\n<p class=\"font-claude-response-body whitespace-normal break-words\">Nu vei primi un raport generic. Fiecare analiz\u0103 este:<\/p>\n<ul class=\"[&amp;:not(:last-child)_ul]:pb-1 [&amp;:not(:last-child)_ol]:pb-1 list-disc space-y-2.5 pl-7\">\n<li class=\"whitespace-normal break-words\">Adaptat\u0103 situa\u021biei tale specifice<\/li>\n<li class=\"whitespace-normal break-words\">Explicat\u0103 \u00een limbaj simplu \u0219i clar<\/li>\n<li class=\"whitespace-normal break-words\">Orientat\u0103 spre solu\u021bii practice<\/li>\n<li class=\"whitespace-normal break-words\">\u00censo\u021bit\u0103 de suport pentru implementare<br \/>\n<h3 class=\"font-claude-response-subheading text-text-100 mt-1 -mb-1.5\"><strong>2. Rezultate Concrete<\/strong><\/h3>\n<p class=\"font-claude-response-body whitespace-normal break-words\">Clien\u021bii mei raporteaz\u0103:<\/p>\n<ul class=\"[&amp;:not(:last-child)_ul]:pb-1 [&amp;:not(:last-child)_ol]:pb-1 list-disc space-y-2.5 pl-7\">\n<li class=\"whitespace-normal break-words\"><strong>Claritate imediat\u0103<\/strong> asupra direc\u021biei \u00een via\u021b\u0103<\/li>\n<li class=\"whitespace-normal break-words\"><strong>Decizii mai bune<\/strong> \u00een carier\u0103 \u0219i rela\u021bii<\/li>\n<li class=\"whitespace-normal break-words\"><strong>Cre\u0219terea veniturilor<\/strong> cu 30-50% prin timing corect<\/li>\n<li class=\"whitespace-normal break-words\"><strong>Rela\u021bii \u00eembun\u0103t\u0103\u021bite<\/strong> prin \u00een\u021belegerea compatibilit\u0103\u021bii<\/li>\n<li class=\"whitespace-normal break-words\"><strong>Reducerea stresului<\/strong> \u0219tiind c\u00e2nd s\u0103 ac\u021bioneze<\/li>\n<\/ul>\n<\/li>\n<\/ul>\n<h2 class=\"font-claude-response-heading text-text-100 mt-1 -mb-0.5\"><strong>Ce Spun Clien\u021bii Care \u0218i-au Transformat Via\u021ba:<\/strong><\/h2>\n<p class=\"font-claude-response-body whitespace-normal break-words\"><em>&#8222;Am \u00een\u021beles \u00een sf\u00e2r\u0219it de ce ultimii 5 ani au fost at\u00e2t de dificili. Acum \u0219tiu c\u0103 intru \u00eentr-o perioad\u0103 de aur \u0219i am strategia perfect\u0103 pentru asta!&#8221;<\/em><br \/>\n<strong>&#8211; Maria T., 38 ani, Antreprenor<\/strong><\/p>\n<p class=\"font-claude-response-body whitespace-normal break-words\"><em>&#8222;Analiza mi-a confirmat c\u0103 sunt pe drumul gre\u0219it profesional. Am f\u0103cut schimbarea \u0219i \u00een 3 luni mi-am dublat venitul!&#8221;<\/em><br \/>\n<strong>&#8211; Adrian P., 42 ani, Manager IT<\/strong><\/p>\n<p class=\"font-claude-response-body whitespace-normal break-words\"><em>&#8222;Am aflat c\u0103 2025 este anul meu pentru c\u0103s\u0103torie. Acum \u0219tiu exact \u00een ce lun\u0103 s\u0103 organizez nunta pentru succes maxim!&#8221;<\/em><br \/>\n<strong>&#8211; Elena S., 29 ani, Medic<\/strong><\/p>\n<h2 class=\"font-claude-response-heading text-text-100 mt-1 -mb-0.5\"><strong> \u00centreb\u0103ri Frecvente:<\/strong><\/h2>\n<p class=\"font-claude-response-body whitespace-normal break-words\"><strong>&#8222;Nu \u0219tiu ora exact\u0103 a na\u0219terii. Pot face analiza?&#8221;<\/strong><br \/>\nDa! Analiza va fi 75% precis\u0103 \u0219i cu data na\u0219terii. Ora adaug\u0103 detalii despre creativitate \u0219i copii.<\/p>\n<p class=\"font-claude-response-body whitespace-normal break-words\"><strong>&#8222;Este ca horoscopul din reviste?&#8221;<\/strong><br \/>\nNu. BaZi este matematic\u0103 aplicat\u0103, nu generalit\u0103\u021bi. Harta ta este unic\u0103 din 12.960.000 de combina\u021bii posibile.<\/p>\n<p class=\"font-claude-response-body whitespace-normal break-words\"><strong>&#8222;C\u00e2t dureaz\u0103 s\u0103 v\u0103d rezultate?&#8221;<\/strong><br \/>\nClaritatea vine imediat. Primele schimb\u0103ri apar \u00een 2-4 s\u0103pt\u0103m\u00e2ni c\u00e2nd aplici strategiile.<\/p>\n<h2 class=\"font-claude-response-heading text-text-100 mt-1 -mb-0.5\"><strong>Rezerv\u0103-\u021bi Analiza BaZi \u00een 3 Pa\u0219i Simpli:<\/strong><\/h2>\n<p class=\"font-claude-response-body whitespace-normal break-words\"><strong>1\ufe0f\u20e3 Apas\u0103 butonul de mai jos pentru a comanda<\/strong><br \/>\n<strong>2\ufe0f\u20e3 Finalizeaz\u0103 plata securizat online<\/strong><br \/>\n<strong>3\ufe0f\u20e3 Dup\u0103 confirmarea pl\u0103\u021bii, te voi contacta personal \u00een 24h pentru a stabili \u00eempreun\u0103 ziua \u0219i ora perfect\u0103 pentru consulta\u021bia ta<\/strong><\/p>\n<\/div>\n<p>&nbsp;<\/p>\n<h1 data-start=\"2529\" data-end=\"2555\">Pre\u021b:\u00a0<strong data-start=\"2542\" data-end=\"2553\">400 lei<\/strong><\/h1>\n<p data-start=\"2556\" data-end=\"2721\"><span style=\"color: #ff0000;\">Dup\u0103 finalizarea comenzii, vei fi contactat(\u0103) pentru stabilirea program\u0103rii.<\/span><\/p>","protected":false},"excerpt":{"rendered":"<p>Analiza BaZi Personal\u0103 &#8211; Descoper\u0103-\u021bi Codul Secret al Succesului \u0218tiai c\u0103 data ta de na\u0219tere con\u021bine un cod unic care \u00ee\u021bi determin\u0103 poten\u021bialul \u00een via\u021b\u0103? Te-ai \u00eentrebat vreodat\u0103 de ce unii oameni par s\u0103 atrag\u0103 succesul f\u0103r\u0103 efort, \u00een timp ce al\u021bii muncesc din greu f\u0103r\u0103 rezultate pe m\u0103sur\u0103? De ce anumite perioade din via\u021b\u0103 [&hellip;]<\/p>","protected":false},"featured_media":52646,"comment_status":"closed","ping_status":"closed","template":"","meta":{"_et_pb_use_builder":"","_et_pb_old_content":"","_et_gb_content_width":""},"product_cat":[44],"product_tag":[],"yoast_head":"<!-- This site is optimized with the Yoast SEO plugin v22.6 - https:\/\/yoast.com\/wordpress\/plugins\/seo\/ -->\n<title>Analiza BaZi Personal\u0103 - Descoper\u0103-\u021bi Codul Secret al Succesului - Feng Shui<\/title>\n<meta name=\"description\" content=\"Descoper\u0103-\u021bi codul personal de succes prin analiza BaZi personalizat\u0103. Claritate \u00een carier\u0103, rela\u021bii \u0219i bani. Consultan\u021b\u0103 certificat\u0103. Rezerv\u0103 acum!\" \/>\n<meta name=\"robots\" content=\"index, follow, max-snippet:-1, max-image-preview:large, max-video-preview:-1\" \/>\n<link rel=\"canonical\" href=\"https:\/\/crinailiescu.ro\/en\/product\/analiza-bazi-personala-descopera-ti-codul-secret-al-succesului\/\" \/>\n<meta property=\"og:locale\" content=\"en_US\" \/>\n<meta property=\"og:type\" content=\"article\" \/>\n<meta property=\"og:title\" content=\"Analiza BaZi Personal\u0103 - Descoper\u0103-\u021bi Codul Secret al Succesului - Feng Shui\" \/>\n<meta property=\"og:description\" content=\"Descoper\u0103-\u021bi codul personal de succes prin analiza BaZi personalizat\u0103. Claritate \u00een carier\u0103, rela\u021bii \u0219i bani. Consultan\u021b\u0103 certificat\u0103. Rezerv\u0103 acum!\" \/>\n<meta property=\"og:url\" content=\"https:\/\/crinailiescu.ro\/en\/product\/analiza-bazi-personala-descopera-ti-codul-secret-al-succesului\/\" \/>\n<meta property=\"og:site_name\" content=\"Feng Shui\" \/>\n<meta property=\"og:image\" content=\"https:\/\/crinailiescu.ro\/wp-content\/uploads\/2021\/11\/vrei-sa-cunosti-pe-cineva-cu-adevarat.jpg\" \/>\n\t<meta property=\"og:image:width\" content=\"900\" \/>\n\t<meta property=\"og:image:height\" content=\"460\" \/>\n\t<meta property=\"og:image:type\" content=\"image\/jpeg\" \/>\n<meta name=\"twitter:card\" content=\"summary_large_image\" \/>\n<meta name=\"twitter:label1\" content=\"Est. reading time\" \/>\n\t<meta name=\"twitter:data1\" content=\"4 minutes\" \/>\n<script type=\"application\/ld+json\" class=\"yoast-schema-graph\">{\"@context\":\"https:\/\/schema.org\",\"@graph\":[{\"@type\":\"WebPage\",\"@id\":\"https:\/\/crinailiescu.ro\/produs\/analiza-bazi-personala-descopera-ti-codul-secret-al-succesului\/\",\"url\":\"https:\/\/crinailiescu.ro\/produs\/analiza-bazi-personala-descopera-ti-codul-secret-al-succesului\/\",\"name\":\"Analiza BaZi Personal\u0103 - Descoper\u0103-\u021bi Codul Secret al Succesului - Feng Shui\",\"isPartOf\":{\"@id\":\"https:\/\/crinailiescu.ro\/#website\"},\"primaryImageOfPage\":{\"@id\":\"https:\/\/crinailiescu.ro\/produs\/analiza-bazi-personala-descopera-ti-codul-secret-al-succesului\/#primaryimage\"},\"image\":{\"@id\":\"https:\/\/crinailiescu.ro\/produs\/analiza-bazi-personala-descopera-ti-codul-secret-al-succesului\/#primaryimage\"},\"thumbnailUrl\":\"https:\/\/crinailiescu.ro\/wp-content\/uploads\/2021\/11\/vrei-sa-cunosti-pe-cineva-cu-adevarat.jpg\",\"datePublished\":\"2025-12-02T12:56:51+00:00\",\"dateModified\":\"2025-12-02T12:56:51+00:00\",\"description\":\"Descoper\u0103-\u021bi codul personal de succes prin analiza BaZi personalizat\u0103. Claritate \u00een carier\u0103, rela\u021bii \u0219i bani. Consultan\u021b\u0103 certificat\u0103. Rezerv\u0103 acum!\",\"breadcrumb\":{\"@id\":\"https:\/\/crinailiescu.ro\/produs\/analiza-bazi-personala-descopera-ti-codul-secret-al-succesului\/#breadcrumb\"},\"inLanguage\":\"en-US\",\"potentialAction\":[{\"@type\":\"ReadAction\",\"target\":[\"https:\/\/crinailiescu.ro\/produs\/analiza-bazi-personala-descopera-ti-codul-secret-al-succesului\/\"]}]},{\"@type\":\"ImageObject\",\"inLanguage\":\"en-US\",\"@id\":\"https:\/\/crinailiescu.ro\/produs\/analiza-bazi-personala-descopera-ti-codul-secret-al-succesului\/#primaryimage\",\"url\":\"https:\/\/crinailiescu.ro\/wp-content\/uploads\/2021\/11\/vrei-sa-cunosti-pe-cineva-cu-adevarat.jpg\",\"contentUrl\":\"https:\/\/crinailiescu.ro\/wp-content\/uploads\/2021\/11\/vrei-sa-cunosti-pe-cineva-cu-adevarat.jpg\",\"width\":900,\"height\":460},{\"@type\":\"BreadcrumbList\",\"@id\":\"https:\/\/crinailiescu.ro\/produs\/analiza-bazi-personala-descopera-ti-codul-secret-al-succesului\/#breadcrumb\",\"itemListElement\":[{\"@type\":\"ListItem\",\"position\":1,\"name\":\"Prima pagin\u0103\",\"item\":\"https:\/\/crinailiescu.ro\/ro\/\"},{\"@type\":\"ListItem\",\"position\":2,\"name\":\"Products\",\"item\":\"https:\/\/crinailiescu.ro\/en\/shop\/\"},{\"@type\":\"ListItem\",\"position\":3,\"name\":\"Analiza BaZi Personal\u0103 &#8211; Descoper\u0103-\u021bi Codul Secret al Succesului\"}]},{\"@type\":\"WebSite\",\"@id\":\"https:\/\/crinailiescu.ro\/#website\",\"url\":\"https:\/\/crinailiescu.ro\/\",\"name\":\"Feng Shui\",\"description\":\"Feng Shui, Qi Men, BaZi, Selectare Date, Metafizica Chineza\",\"potentialAction\":[{\"@type\":\"SearchAction\",\"target\":{\"@type\":\"EntryPoint\",\"urlTemplate\":\"https:\/\/crinailiescu.ro\/?s={search_term_string}\"},\"query-input\":\"required name=search_term_string\"}],\"inLanguage\":\"en-US\"}]}<\/script>\n<!-- \/ Yoast SEO plugin. -->","yoast_head_json":{"title":"Analiza BaZi Personal\u0103 - Descoper\u0103-\u021bi Codul Secret al Succesului - Feng Shui","description":"Descoper\u0103-\u021bi codul personal de succes prin analiza BaZi personalizat\u0103. Claritate \u00een carier\u0103, rela\u021bii \u0219i bani. Consultan\u021b\u0103 certificat\u0103. Rezerv\u0103 acum!","robots":{"index":"index","follow":"follow","max-snippet":"max-snippet:-1","max-image-preview":"max-image-preview:large","max-video-preview":"max-video-preview:-1"},"canonical":"https:\/\/crinailiescu.ro\/en\/product\/analiza-bazi-personala-descopera-ti-codul-secret-al-succesului\/","og_locale":"en_US","og_type":"article","og_title":"Analiza BaZi Personal\u0103 - Descoper\u0103-\u021bi Codul Secret al Succesului - Feng Shui","og_description":"Descoper\u0103-\u021bi codul personal de succes prin analiza BaZi personalizat\u0103. Claritate \u00een carier\u0103, rela\u021bii \u0219i bani. Consultan\u021b\u0103 certificat\u0103. Rezerv\u0103 acum!","og_url":"https:\/\/crinailiescu.ro\/en\/product\/analiza-bazi-personala-descopera-ti-codul-secret-al-succesului\/","og_site_name":"Feng Shui","og_image":[{"width":900,"height":460,"url":"https:\/\/crinailiescu.ro\/wp-content\/uploads\/2021\/11\/vrei-sa-cunosti-pe-cineva-cu-adevarat.jpg","type":"image\/jpeg"}],"twitter_card":"summary_large_image","twitter_misc":{"Est. reading time":"4 minutes"},"schema":{"@context":"https:\/\/schema.org","@graph":[{"@type":"WebPage","@id":"https:\/\/crinailiescu.ro\/produs\/analiza-bazi-personala-descopera-ti-codul-secret-al-succesului\/","url":"https:\/\/crinailiescu.ro\/produs\/analiza-bazi-personala-descopera-ti-codul-secret-al-succesului\/","name":"Analiza BaZi Personal\u0103 - Descoper\u0103-\u021bi Codul Secret al Succesului - Feng Shui","isPartOf":{"@id":"https:\/\/crinailiescu.ro\/#website"},"primaryImageOfPage":{"@id":"https:\/\/crinailiescu.ro\/produs\/analiza-bazi-personala-descopera-ti-codul-secret-al-succesului\/#primaryimage"},"image":{"@id":"https:\/\/crinailiescu.ro\/produs\/analiza-bazi-personala-descopera-ti-codul-secret-al-succesului\/#primaryimage"},"thumbnailUrl":"https:\/\/crinailiescu.ro\/wp-content\/uploads\/2021\/11\/vrei-sa-cunosti-pe-cineva-cu-adevarat.jpg","datePublished":"2025-12-02T12:56:51+00:00","dateModified":"2025-12-02T12:56:51+00:00","description":"Descoper\u0103-\u021bi codul personal de succes prin analiza BaZi personalizat\u0103. Claritate \u00een carier\u0103, rela\u021bii \u0219i bani. Consultan\u021b\u0103 certificat\u0103. Rezerv\u0103 acum!","breadcrumb":{"@id":"https:\/\/crinailiescu.ro\/produs\/analiza-bazi-personala-descopera-ti-codul-secret-al-succesului\/#breadcrumb"},"inLanguage":"en-US","potentialAction":[{"@type":"ReadAction","target":["https:\/\/crinailiescu.ro\/produs\/analiza-bazi-personala-descopera-ti-codul-secret-al-succesului\/"]}]},{"@type":"ImageObject","inLanguage":"en-US","@id":"https:\/\/crinailiescu.ro\/produs\/analiza-bazi-personala-descopera-ti-codul-secret-al-succesului\/#primaryimage","url":"https:\/\/crinailiescu.ro\/wp-content\/uploads\/2021\/11\/vrei-sa-cunosti-pe-cineva-cu-adevarat.jpg","contentUrl":"https:\/\/crinailiescu.ro\/wp-content\/uploads\/2021\/11\/vrei-sa-cunosti-pe-cineva-cu-adevarat.jpg","width":900,"height":460},{"@type":"BreadcrumbList","@id":"https:\/\/crinailiescu.ro\/produs\/analiza-bazi-personala-descopera-ti-codul-secret-al-succesului\/#breadcrumb","itemListElement":[{"@type":"ListItem","position":1,"name":"Prima pagin\u0103","item":"https:\/\/crinailiescu.ro\/ro\/"},{"@type":"ListItem","position":2,"name":"Products","item":"https:\/\/crinailiescu.ro\/en\/shop\/"},{"@type":"ListItem","position":3,"name":"Analiza BaZi Personal\u0103 &#8211; Descoper\u0103-\u021bi Codul Secret al Succesului"}]},{"@type":"WebSite","@id":"https:\/\/crinailiescu.ro\/#website","url":"https:\/\/crinailiescu.ro\/","name":"Feng Shui","description":"Feng Shui, Qi Men, BaZi, Selectare Date, Metafizica Chineza","potentialAction":[{"@type":"SearchAction","target":{"@type":"EntryPoint","urlTemplate":"https:\/\/crinailiescu.ro\/?s={search_term_string}"},"query-input":"required name=search_term_string"}],"inLanguage":"en-US"}]}},"_links":{"self":[{"href":"https:\/\/crinailiescu.ro\/en\/wp-json\/wp\/v2\/product\/53842"}],"collection":[{"href":"https:\/\/crinailiescu.ro\/en\/wp-json\/wp\/v2\/product"}],"about":[{"href":"https:\/\/crinailiescu.ro\/en\/wp-json\/wp\/v2\/types\/product"}],"replies":[{"embeddable":true,"href":"https:\/\/crinailiescu.ro\/en\/wp-json\/wp\/v2\/comments?post=53842"}],"wp:featuredmedia":[{"embeddable":true,"href":"https:\/\/crinailiescu.ro\/en\/wp-json\/wp\/v2\/media\/52646"}],"wp:attachment":[{"href":"https:\/\/crinailiescu.ro\/en\/wp-json\/wp\/v2\/media?parent=53842"}],"wp:term":[{"taxonomy":"product_cat","embeddable":true,"href":"https:\/\/crinailiescu.ro\/en\/wp-json\/wp\/v2\/product_cat?post=53842"},{"taxonomy":"product_tag","embeddable":true,"href":"https:\/\/crinailiescu.ro\/en\/wp-json\/wp\/v2\/product_tag?post=53842"}],"curies":[{"name":"wp","href":"https:\/\/api.w.org\/{rel}","templated":true}]}}