{"id":53871,"date":"2026-03-30T16:23:17","date_gmt":"2026-03-30T13:23:17","guid":{"rendered":"https:\/\/crinailiescu.ro\/?post_type=product&#038;p=53871"},"modified":"2026-03-30T16:23:17","modified_gmt":"2026-03-30T13:23:17","slug":"consultanta-cariera","status":"publish","type":"product","link":"https:\/\/crinailiescu.ro\/en\/product\/consultanta-cariera\/","title":{"rendered":"Consultan\u021b\u0103 Carier\u0103"},"content":{"rendered":"<div>\n<div class=\"standard-markdown grid-cols-1 grid [&amp;_&gt;_*]:min-w-0 gap-3\">\n<p class=\"font-claude-response-body break-words whitespace-normal leading-[1.7]\">Restructur\u0103ri. Proiecte care se opresc brusc. Companii care se transform\u0103 peste noapte. Joburi care dispar mai repede dec\u00e2t apar altele.<\/p>\n<\/div>\n<\/div>\n<div>\n<div class=\"standard-markdown grid-cols-1 grid [&amp;_&gt;_*]:min-w-0 gap-3\">\n<p class=\"font-claude-response-body break-words whitespace-normal leading-[1.7]\">Dac\u0103 sim\u021bi c\u0103 locul t\u0103u \u00een organiza\u021bie nu mai este la fel de sigur ca \u00eenainte \u2014 sau dac\u0103 pur \u0219i simplu vrei s\u0103 faci o schimbare \u00eenainte s\u0103 fii nevoit \u2014 <strong>aceast\u0103 sesiune este pentru tine.<\/strong><\/p>\n<\/div>\n<\/div>\n<div>\n<div class=\"standard-markdown grid-cols-1 grid [&amp;_&gt;_*]:min-w-0 gap-3\">\n<p class=\"font-claude-response-body break-words whitespace-normal leading-[1.7]\">Nu am s\u0103-\u021bi g\u0103sesc eu un job. Nu negociez salarii \u0219i nu sunt un recrutor.<\/p>\n<\/div>\n<\/div>\n<div>\n<div class=\"standard-markdown grid-cols-1 grid [&amp;_&gt;_*]:min-w-0 gap-3\">\n<p class=\"font-claude-response-body break-words whitespace-normal leading-[1.7]\">Sunt un <strong>strateg \u00een decizii \u0219i claritate<\/strong>, cu 17 ani de experien\u021b\u0103 \u00een mediul corporativ interna\u021bional, \u0219i \u00ee\u021bi voi ar\u0103ta exact ce ai de f\u0103cut tu \u2014 cu resursele, talentele \u0219i poten\u021bialul t\u0103u \u2014 pentru ca tranzi\u021bia profesional\u0103 s\u0103 se \u00eent\u00e2mple \u00een favoarea ta, nu \u00eempotriva ta.<\/p>\n<h3 class=\"text-text-100 mt-2 -mb-1 text-base font-bold\">Ce explor\u0103m \u00eempreun\u0103 \u00een aceast\u0103 sesiune:<\/h3>\n<p class=\"font-claude-response-body break-words whitespace-normal leading-[1.7]\"><strong>Unde e\u0219ti acum cu adev\u0103rat.<\/strong> Facem o hart\u0103 clar\u0103 a pozi\u021biei tale actuale \u2014 competen\u021be, valoare real\u0103 pe pia\u021b\u0103, puncte forte pe care poate nici nu le-ai con\u0219tientizat \u00eenc\u0103.<\/p>\n<p class=\"font-claude-response-body break-words whitespace-normal leading-[1.7]\"><strong>Care este poten\u021bialul t\u0103u profesional real.<\/strong> Nu ce spune CV-ul. Ce spune energia ta, direc\u021bia ta natural\u0103 \u0219i momentul \u00een care te aflii.<\/p>\n<p class=\"font-claude-response-body break-words whitespace-normal leading-[1.7]\"><strong>Ce strategie \u00ee\u021bi cre\u0219te vizibilitatea \u0219i atractivitatea pe pia\u021ba muncii.<\/strong> Cum te pozi\u021bionezi, cum comunici valoarea ta, ce pa\u0219i concre\u021bi faci \u0219i \u00een ce ordine.<\/p>\n<p class=\"font-claude-response-body break-words whitespace-normal leading-[1.7]\"><strong>Ce s\u0103 evi\u021bi \u00een aceast\u0103 perioad\u0103.<\/strong><\/p>\n<h3 class=\"text-text-100 mt-2 -mb-1 text-base font-bold\">Cui se adreseaz\u0103 aceast\u0103 consultan\u021b\u0103 de carier\u0103:<\/h3>\n<p class=\"font-claude-response-body break-words whitespace-normal leading-[1.7]\">\u2726 <strong>Angaja\u021bilor<\/strong> care simt c\u0103 locul lor de munc\u0103 devine nesigur \u0219i vor s\u0103 fie preg\u0103ti\u021bi \u00eenainte s\u0103 fie nevoi\u021bi s\u0103 reac\u021bioneze<\/p>\n<p class=\"font-claude-response-body break-words whitespace-normal leading-[1.7]\">\u2726 <strong>Managerilor \u0219i profesioni\u0219tilor seniori<\/strong> care vor o tranzi\u021bie strategic\u0103, nu una de urgen\u021b\u0103<\/p>\n<p class=\"font-claude-response-body break-words whitespace-normal leading-[1.7]\">\u2726 <strong>Antreprenorilor \u00een tranzi\u021bie<\/strong> care se \u00eentorc \u00een mediul corporativ sau exploreaz\u0103 un nou domeniu<\/p>\n<p class=\"font-claude-response-body break-words whitespace-normal leading-[1.7]\">\u2726 <strong>Persoanelor care vor s\u0103 schimbe domeniul<\/strong> \u0219i nu \u0219tiu de unde s\u0103 \u00eenceap\u0103 sau dac\u0103 au resursele necesare<\/p>\n<h3 class=\"text-text-100 mt-2 -mb-1 text-base font-bold\">Ce prime\u0219ti:<\/h3>\n<p class=\"font-claude-response-body break-words whitespace-normal leading-[1.7]\">\u2714 O sesiune 1:1 de <strong>60 de minute <\/strong>online<\/p>\n<p class=\"font-claude-response-body break-words whitespace-normal leading-[1.7]\">\u2714 O analiz\u0103 clar\u0103 a situa\u021biei tale profesionale actuale<\/p>\n<p class=\"font-claude-response-body break-words whitespace-normal leading-[1.7]\">\u2714 O strategie personalizat\u0103 de ac\u021biune \u2013 pa\u0219i concre\u021bi, \u00een ordinea corect\u0103<\/p>\n<p class=\"font-claude-response-body break-words whitespace-normal leading-[1.7]\">\u2714 Claritate \u0219i \u00eencredere c\u0103 \u0219tii ce urmeaz\u0103 \u0219i cum s\u0103 te mi\u0219ti<\/p>\n<h3 class=\"text-text-100 mt-2 -mb-1 text-base font-bold\">De ce eu?<\/h3>\n<p class=\"font-claude-response-body break-words whitespace-normal leading-[1.7]\">Am lucrat 17 ani \u00een proiecte interna\u021bionale complexe, am coordonat echipe multiculturale \u0219i am navigat eu \u00eens\u0103mi momente de tranzi\u021bie major\u0103. \u0218tiu din interior cum func\u021bioneaz\u0103 organiza\u021biile, cum se iau deciziile \u0219i ce conteaz\u0103 cu adev\u0103rat c\u00e2nd vine vorba de carier\u0103.<\/p>\n<h1 data-start=\"2529\" data-end=\"2555\">Pre\u021b:\u00a0<strong data-start=\"2542\" data-end=\"2553\">400 lei<\/strong><\/h1>\n<p data-start=\"2556\" data-end=\"2721\">Dup\u0103 finalizarea comenzii, vei fi contactat(\u0103) pentru stabilirea program\u0103rii.<\/p>\n<p data-start=\"2556\" data-end=\"2721\">Vezi si produs: <a href=\"https:\/\/crinailiescu.ro\/en\/product\/analiza-bazi-personala-descopera-ti-codul-secret-al-succesului\/\">Analiza BaZi<\/a><\/p>\n<\/div>\n<\/div>","protected":false},"excerpt":{"rendered":"<p>Restructur\u0103ri. Proiecte care se opresc brusc. Companii care se transform\u0103 peste noapte. Joburi care dispar mai repede dec\u00e2t apar altele. Dac\u0103 sim\u021bi c\u0103 locul t\u0103u \u00een organiza\u021bie nu mai este la fel de sigur ca \u00eenainte \u2014 sau dac\u0103 pur \u0219i simplu vrei s\u0103 faci o schimbare \u00eenainte s\u0103 fii nevoit \u2014 aceast\u0103 sesiune este [&hellip;]<\/p>","protected":false},"featured_media":53018,"comment_status":"closed","ping_status":"closed","template":"","meta":{"_et_pb_use_builder":"","_et_pb_old_content":"","_et_gb_content_width":""},"product_cat":[44],"product_tag":[],"yoast_head":"<!-- This site is optimized with the Yoast SEO plugin v22.6 - https:\/\/yoast.com\/wordpress\/plugins\/seo\/ -->\n<title>Consultan\u021b\u0103 Carier\u0103 - Feng Shui<\/title>\n<meta name=\"description\" content=\"Jobul t\u0103u e \u00een schimbare? Descoper\u0103 o strategie clar\u0103 de carier\u0103 adaptat\u0103 poten\u021bialului t\u0103u real.\" \/>\n<meta name=\"robots\" content=\"index, follow, max-snippet:-1, max-image-preview:large, max-video-preview:-1\" \/>\n<link rel=\"canonical\" href=\"https:\/\/crinailiescu.ro\/en\/product\/consultanta-cariera\/\" \/>\n<meta property=\"og:locale\" content=\"en_US\" \/>\n<meta property=\"og:type\" content=\"article\" \/>\n<meta property=\"og:title\" content=\"Consultan\u021b\u0103 Carier\u0103 - Feng Shui\" \/>\n<meta property=\"og:description\" content=\"Jobul t\u0103u e \u00een schimbare? Descoper\u0103 o strategie clar\u0103 de carier\u0103 adaptat\u0103 poten\u021bialului t\u0103u real.\" \/>\n<meta property=\"og:url\" content=\"https:\/\/crinailiescu.ro\/en\/product\/consultanta-cariera\/\" \/>\n<meta property=\"og:site_name\" content=\"Feng Shui\" \/>\n<meta property=\"og:image\" content=\"https:\/\/crinailiescu.ro\/wp-content\/uploads\/2022\/06\/avere-2.jpg\" \/>\n\t<meta property=\"og:image:width\" content=\"800\" \/>\n\t<meta property=\"og:image:height\" content=\"440\" \/>\n\t<meta property=\"og:image:type\" content=\"image\/jpeg\" \/>\n<meta name=\"twitter:card\" content=\"summary_large_image\" \/>\n<meta name=\"twitter:label1\" content=\"Est. reading time\" \/>\n\t<meta name=\"twitter:data1\" content=\"3 minutes\" \/>\n<script type=\"application\/ld+json\" class=\"yoast-schema-graph\">{\"@context\":\"https:\/\/schema.org\",\"@graph\":[{\"@type\":\"WebPage\",\"@id\":\"https:\/\/crinailiescu.ro\/produs\/consultanta-cariera\/\",\"url\":\"https:\/\/crinailiescu.ro\/produs\/consultanta-cariera\/\",\"name\":\"Consultan\u021b\u0103 Carier\u0103 - Feng Shui\",\"isPartOf\":{\"@id\":\"https:\/\/crinailiescu.ro\/#website\"},\"primaryImageOfPage\":{\"@id\":\"https:\/\/crinailiescu.ro\/produs\/consultanta-cariera\/#primaryimage\"},\"image\":{\"@id\":\"https:\/\/crinailiescu.ro\/produs\/consultanta-cariera\/#primaryimage\"},\"thumbnailUrl\":\"https:\/\/crinailiescu.ro\/wp-content\/uploads\/2022\/06\/avere-2.jpg\",\"datePublished\":\"2026-03-30T13:23:17+00:00\",\"dateModified\":\"2026-03-30T13:23:17+00:00\",\"description\":\"Jobul t\u0103u e \u00een schimbare? Descoper\u0103 o strategie clar\u0103 de carier\u0103 adaptat\u0103 poten\u021bialului t\u0103u real.\",\"breadcrumb\":{\"@id\":\"https:\/\/crinailiescu.ro\/produs\/consultanta-cariera\/#breadcrumb\"},\"inLanguage\":\"en-US\",\"potentialAction\":[{\"@type\":\"ReadAction\",\"target\":[\"https:\/\/crinailiescu.ro\/produs\/consultanta-cariera\/\"]}]},{\"@type\":\"ImageObject\",\"inLanguage\":\"en-US\",\"@id\":\"https:\/\/crinailiescu.ro\/produs\/consultanta-cariera\/#primaryimage\",\"url\":\"https:\/\/crinailiescu.ro\/wp-content\/uploads\/2022\/06\/avere-2.jpg\",\"contentUrl\":\"https:\/\/crinailiescu.ro\/wp-content\/uploads\/2022\/06\/avere-2.jpg\",\"width\":800,\"height\":440},{\"@type\":\"BreadcrumbList\",\"@id\":\"https:\/\/crinailiescu.ro\/produs\/consultanta-cariera\/#breadcrumb\",\"itemListElement\":[{\"@type\":\"ListItem\",\"position\":1,\"name\":\"Prima pagin\u0103\",\"item\":\"https:\/\/crinailiescu.ro\/ro\/\"},{\"@type\":\"ListItem\",\"position\":2,\"name\":\"Products\",\"item\":\"https:\/\/crinailiescu.ro\/en\/shop\/\"},{\"@type\":\"ListItem\",\"position\":3,\"name\":\"Consultan\u021b\u0103 Carier\u0103\"}]},{\"@type\":\"WebSite\",\"@id\":\"https:\/\/crinailiescu.ro\/#website\",\"url\":\"https:\/\/crinailiescu.ro\/\",\"name\":\"Feng Shui\",\"description\":\"Feng Shui, Qi Men, BaZi, Selectare Date, Metafizica Chineza\",\"potentialAction\":[{\"@type\":\"SearchAction\",\"target\":{\"@type\":\"EntryPoint\",\"urlTemplate\":\"https:\/\/crinailiescu.ro\/?s={search_term_string}\"},\"query-input\":\"required name=search_term_string\"}],\"inLanguage\":\"en-US\"}]}<\/script>\n<!-- \/ Yoast SEO plugin. -->","yoast_head_json":{"title":"Consultan\u021b\u0103 Carier\u0103 - Feng Shui","description":"Jobul t\u0103u e \u00een schimbare? Descoper\u0103 o strategie clar\u0103 de carier\u0103 adaptat\u0103 poten\u021bialului t\u0103u real.","robots":{"index":"index","follow":"follow","max-snippet":"max-snippet:-1","max-image-preview":"max-image-preview:large","max-video-preview":"max-video-preview:-1"},"canonical":"https:\/\/crinailiescu.ro\/en\/product\/consultanta-cariera\/","og_locale":"en_US","og_type":"article","og_title":"Consultan\u021b\u0103 Carier\u0103 - Feng Shui","og_description":"Jobul t\u0103u e \u00een schimbare? Descoper\u0103 o strategie clar\u0103 de carier\u0103 adaptat\u0103 poten\u021bialului t\u0103u real.","og_url":"https:\/\/crinailiescu.ro\/en\/product\/consultanta-cariera\/","og_site_name":"Feng Shui","og_image":[{"width":800,"height":440,"url":"https:\/\/crinailiescu.ro\/wp-content\/uploads\/2022\/06\/avere-2.jpg","type":"image\/jpeg"}],"twitter_card":"summary_large_image","twitter_misc":{"Est. reading time":"3 minutes"},"schema":{"@context":"https:\/\/schema.org","@graph":[{"@type":"WebPage","@id":"https:\/\/crinailiescu.ro\/produs\/consultanta-cariera\/","url":"https:\/\/crinailiescu.ro\/produs\/consultanta-cariera\/","name":"Consultan\u021b\u0103 Carier\u0103 - Feng Shui","isPartOf":{"@id":"https:\/\/crinailiescu.ro\/#website"},"primaryImageOfPage":{"@id":"https:\/\/crinailiescu.ro\/produs\/consultanta-cariera\/#primaryimage"},"image":{"@id":"https:\/\/crinailiescu.ro\/produs\/consultanta-cariera\/#primaryimage"},"thumbnailUrl":"https:\/\/crinailiescu.ro\/wp-content\/uploads\/2022\/06\/avere-2.jpg","datePublished":"2026-03-30T13:23:17+00:00","dateModified":"2026-03-30T13:23:17+00:00","description":"Jobul t\u0103u e \u00een schimbare? Descoper\u0103 o strategie clar\u0103 de carier\u0103 adaptat\u0103 poten\u021bialului t\u0103u real.","breadcrumb":{"@id":"https:\/\/crinailiescu.ro\/produs\/consultanta-cariera\/#breadcrumb"},"inLanguage":"en-US","potentialAction":[{"@type":"ReadAction","target":["https:\/\/crinailiescu.ro\/produs\/consultanta-cariera\/"]}]},{"@type":"ImageObject","inLanguage":"en-US","@id":"https:\/\/crinailiescu.ro\/produs\/consultanta-cariera\/#primaryimage","url":"https:\/\/crinailiescu.ro\/wp-content\/uploads\/2022\/06\/avere-2.jpg","contentUrl":"https:\/\/crinailiescu.ro\/wp-content\/uploads\/2022\/06\/avere-2.jpg","width":800,"height":440},{"@type":"BreadcrumbList","@id":"https:\/\/crinailiescu.ro\/produs\/consultanta-cariera\/#breadcrumb","itemListElement":[{"@type":"ListItem","position":1,"name":"Prima pagin\u0103","item":"https:\/\/crinailiescu.ro\/ro\/"},{"@type":"ListItem","position":2,"name":"Products","item":"https:\/\/crinailiescu.ro\/en\/shop\/"},{"@type":"ListItem","position":3,"name":"Consultan\u021b\u0103 Carier\u0103"}]},{"@type":"WebSite","@id":"https:\/\/crinailiescu.ro\/#website","url":"https:\/\/crinailiescu.ro\/","name":"Feng Shui","description":"Feng Shui, Qi Men, BaZi, Selectare Date, Metafizica Chineza","potentialAction":[{"@type":"SearchAction","target":{"@type":"EntryPoint","urlTemplate":"https:\/\/crinailiescu.ro\/?s={search_term_string}"},"query-input":"required name=search_term_string"}],"inLanguage":"en-US"}]}},"_links":{"self":[{"href":"https:\/\/crinailiescu.ro\/en\/wp-json\/wp\/v2\/product\/53871"}],"collection":[{"href":"https:\/\/crinailiescu.ro\/en\/wp-json\/wp\/v2\/product"}],"about":[{"href":"https:\/\/crinailiescu.ro\/en\/wp-json\/wp\/v2\/types\/product"}],"replies":[{"embeddable":true,"href":"https:\/\/crinailiescu.ro\/en\/wp-json\/wp\/v2\/comments?post=53871"}],"wp:featuredmedia":[{"embeddable":true,"href":"https:\/\/crinailiescu.ro\/en\/wp-json\/wp\/v2\/media\/53018"}],"wp:attachment":[{"href":"https:\/\/crinailiescu.ro\/en\/wp-json\/wp\/v2\/media?parent=53871"}],"wp:term":[{"taxonomy":"product_cat","embeddable":true,"href":"https:\/\/crinailiescu.ro\/en\/wp-json\/wp\/v2\/product_cat?post=53871"},{"taxonomy":"product_tag","embeddable":true,"href":"https:\/\/crinailiescu.ro\/en\/wp-json\/wp\/v2\/product_tag?post=53871"}],"curies":[{"name":"wp","href":"https:\/\/api.w.org\/{rel}","templated":true}]}}