{"id":53872,"date":"2026-04-13T13:06:05","date_gmt":"2026-04-13T10:06:05","guid":{"rendered":"https:\/\/crinailiescu.ro\/?post_type=product&#038;p=53872"},"modified":"2026-04-13T13:09:11","modified_gmt":"2026-04-13T10:09:11","slug":"pdf-calendar-strategic-mai-2026-stii-ce-sa-faci-acum-afla-si-cand","status":"publish","type":"product","link":"https:\/\/crinailiescu.ro\/en\/product\/pdf-calendar-strategic-mai-2026-stii-ce-sa-faci-acum-afla-si-cand\/","title":{"rendered":"Pdf &#8211; Calendar Strategic luna Mai 2026. \u0218tii ce s\u0103 faci. Acum afl\u0103 \u0219i c\u00e2nd."},"content":{"rendered":"<p><strong>Calendar Strategic Mai 2026<\/strong> <em>\u0218tii ce s\u0103 faci. Acum afl\u0103 \u0219i c\u00e2nd.<\/em><\/p>\n<p class=\"font-claude-response-body break-words whitespace-normal leading-[1.7]\">Exist\u0103 zile \u00een care orice ai face pare s\u0103 curg\u0103 u\u0219or \u2014 deciziile se iau singure, oamenii sunt deschi\u0219i, banii vin. \u0218i exist\u0103 zile \u00een care, oric\u00e2t de mult te str\u0103dui, parc\u0103 dai cu capul de un zid.<\/p>\n<p class=\"font-claude-response-body break-words whitespace-normal leading-[1.7]\">Diferen\u021ba nu e\u0219ti tu. Este timing-ul.<\/p>\n<p class=\"font-claude-response-body break-words whitespace-normal leading-[1.7]\"><strong>Calendarul Strategic luna Mai 2026<\/strong>\u00a0\u00ee\u021bi ofer\u0103 exact aceast potential \u2014 zi cu zi, or\u0103 cu or\u0103 \u2014 calculat\u0103 prin metodele de metafizic\u0103 chinez\u0103 pe care le aplic \u00een consultan\u021bele mele private.<\/p>\n<p class=\"font-claude-response-body break-words whitespace-normal leading-[1.7]\"><strong>Ce g\u0103se\u0219ti \u00een calendar, pentru fiecare zi din mai:<\/strong><\/p>\n<p class=\"font-claude-response-body break-words whitespace-normal leading-[1.7]\">\u2726 <strong>Orele favorabile<\/strong> \u2014 fereastra \u00een care ac\u021biunile tale au cel mai mare impact<\/p>\n<p class=\"font-claude-response-body break-words whitespace-normal leading-[1.7]\">\u2726 <strong>Orele nefavorabile<\/strong> \u2014 momentele de evitat pentru decizii importante<\/p>\n<p class=\"font-claude-response-body break-words whitespace-normal leading-[1.7]\">\u2726 <strong>Ac\u021biunile recomandate<\/strong> \u2014 ce tip de activitate este sus\u021binut de energia zilei<\/p>\n<p class=\"font-claude-response-body break-words whitespace-normal leading-[1.7]\">\u2726 <strong>Direc\u021bia de bani a zilei<\/strong> \u2014 pentru cei care vor s\u0103 alinieze \u0219i mi\u0219c\u0103rile financiare<\/p>\n<p class=\"font-claude-response-body break-words whitespace-normal leading-[1.7]\">\u2726 <strong>Zodiile favorizate \u0219i mai pu\u021bin favorizate<\/strong> \u2014 ca s\u0103 \u0219tii cu cine \u0219i c\u00e2nd<\/p>\n<p>Dac\u0103 vrei s\u0103 testezi cum se simte s\u0103 ac\u021bionezi cu timing-ul de partea ta \u2014 mai este momentul.<\/p>\n<p style=\"text-align: center;\"><strong><span style=\"color: #ff0000;\">Atentie: Acest calendar cuprinde DOAR luna MAI 2026. Pentru calendarul complect al anului 2026, vezi mai jos.<\/span><\/strong><\/p>\n<p>Vezi si acest produs: <a href=\"https:\/\/crinailiescu.ro\/en\/product\/timing-strategic-succes\/\">Calendar Strategic 2026 (pdf)<\/a><\/p>","protected":false},"excerpt":{"rendered":"<p>Calendar Strategic Mai 2026 \u0218tii ce s\u0103 faci. Acum afl\u0103 \u0219i c\u00e2nd. Exist\u0103 zile \u00een care orice ai face pare s\u0103 curg\u0103 u\u0219or \u2014 deciziile se iau singure, oamenii sunt deschi\u0219i, banii vin. \u0218i exist\u0103 zile \u00een care, oric\u00e2t de mult te str\u0103dui, parc\u0103 dai cu capul de un zid. Diferen\u021ba nu e\u0219ti tu. Este [&hellip;]<\/p>","protected":false},"featured_media":53875,"comment_status":"closed","ping_status":"closed","template":"","meta":{"_et_pb_use_builder":"","_et_pb_old_content":"","_et_gb_content_width":""},"product_cat":[44],"product_tag":[],"yoast_head":"<!-- This site is optimized with the Yoast SEO plugin v22.6 - https:\/\/yoast.com\/wordpress\/plugins\/seo\/ -->\n<title>Pdf - Calendar Strategic luna Mai 2026. \u0218tii ce s\u0103 faci. Acum afl\u0103 \u0219i c\u00e2nd. - Feng Shui<\/title>\n<meta name=\"description\" content=\"Descoper\u0103 orele favorabile, direc\u021bia de bani \u0219i ac\u021biunile recomandate pentru fiecare zi din mai 2025. Calendar strategic calculat prin metafizic\u0103 chinez\u0103.\" \/>\n<meta name=\"robots\" content=\"index, follow, max-snippet:-1, max-image-preview:large, max-video-preview:-1\" \/>\n<link rel=\"canonical\" href=\"https:\/\/crinailiescu.ro\/en\/product\/pdf-calendar-strategic-mai-2026-stii-ce-sa-faci-acum-afla-si-cand\/\" \/>\n<meta property=\"og:locale\" content=\"en_US\" \/>\n<meta property=\"og:type\" content=\"article\" \/>\n<meta property=\"og:title\" content=\"Pdf - Calendar Strategic luna Mai 2026. \u0218tii ce s\u0103 faci. Acum afl\u0103 \u0219i c\u00e2nd. - Feng Shui\" \/>\n<meta property=\"og:description\" content=\"Descoper\u0103 orele favorabile, direc\u021bia de bani \u0219i ac\u021biunile recomandate pentru fiecare zi din mai 2025. Calendar strategic calculat prin metafizic\u0103 chinez\u0103.\" \/>\n<meta property=\"og:url\" content=\"https:\/\/crinailiescu.ro\/en\/product\/pdf-calendar-strategic-mai-2026-stii-ce-sa-faci-acum-afla-si-cand\/\" \/>\n<meta property=\"og:site_name\" content=\"Feng Shui\" \/>\n<meta property=\"article:modified_time\" content=\"2026-04-13T10:09:11+00:00\" \/>\n<meta property=\"og:image\" content=\"https:\/\/crinailiescu.ro\/wp-content\/uploads\/2026\/04\/CAlendar-mai.jpeg\" \/>\n\t<meta property=\"og:image:width\" content=\"1290\" \/>\n\t<meta property=\"og:image:height\" content=\"775\" \/>\n\t<meta property=\"og:image:type\" content=\"image\/jpeg\" \/>\n<meta name=\"twitter:card\" content=\"summary_large_image\" \/>\n<meta name=\"twitter:label1\" content=\"Est. reading time\" \/>\n\t<meta name=\"twitter:data1\" content=\"2 minutes\" \/>\n<script type=\"application\/ld+json\" class=\"yoast-schema-graph\">{\"@context\":\"https:\/\/schema.org\",\"@graph\":[{\"@type\":\"WebPage\",\"@id\":\"https:\/\/crinailiescu.ro\/produs\/pdf-calendar-strategic-mai-2026-stii-ce-sa-faci-acum-afla-si-cand\/\",\"url\":\"https:\/\/crinailiescu.ro\/produs\/pdf-calendar-strategic-mai-2026-stii-ce-sa-faci-acum-afla-si-cand\/\",\"name\":\"Pdf - Calendar Strategic luna Mai 2026. \u0218tii ce s\u0103 faci. Acum afl\u0103 \u0219i c\u00e2nd. - Feng Shui\",\"isPartOf\":{\"@id\":\"https:\/\/crinailiescu.ro\/#website\"},\"primaryImageOfPage\":{\"@id\":\"https:\/\/crinailiescu.ro\/produs\/pdf-calendar-strategic-mai-2026-stii-ce-sa-faci-acum-afla-si-cand\/#primaryimage\"},\"image\":{\"@id\":\"https:\/\/crinailiescu.ro\/produs\/pdf-calendar-strategic-mai-2026-stii-ce-sa-faci-acum-afla-si-cand\/#primaryimage\"},\"thumbnailUrl\":\"https:\/\/crinailiescu.ro\/wp-content\/uploads\/2026\/04\/CAlendar-mai.jpeg\",\"datePublished\":\"2026-04-13T10:06:05+00:00\",\"dateModified\":\"2026-04-13T10:09:11+00:00\",\"description\":\"Descoper\u0103 orele favorabile, direc\u021bia de bani \u0219i ac\u021biunile recomandate pentru fiecare zi din mai 2025. Calendar strategic calculat prin metafizic\u0103 chinez\u0103.\",\"breadcrumb\":{\"@id\":\"https:\/\/crinailiescu.ro\/produs\/pdf-calendar-strategic-mai-2026-stii-ce-sa-faci-acum-afla-si-cand\/#breadcrumb\"},\"inLanguage\":\"en-US\",\"potentialAction\":[{\"@type\":\"ReadAction\",\"target\":[\"https:\/\/crinailiescu.ro\/produs\/pdf-calendar-strategic-mai-2026-stii-ce-sa-faci-acum-afla-si-cand\/\"]}]},{\"@type\":\"ImageObject\",\"inLanguage\":\"en-US\",\"@id\":\"https:\/\/crinailiescu.ro\/produs\/pdf-calendar-strategic-mai-2026-stii-ce-sa-faci-acum-afla-si-cand\/#primaryimage\",\"url\":\"https:\/\/crinailiescu.ro\/wp-content\/uploads\/2026\/04\/CAlendar-mai.jpeg\",\"contentUrl\":\"https:\/\/crinailiescu.ro\/wp-content\/uploads\/2026\/04\/CAlendar-mai.jpeg\",\"width\":1290,\"height\":775,\"caption\":\"Screenshot\"},{\"@type\":\"BreadcrumbList\",\"@id\":\"https:\/\/crinailiescu.ro\/produs\/pdf-calendar-strategic-mai-2026-stii-ce-sa-faci-acum-afla-si-cand\/#breadcrumb\",\"itemListElement\":[{\"@type\":\"ListItem\",\"position\":1,\"name\":\"Prima pagin\u0103\",\"item\":\"https:\/\/crinailiescu.ro\/ro\/\"},{\"@type\":\"ListItem\",\"position\":2,\"name\":\"Products\",\"item\":\"https:\/\/crinailiescu.ro\/en\/shop\/\"},{\"@type\":\"ListItem\",\"position\":3,\"name\":\"Pdf &#8211; Calendar Strategic luna Mai 2026. \u0218tii ce s\u0103 faci. Acum afl\u0103 \u0219i c\u00e2nd.\"}]},{\"@type\":\"WebSite\",\"@id\":\"https:\/\/crinailiescu.ro\/#website\",\"url\":\"https:\/\/crinailiescu.ro\/\",\"name\":\"Feng Shui\",\"description\":\"Feng Shui, Qi Men, BaZi, Selectare Date, Metafizica Chineza\",\"potentialAction\":[{\"@type\":\"SearchAction\",\"target\":{\"@type\":\"EntryPoint\",\"urlTemplate\":\"https:\/\/crinailiescu.ro\/?s={search_term_string}\"},\"query-input\":\"required name=search_term_string\"}],\"inLanguage\":\"en-US\"}]}<\/script>\n<!-- \/ Yoast SEO plugin. -->","yoast_head_json":{"title":"Pdf - Calendar Strategic luna Mai 2026. \u0218tii ce s\u0103 faci. Acum afl\u0103 \u0219i c\u00e2nd. - Feng Shui","description":"Descoper\u0103 orele favorabile, direc\u021bia de bani \u0219i ac\u021biunile recomandate pentru fiecare zi din mai 2025. Calendar strategic calculat prin metafizic\u0103 chinez\u0103.","robots":{"index":"index","follow":"follow","max-snippet":"max-snippet:-1","max-image-preview":"max-image-preview:large","max-video-preview":"max-video-preview:-1"},"canonical":"https:\/\/crinailiescu.ro\/en\/product\/pdf-calendar-strategic-mai-2026-stii-ce-sa-faci-acum-afla-si-cand\/","og_locale":"en_US","og_type":"article","og_title":"Pdf - Calendar Strategic luna Mai 2026. \u0218tii ce s\u0103 faci. Acum afl\u0103 \u0219i c\u00e2nd. - Feng Shui","og_description":"Descoper\u0103 orele favorabile, direc\u021bia de bani \u0219i ac\u021biunile recomandate pentru fiecare zi din mai 2025. Calendar strategic calculat prin metafizic\u0103 chinez\u0103.","og_url":"https:\/\/crinailiescu.ro\/en\/product\/pdf-calendar-strategic-mai-2026-stii-ce-sa-faci-acum-afla-si-cand\/","og_site_name":"Feng Shui","article_modified_time":"2026-04-13T10:09:11+00:00","og_image":[{"width":1290,"height":775,"url":"https:\/\/crinailiescu.ro\/wp-content\/uploads\/2026\/04\/CAlendar-mai.jpeg","type":"image\/jpeg"}],"twitter_card":"summary_large_image","twitter_misc":{"Est. reading time":"2 minutes"},"schema":{"@context":"https:\/\/schema.org","@graph":[{"@type":"WebPage","@id":"https:\/\/crinailiescu.ro\/produs\/pdf-calendar-strategic-mai-2026-stii-ce-sa-faci-acum-afla-si-cand\/","url":"https:\/\/crinailiescu.ro\/produs\/pdf-calendar-strategic-mai-2026-stii-ce-sa-faci-acum-afla-si-cand\/","name":"Pdf - Calendar Strategic luna Mai 2026. \u0218tii ce s\u0103 faci. Acum afl\u0103 \u0219i c\u00e2nd. - Feng Shui","isPartOf":{"@id":"https:\/\/crinailiescu.ro\/#website"},"primaryImageOfPage":{"@id":"https:\/\/crinailiescu.ro\/produs\/pdf-calendar-strategic-mai-2026-stii-ce-sa-faci-acum-afla-si-cand\/#primaryimage"},"image":{"@id":"https:\/\/crinailiescu.ro\/produs\/pdf-calendar-strategic-mai-2026-stii-ce-sa-faci-acum-afla-si-cand\/#primaryimage"},"thumbnailUrl":"https:\/\/crinailiescu.ro\/wp-content\/uploads\/2026\/04\/CAlendar-mai.jpeg","datePublished":"2026-04-13T10:06:05+00:00","dateModified":"2026-04-13T10:09:11+00:00","description":"Descoper\u0103 orele favorabile, direc\u021bia de bani \u0219i ac\u021biunile recomandate pentru fiecare zi din mai 2025. Calendar strategic calculat prin metafizic\u0103 chinez\u0103.","breadcrumb":{"@id":"https:\/\/crinailiescu.ro\/produs\/pdf-calendar-strategic-mai-2026-stii-ce-sa-faci-acum-afla-si-cand\/#breadcrumb"},"inLanguage":"en-US","potentialAction":[{"@type":"ReadAction","target":["https:\/\/crinailiescu.ro\/produs\/pdf-calendar-strategic-mai-2026-stii-ce-sa-faci-acum-afla-si-cand\/"]}]},{"@type":"ImageObject","inLanguage":"en-US","@id":"https:\/\/crinailiescu.ro\/produs\/pdf-calendar-strategic-mai-2026-stii-ce-sa-faci-acum-afla-si-cand\/#primaryimage","url":"https:\/\/crinailiescu.ro\/wp-content\/uploads\/2026\/04\/CAlendar-mai.jpeg","contentUrl":"https:\/\/crinailiescu.ro\/wp-content\/uploads\/2026\/04\/CAlendar-mai.jpeg","width":1290,"height":775,"caption":"Screenshot"},{"@type":"BreadcrumbList","@id":"https:\/\/crinailiescu.ro\/produs\/pdf-calendar-strategic-mai-2026-stii-ce-sa-faci-acum-afla-si-cand\/#breadcrumb","itemListElement":[{"@type":"ListItem","position":1,"name":"Prima pagin\u0103","item":"https:\/\/crinailiescu.ro\/ro\/"},{"@type":"ListItem","position":2,"name":"Products","item":"https:\/\/crinailiescu.ro\/en\/shop\/"},{"@type":"ListItem","position":3,"name":"Pdf &#8211; Calendar Strategic luna Mai 2026. \u0218tii ce s\u0103 faci. Acum afl\u0103 \u0219i c\u00e2nd."}]},{"@type":"WebSite","@id":"https:\/\/crinailiescu.ro\/#website","url":"https:\/\/crinailiescu.ro\/","name":"Feng Shui","description":"Feng Shui, Qi Men, BaZi, Selectare Date, Metafizica Chineza","potentialAction":[{"@type":"SearchAction","target":{"@type":"EntryPoint","urlTemplate":"https:\/\/crinailiescu.ro\/?s={search_term_string}"},"query-input":"required name=search_term_string"}],"inLanguage":"en-US"}]}},"_links":{"self":[{"href":"https:\/\/crinailiescu.ro\/en\/wp-json\/wp\/v2\/product\/53872"}],"collection":[{"href":"https:\/\/crinailiescu.ro\/en\/wp-json\/wp\/v2\/product"}],"about":[{"href":"https:\/\/crinailiescu.ro\/en\/wp-json\/wp\/v2\/types\/product"}],"replies":[{"embeddable":true,"href":"https:\/\/crinailiescu.ro\/en\/wp-json\/wp\/v2\/comments?post=53872"}],"wp:featuredmedia":[{"embeddable":true,"href":"https:\/\/crinailiescu.ro\/en\/wp-json\/wp\/v2\/media\/53875"}],"wp:attachment":[{"href":"https:\/\/crinailiescu.ro\/en\/wp-json\/wp\/v2\/media?parent=53872"}],"wp:term":[{"taxonomy":"product_cat","embeddable":true,"href":"https:\/\/crinailiescu.ro\/en\/wp-json\/wp\/v2\/product_cat?post=53872"},{"taxonomy":"product_tag","embeddable":true,"href":"https:\/\/crinailiescu.ro\/en\/wp-json\/wp\/v2\/product_tag?post=53872"}],"curies":[{"name":"wp","href":"https:\/\/api.w.org\/{rel}","templated":true}]}}