{"id":582,"date":"2019-02-26T14:03:32","date_gmt":"2019-02-26T12:03:32","guid":{"rendered":"https:\/\/www.crinailiescu.ro\/?page_id=582"},"modified":"2019-02-26T14:03:32","modified_gmt":"2019-02-26T12:03:32","slug":"politica-de-cookies","status":"publish","type":"page","link":"https:\/\/crinailiescu.ro\/ro\/politica-de-cookies\/","title":{"rendered":"Politica de cookies"},"content":{"rendered":"<p>[et_pb_section bb_built=&#8221;1&#8243;][et_pb_row][et_pb_column type=&#8221;4_4&#8243;][et_pb_text]<\/p>\n<p>Cum sunt folosite cookie-urile de catre acest site?<\/p>\n<p>O vizita pe acest site poate plasa urmatoarele tipuri de cookie-uri:<\/p>\n<p>Cookie-uri strict necesare<br \/>\nCookie-uri de performanta a site-ului<br \/>\nCookie-uri de analiza a vizitatorilor<br \/>\nCookie-uri pentru geotargetting<br \/>\nCookie-uri de inregistrare<br \/>\nCookie-uri pentru publicitate<br \/>\nCookie-uri ale furnizorilor de publicitate<\/p>\n<p>Cookie-urile strict necesare sunt esentiale pentru buna functionare a website-ului. Aceste cookie-uri nu necesita acordul dumneavoastra prealabil pentru a fi descarcate pe dispozitivul dumneavoastra. Puteti seta browser-ul dumneavoastra pentru a bloca aceste cookie-uri, insa in acest caz anumite sectiuni ale website-ului nu vor functiona corect.<\/p>\n<p>Acest site utilizeaz\u0103 cookie-uri. Folosim cookie-uri pentru a personaliza con\u021binutul \u0219i anun\u021burile, pentru a oferi func\u021bii de re\u021bele sociale \u0219i pentru a analiza traficul. De asemenea, le oferim partenerilor de re\u021bele sociale, de publicitate \u0219i de analize informa\u021bii cu privire la modul \u00een care folosi\u021bi site-ul nostru. Ace\u0219tia le pot combina cu alte informa\u021bii oferite de dvs. sau culese \u00een urma folosirii serviciilor lor. \u00cen cazul \u00een care alege\u021bi s\u0103 continua\u021bi s\u0103 utiliza\u021bi website-ul nostru, sunte\u021bi de acord cu utilizarea modulelor noastre cookie.<\/p>\n<p>Cookie-urile sunt mici fi\u015fiere de text ce pot fi utilizate de c\u0103tre site-urile web pentru a face utilizarea lor mai eficient\u0103.<\/p>\n<p>Legea stipuleaz\u0103 c\u0103 putem stoca cookie-uri pe dispozitivul dvs., \u00een cazul \u00een care ele sunt strict necesare pentru operarea acestui site. Pentru toate celelalte tipuri de cookie-uri avem nevoie de permisiunea dvs.<\/p>\n<p>Acest site utilizeaz\u0103 diferite tipuri de cookie-uri. Unele cookie-uri sunt plasate de c\u0103tre servicii p\u0103r\u0163i ter\u0163e care apar pe paginile noastre.<\/p>\n<p>Pute\u021bi, \u00een orice moment, s\u0103 modifica\u021bi sau s\u0103 v\u0103 retrage\u021bi acordul din Declara\u021bia privind modulele cookie de pe website-ul nostru.<\/p>\n<p>Afla\u021bi mai multe despre cine suntem, cum ne pute\u021bi contacta \u0219i cum proces\u0103m datele personale \u00een Politica noastr\u0103 de confiden\u021bialitate.<\/p>\n<p>Consim\u0163\u0103m\u00e2ntul dvs. se aplic\u0103 urm\u0103toarelor domenii: www.crinailiescu.ro<\/p>\n<p>Contin cookie-urile date personale?<\/p>\n<p>Cookie-urile in sine nu solicita informatii cu caracter personal pentru a putea fi utilizate si, in cele mai multe cazuri, nu identifica personal utilizatorii de internet. Datele personale colectate prin utilizarea cookie-urilor pot fi colectate doar pentru a facilita anumite functionalitati pentru utilizator. Atare date sunt criptate intr-un mod care face imposibil accesul persoanelor neautorizate la ele.<br \/>\nStergerea cookie-urilor<\/p>\n<p>In general, o aplicatie folosita pentru accesarea paginilor web permite salvarea Ccookie-urilor pe terminal in mod implicit. Aceste setari pot fi schimbate in asa fel incat administrarea automata a cookie-urilor sa fie blocata de browser-ul web sau utilizatorul sa fie informat de fiecare data cand cookie-uri sunt trimise catre terminalul sau. Informatii detaliate despre posibilitatile si modurile de administrare a cookie-urilor pot fi gasite in zona de setari a aplicatiei (browser-ului web). Limitarea folosirii cookie-urilor poate afecta anumite functionalitati ale paginii web.<\/p>\n<p>[\/et_pb_text][\/et_pb_column][\/et_pb_row][\/et_pb_section]<\/p>\n","protected":false},"excerpt":{"rendered":"<p><div class=\"et_pb_row et_pb_row_0 et_pb_row_empty\">\n\t\t\t\t\n\t\t\t\t\n\t\t\t\t\n\t\t\t\t\n\t\t\t\t\n\t\t\t<\/div><div class=\"et_pb_module et_pb_text et_pb_text_0  et_pb_text_align_left et_pb_bg_layout_light\">\n\t\t\t\t\n\t\t\t\t\n\t\t\t\t\n\t\t\t\t\n\t\t\t\t\n\t\t\t<\/div> Cum sunt folosite cookie-urile de catre acest site? O vizita pe acest site poate plasa urmatoarele tipuri de cookie-uri: Cookie-uri strict necesare Cookie-uri de performanta a site-ului Cookie-uri de analiza a vizitatorilor Cookie-uri pentru geotargetting Cookie-uri de inregistrare Cookie-uri pentru publicitate Cookie-uri ale furnizorilor de publicitate Cookie-urile strict necesare sunt esentiale pentru buna functionare [&hellip;]<\/p>\n","protected":false},"author":3,"featured_media":0,"parent":0,"menu_order":0,"comment_status":"closed","ping_status":"closed","template":"","meta":{"_et_pb_use_builder":"on","_et_pb_old_content":"Cum sunt folosite cookie-urile de catre acest site?\r\n\r\nO vizita pe acest site poate plasa urmatoarele tipuri de cookie-uri:\r\n\r\nCookie-uri strict necesare\r\nCookie-uri de performanta a site-ului\r\nCookie-uri de analiza a vizitatorilor\r\nCookie-uri pentru geotargetting\r\nCookie-uri de inregistrare\r\nCookie-uri pentru publicitate\r\nCookie-uri ale furnizorilor de publicitate\r\n\r\nCookie-urile strict necesare sunt esentiale pentru buna functionare a website-ului. Aceste cookie-uri nu necesita acordul dumneavoastra prealabil pentru a fi descarcate pe dispozitivul dumneavoastra. Puteti seta browser-ul dumneavoastra pentru a bloca aceste cookie-uri, insa in acest caz anumite sectiuni ale website-ului nu vor functiona corect.\r\n\r\nAcest site utilizeaz\u0103 cookie-uri. Folosim cookie-uri pentru a personaliza con\u021binutul \u0219i anun\u021burile, pentru a oferi func\u021bii de re\u021bele sociale \u0219i pentru a analiza traficul. De asemenea, le oferim partenerilor de re\u021bele sociale, de publicitate \u0219i de analize informa\u021bii cu privire la modul \u00een care folosi\u021bi site-ul nostru. Ace\u0219tia le pot combina cu alte informa\u021bii oferite de dvs. sau culese \u00een urma folosirii serviciilor lor. \u00cen cazul \u00een care alege\u021bi s\u0103 continua\u021bi s\u0103 utiliza\u021bi website-ul nostru, sunte\u021bi de acord cu utilizarea modulelor noastre cookie.\r\n\r\nCookie-urile sunt mici fi\u015fiere de text ce pot fi utilizate de c\u0103tre site-urile web pentru a face utilizarea lor mai eficient\u0103.\r\n\r\nLegea stipuleaz\u0103 c\u0103 putem stoca cookie-uri pe dispozitivul dvs., \u00een cazul \u00een care ele sunt strict necesare pentru operarea acestui site. Pentru toate celelalte tipuri de cookie-uri avem nevoie de permisiunea dvs.\r\n\r\nAcest site utilizeaz\u0103 diferite tipuri de cookie-uri. Unele cookie-uri sunt plasate de c\u0103tre servicii p\u0103r\u0163i ter\u0163e care apar pe paginile noastre.\r\n\r\nPute\u021bi, \u00een orice moment, s\u0103 modifica\u021bi sau s\u0103 v\u0103 retrage\u021bi acordul din Declara\u021bia privind modulele cookie de pe website-ul nostru.\r\n\r\nAfla\u021bi mai multe despre cine suntem, cum ne pute\u021bi contacta \u0219i cum proces\u0103m datele personale \u00een Politica noastr\u0103 de confiden\u021bialitate.\r\n\r\nConsim\u0163\u0103m\u00e2ntul dvs. se aplic\u0103 urm\u0103toarelor domenii: www.crinailiescu.ro\r\n\r\nContin cookie-urile date personale?\r\n\r\nCookie-urile in sine nu solicita informatii cu caracter personal pentru a putea fi utilizate si, in cele mai multe cazuri, nu identifica personal utilizatorii de internet. Datele personale colectate prin utilizarea cookie-urilor pot fi colectate doar pentru a facilita anumite functionalitati pentru utilizator. Atare date sunt criptate intr-un mod care face imposibil accesul persoanelor neautorizate la ele.\r\nStergerea cookie-urilor\r\n\r\nIn general, o aplicatie folosita pentru accesarea paginilor web permite salvarea Ccookie-urilor pe terminal in mod implicit. Aceste setari pot fi schimbate in asa fel incat administrarea automata a cookie-urilor sa fie blocata de browser-ul web sau utilizatorul sa fie informat de fiecare data cand cookie-uri sunt trimise catre terminalul sau. Informatii detaliate despre posibilitatile si modurile de administrare a cookie-urilor pot fi gasite in zona de setari a aplicatiei (browser-ului web). Limitarea folosirii cookie-urilor poate afecta anumite functionalitati ale paginii web.","_et_gb_content_width":"","footnotes":""},"yoast_head":"<!-- This site is optimized with the Yoast SEO plugin v22.6 - https:\/\/yoast.com\/wordpress\/plugins\/seo\/ -->\n<title>Politica de cookies - Feng Shui<\/title>\n<meta name=\"robots\" content=\"index, follow, max-snippet:-1, max-image-preview:large, max-video-preview:-1\" \/>\n<link rel=\"canonical\" href=\"https:\/\/crinailiescu.ro\/ro\/politica-de-cookies\/\" \/>\n<meta property=\"og:locale\" content=\"ro_RO\" \/>\n<meta property=\"og:type\" content=\"article\" \/>\n<meta property=\"og:title\" content=\"Politica de cookies - Feng Shui\" \/>\n<meta property=\"og:description\" content=\"Cum sunt folosite cookie-urile de catre acest site? O vizita pe acest site poate plasa urmatoarele tipuri de cookie-uri: Cookie-uri strict necesare Cookie-uri de performanta a site-ului Cookie-uri de analiza a vizitatorilor Cookie-uri pentru geotargetting Cookie-uri de inregistrare Cookie-uri pentru publicitate Cookie-uri ale furnizorilor de publicitate Cookie-urile strict necesare sunt esentiale pentru buna functionare [&hellip;]\" \/>\n<meta property=\"og:url\" content=\"https:\/\/crinailiescu.ro\/ro\/politica-de-cookies\/\" \/>\n<meta property=\"og:site_name\" content=\"Feng Shui\" \/>\n<meta name=\"twitter:card\" content=\"summary_large_image\" \/>\n<meta name=\"twitter:label1\" content=\"Timp estimat pentru citire\" \/>\n\t<meta name=\"twitter:data1\" content=\"2 minute\" \/>\n<script type=\"application\/ld+json\" class=\"yoast-schema-graph\">{\"@context\":\"https:\/\/schema.org\",\"@graph\":[{\"@type\":\"WebPage\",\"@id\":\"https:\/\/crinailiescu.ro\/ro\/politica-de-cookies\/\",\"url\":\"https:\/\/crinailiescu.ro\/ro\/politica-de-cookies\/\",\"name\":\"Politica de cookies - Feng Shui\",\"isPartOf\":{\"@id\":\"https:\/\/crinailiescu.ro\/#website\"},\"datePublished\":\"2019-02-26T12:03:32+00:00\",\"dateModified\":\"2019-02-26T12:03:32+00:00\",\"breadcrumb\":{\"@id\":\"https:\/\/crinailiescu.ro\/ro\/politica-de-cookies\/#breadcrumb\"},\"inLanguage\":\"ro-RO\",\"potentialAction\":[{\"@type\":\"ReadAction\",\"target\":[\"https:\/\/crinailiescu.ro\/ro\/politica-de-cookies\/\"]}]},{\"@type\":\"BreadcrumbList\",\"@id\":\"https:\/\/crinailiescu.ro\/ro\/politica-de-cookies\/#breadcrumb\",\"itemListElement\":[{\"@type\":\"ListItem\",\"position\":1,\"name\":\"Prima pagin\u0103\",\"item\":\"https:\/\/crinailiescu.ro\/ro\/\"},{\"@type\":\"ListItem\",\"position\":2,\"name\":\"Politica de cookies\"}]},{\"@type\":\"WebSite\",\"@id\":\"https:\/\/crinailiescu.ro\/#website\",\"url\":\"https:\/\/crinailiescu.ro\/\",\"name\":\"Feng Shui\",\"description\":\"Feng Shui, Qi Men, BaZi, Selectare Date, Metafizica Chineza\",\"potentialAction\":[{\"@type\":\"SearchAction\",\"target\":{\"@type\":\"EntryPoint\",\"urlTemplate\":\"https:\/\/crinailiescu.ro\/?s={search_term_string}\"},\"query-input\":\"required name=search_term_string\"}],\"inLanguage\":\"ro-RO\"}]}<\/script>\n<!-- \/ Yoast SEO plugin. -->","yoast_head_json":{"title":"Politica de cookies - Feng Shui","robots":{"index":"index","follow":"follow","max-snippet":"max-snippet:-1","max-image-preview":"max-image-preview:large","max-video-preview":"max-video-preview:-1"},"canonical":"https:\/\/crinailiescu.ro\/ro\/politica-de-cookies\/","og_locale":"ro_RO","og_type":"article","og_title":"Politica de cookies - Feng Shui","og_description":"Cum sunt folosite cookie-urile de catre acest site? O vizita pe acest site poate plasa urmatoarele tipuri de cookie-uri: Cookie-uri strict necesare Cookie-uri de performanta a site-ului Cookie-uri de analiza a vizitatorilor Cookie-uri pentru geotargetting Cookie-uri de inregistrare Cookie-uri pentru publicitate Cookie-uri ale furnizorilor de publicitate Cookie-urile strict necesare sunt esentiale pentru buna functionare [&hellip;]","og_url":"https:\/\/crinailiescu.ro\/ro\/politica-de-cookies\/","og_site_name":"Feng Shui","twitter_card":"summary_large_image","twitter_misc":{"Timp estimat pentru citire":"2 minute"},"schema":{"@context":"https:\/\/schema.org","@graph":[{"@type":"WebPage","@id":"https:\/\/crinailiescu.ro\/ro\/politica-de-cookies\/","url":"https:\/\/crinailiescu.ro\/ro\/politica-de-cookies\/","name":"Politica de cookies - Feng Shui","isPartOf":{"@id":"https:\/\/crinailiescu.ro\/#website"},"datePublished":"2019-02-26T12:03:32+00:00","dateModified":"2019-02-26T12:03:32+00:00","breadcrumb":{"@id":"https:\/\/crinailiescu.ro\/ro\/politica-de-cookies\/#breadcrumb"},"inLanguage":"ro-RO","potentialAction":[{"@type":"ReadAction","target":["https:\/\/crinailiescu.ro\/ro\/politica-de-cookies\/"]}]},{"@type":"BreadcrumbList","@id":"https:\/\/crinailiescu.ro\/ro\/politica-de-cookies\/#breadcrumb","itemListElement":[{"@type":"ListItem","position":1,"name":"Prima pagin\u0103","item":"https:\/\/crinailiescu.ro\/ro\/"},{"@type":"ListItem","position":2,"name":"Politica de cookies"}]},{"@type":"WebSite","@id":"https:\/\/crinailiescu.ro\/#website","url":"https:\/\/crinailiescu.ro\/","name":"Feng Shui","description":"Feng Shui, Qi Men, BaZi, Selectare Date, Metafizica Chineza","potentialAction":[{"@type":"SearchAction","target":{"@type":"EntryPoint","urlTemplate":"https:\/\/crinailiescu.ro\/?s={search_term_string}"},"query-input":"required name=search_term_string"}],"inLanguage":"ro-RO"}]}},"_links":{"self":[{"href":"https:\/\/crinailiescu.ro\/ro\/wp-json\/wp\/v2\/pages\/582"}],"collection":[{"href":"https:\/\/crinailiescu.ro\/ro\/wp-json\/wp\/v2\/pages"}],"about":[{"href":"https:\/\/crinailiescu.ro\/ro\/wp-json\/wp\/v2\/types\/page"}],"author":[{"embeddable":true,"href":"https:\/\/crinailiescu.ro\/ro\/wp-json\/wp\/v2\/users\/3"}],"replies":[{"embeddable":true,"href":"https:\/\/crinailiescu.ro\/ro\/wp-json\/wp\/v2\/comments?post=582"}],"version-history":[{"count":0,"href":"https:\/\/crinailiescu.ro\/ro\/wp-json\/wp\/v2\/pages\/582\/revisions"}],"wp:attachment":[{"href":"https:\/\/crinailiescu.ro\/ro\/wp-json\/wp\/v2\/media?parent=582"}],"curies":[{"name":"wp","href":"https:\/\/api.w.org\/{rel}","templated":true}]}}