{"id":53293,"date":"2024-06-03T15:40:37","date_gmt":"2024-06-03T12:40:37","guid":{"rendered":"https:\/\/crinailiescu.ro\/?post_type=product&#038;p=53293"},"modified":"2024-06-04T15:35:00","modified_gmt":"2024-06-04T12:35:00","slug":"card-tengshe-snake-%e8%9e%a3%e8%9b%87-2","status":"publish","type":"product","link":"https:\/\/crinailiescu.ro\/ro\/produs\/card-tengshe-snake-%e8%9e%a3%e8%9b%87-2\/","title":{"rendered":"CARD &#8211; TengSHE \u2013 SNAKE  \u87a3\u86c7"},"content":{"rendered":"<p>Card pentru telefon sau birou.<\/p>\n<p>Recomandat atunci c\u00e2nd vrei s\u0103 ai avantaj \u00een fa\u021ba competitorilor.<\/p>\n","protected":false},"excerpt":{"rendered":"<p>Card pentru telefon sau birou. Recomandat atunci c\u00e2nd vrei s\u0103 ai avantaj \u00een fa\u021ba competitorilor.<\/p>\n","protected":false},"featured_media":53271,"comment_status":"closed","ping_status":"closed","template":"","meta":{"_et_pb_use_builder":"","_et_pb_old_content":"","_et_gb_content_width":""},"product_cat":[117,50],"product_tag":[118,121],"yoast_head":"<!-- This site is optimized with the Yoast SEO plugin v22.6 - https:\/\/yoast.com\/wordpress\/plugins\/seo\/ -->\n<title>CARD - TengSHE \u2013 SNAKE \u87a3\u86c7 - Feng Shui<\/title>\n<meta name=\"description\" content=\"Card pentru telefon sau birou. Recomandat atunci c\u00e2nd vrei s\u0103 ai avantaj \u00een fa\u021ba competitorilor.\" \/>\n<meta name=\"robots\" content=\"index, follow, max-snippet:-1, max-image-preview:large, max-video-preview:-1\" \/>\n<link rel=\"canonical\" href=\"https:\/\/crinailiescu.ro\/ro\/produs\/card-tengshe-snake-\u87a3\u86c7-2\/\" \/>\n<meta property=\"og:locale\" content=\"ro_RO\" \/>\n<meta property=\"og:type\" content=\"article\" \/>\n<meta property=\"og:title\" content=\"CARD - TengSHE \u2013 SNAKE \u87a3\u86c7 - Feng Shui\" \/>\n<meta property=\"og:description\" content=\"Card pentru telefon sau birou. Recomandat atunci c\u00e2nd vrei s\u0103 ai avantaj \u00een fa\u021ba competitorilor.\" \/>\n<meta property=\"og:url\" content=\"https:\/\/crinailiescu.ro\/ro\/produs\/card-tengshe-snake-\u87a3\u86c7-2\/\" \/>\n<meta property=\"og:site_name\" content=\"Feng Shui\" \/>\n<meta property=\"article:modified_time\" content=\"2024-06-04T12:35:00+00:00\" \/>\n<meta property=\"og:image\" content=\"https:\/\/crinailiescu.ro\/wp-content\/uploads\/2024\/06\/IMG_0796.jpeg\" \/>\n\t<meta property=\"og:image:width\" content=\"1964\" \/>\n\t<meta property=\"og:image:height\" content=\"1772\" \/>\n\t<meta property=\"og:image:type\" content=\"image\/jpeg\" \/>\n<meta name=\"twitter:card\" content=\"summary_large_image\" \/>\n<meta name=\"twitter:label1\" content=\"Timp estimat pentru citire\" \/>\n\t<meta name=\"twitter:data1\" content=\"1 minut\" \/>\n<script type=\"application\/ld+json\" class=\"yoast-schema-graph\">{\"@context\":\"https:\/\/schema.org\",\"@graph\":[{\"@type\":\"WebPage\",\"@id\":\"https:\/\/crinailiescu.ro\/produs\/card-tengshe-snake-%e8%9e%a3%e8%9b%87-2\/\",\"url\":\"https:\/\/crinailiescu.ro\/produs\/card-tengshe-snake-%e8%9e%a3%e8%9b%87-2\/\",\"name\":\"CARD - TengSHE \u2013 SNAKE \u87a3\u86c7 - Feng Shui\",\"isPartOf\":{\"@id\":\"https:\/\/crinailiescu.ro\/#website\"},\"primaryImageOfPage\":{\"@id\":\"https:\/\/crinailiescu.ro\/produs\/card-tengshe-snake-%e8%9e%a3%e8%9b%87-2\/#primaryimage\"},\"image\":{\"@id\":\"https:\/\/crinailiescu.ro\/produs\/card-tengshe-snake-%e8%9e%a3%e8%9b%87-2\/#primaryimage\"},\"thumbnailUrl\":\"https:\/\/crinailiescu.ro\/wp-content\/uploads\/2024\/06\/IMG_0796.jpeg\",\"datePublished\":\"2024-06-03T12:40:37+00:00\",\"dateModified\":\"2024-06-04T12:35:00+00:00\",\"description\":\"Card pentru telefon sau birou. Recomandat atunci c\u00e2nd vrei s\u0103 ai avantaj \u00een fa\u021ba competitorilor.\",\"breadcrumb\":{\"@id\":\"https:\/\/crinailiescu.ro\/produs\/card-tengshe-snake-%e8%9e%a3%e8%9b%87-2\/#breadcrumb\"},\"inLanguage\":\"ro-RO\",\"potentialAction\":[{\"@type\":\"ReadAction\",\"target\":[\"https:\/\/crinailiescu.ro\/produs\/card-tengshe-snake-%e8%9e%a3%e8%9b%87-2\/\"]}]},{\"@type\":\"ImageObject\",\"inLanguage\":\"ro-RO\",\"@id\":\"https:\/\/crinailiescu.ro\/produs\/card-tengshe-snake-%e8%9e%a3%e8%9b%87-2\/#primaryimage\",\"url\":\"https:\/\/crinailiescu.ro\/wp-content\/uploads\/2024\/06\/IMG_0796.jpeg\",\"contentUrl\":\"https:\/\/crinailiescu.ro\/wp-content\/uploads\/2024\/06\/IMG_0796.jpeg\",\"width\":1964,\"height\":1772,\"caption\":\"CARD - TengSHE \u2013 SNAKE \u87a3\u86c7\"},{\"@type\":\"BreadcrumbList\",\"@id\":\"https:\/\/crinailiescu.ro\/produs\/card-tengshe-snake-%e8%9e%a3%e8%9b%87-2\/#breadcrumb\",\"itemListElement\":[{\"@type\":\"ListItem\",\"position\":1,\"name\":\"Prima pagin\u0103\",\"item\":\"https:\/\/crinailiescu.ro\/ro\/\"},{\"@type\":\"ListItem\",\"position\":2,\"name\":\"Products\",\"item\":\"https:\/\/crinailiescu.ro\/en\/shop\/\"},{\"@type\":\"ListItem\",\"position\":3,\"name\":\"CARD &#8211; TengSHE \u2013 SNAKE \u87a3\u86c7\"}]},{\"@type\":\"WebSite\",\"@id\":\"https:\/\/crinailiescu.ro\/#website\",\"url\":\"https:\/\/crinailiescu.ro\/\",\"name\":\"Feng Shui\",\"description\":\"Feng Shui, Qi Men, BaZi, Selectare Date, Metafizica Chineza\",\"potentialAction\":[{\"@type\":\"SearchAction\",\"target\":{\"@type\":\"EntryPoint\",\"urlTemplate\":\"https:\/\/crinailiescu.ro\/?s={search_term_string}\"},\"query-input\":\"required name=search_term_string\"}],\"inLanguage\":\"ro-RO\"}]}<\/script>\n<!-- \/ Yoast SEO plugin. -->","yoast_head_json":{"title":"CARD - TengSHE \u2013 SNAKE \u87a3\u86c7 - Feng Shui","description":"Card pentru telefon sau birou. Recomandat atunci c\u00e2nd vrei s\u0103 ai avantaj \u00een fa\u021ba competitorilor.","robots":{"index":"index","follow":"follow","max-snippet":"max-snippet:-1","max-image-preview":"max-image-preview:large","max-video-preview":"max-video-preview:-1"},"canonical":"https:\/\/crinailiescu.ro\/ro\/produs\/card-tengshe-snake-\u87a3\u86c7-2\/","og_locale":"ro_RO","og_type":"article","og_title":"CARD - TengSHE \u2013 SNAKE \u87a3\u86c7 - Feng Shui","og_description":"Card pentru telefon sau birou. Recomandat atunci c\u00e2nd vrei s\u0103 ai avantaj \u00een fa\u021ba competitorilor.","og_url":"https:\/\/crinailiescu.ro\/ro\/produs\/card-tengshe-snake-\u87a3\u86c7-2\/","og_site_name":"Feng Shui","article_modified_time":"2024-06-04T12:35:00+00:00","og_image":[{"width":1964,"height":1772,"url":"https:\/\/crinailiescu.ro\/wp-content\/uploads\/2024\/06\/IMG_0796.jpeg","type":"image\/jpeg"}],"twitter_card":"summary_large_image","twitter_misc":{"Timp estimat pentru citire":"1 minut"},"schema":{"@context":"https:\/\/schema.org","@graph":[{"@type":"WebPage","@id":"https:\/\/crinailiescu.ro\/produs\/card-tengshe-snake-%e8%9e%a3%e8%9b%87-2\/","url":"https:\/\/crinailiescu.ro\/produs\/card-tengshe-snake-%e8%9e%a3%e8%9b%87-2\/","name":"CARD - TengSHE \u2013 SNAKE \u87a3\u86c7 - Feng Shui","isPartOf":{"@id":"https:\/\/crinailiescu.ro\/#website"},"primaryImageOfPage":{"@id":"https:\/\/crinailiescu.ro\/produs\/card-tengshe-snake-%e8%9e%a3%e8%9b%87-2\/#primaryimage"},"image":{"@id":"https:\/\/crinailiescu.ro\/produs\/card-tengshe-snake-%e8%9e%a3%e8%9b%87-2\/#primaryimage"},"thumbnailUrl":"https:\/\/crinailiescu.ro\/wp-content\/uploads\/2024\/06\/IMG_0796.jpeg","datePublished":"2024-06-03T12:40:37+00:00","dateModified":"2024-06-04T12:35:00+00:00","description":"Card pentru telefon sau birou. Recomandat atunci c\u00e2nd vrei s\u0103 ai avantaj \u00een fa\u021ba competitorilor.","breadcrumb":{"@id":"https:\/\/crinailiescu.ro\/produs\/card-tengshe-snake-%e8%9e%a3%e8%9b%87-2\/#breadcrumb"},"inLanguage":"ro-RO","potentialAction":[{"@type":"ReadAction","target":["https:\/\/crinailiescu.ro\/produs\/card-tengshe-snake-%e8%9e%a3%e8%9b%87-2\/"]}]},{"@type":"ImageObject","inLanguage":"ro-RO","@id":"https:\/\/crinailiescu.ro\/produs\/card-tengshe-snake-%e8%9e%a3%e8%9b%87-2\/#primaryimage","url":"https:\/\/crinailiescu.ro\/wp-content\/uploads\/2024\/06\/IMG_0796.jpeg","contentUrl":"https:\/\/crinailiescu.ro\/wp-content\/uploads\/2024\/06\/IMG_0796.jpeg","width":1964,"height":1772,"caption":"CARD - TengSHE \u2013 SNAKE \u87a3\u86c7"},{"@type":"BreadcrumbList","@id":"https:\/\/crinailiescu.ro\/produs\/card-tengshe-snake-%e8%9e%a3%e8%9b%87-2\/#breadcrumb","itemListElement":[{"@type":"ListItem","position":1,"name":"Prima pagin\u0103","item":"https:\/\/crinailiescu.ro\/ro\/"},{"@type":"ListItem","position":2,"name":"Products","item":"https:\/\/crinailiescu.ro\/en\/shop\/"},{"@type":"ListItem","position":3,"name":"CARD &#8211; TengSHE \u2013 SNAKE \u87a3\u86c7"}]},{"@type":"WebSite","@id":"https:\/\/crinailiescu.ro\/#website","url":"https:\/\/crinailiescu.ro\/","name":"Feng Shui","description":"Feng Shui, Qi Men, BaZi, Selectare Date, Metafizica Chineza","potentialAction":[{"@type":"SearchAction","target":{"@type":"EntryPoint","urlTemplate":"https:\/\/crinailiescu.ro\/?s={search_term_string}"},"query-input":"required name=search_term_string"}],"inLanguage":"ro-RO"}]}},"_links":{"self":[{"href":"https:\/\/crinailiescu.ro\/ro\/wp-json\/wp\/v2\/product\/53293"}],"collection":[{"href":"https:\/\/crinailiescu.ro\/ro\/wp-json\/wp\/v2\/product"}],"about":[{"href":"https:\/\/crinailiescu.ro\/ro\/wp-json\/wp\/v2\/types\/product"}],"replies":[{"embeddable":true,"href":"https:\/\/crinailiescu.ro\/ro\/wp-json\/wp\/v2\/comments?post=53293"}],"wp:featuredmedia":[{"embeddable":true,"href":"https:\/\/crinailiescu.ro\/ro\/wp-json\/wp\/v2\/media\/53271"}],"wp:attachment":[{"href":"https:\/\/crinailiescu.ro\/ro\/wp-json\/wp\/v2\/media?parent=53293"}],"wp:term":[{"taxonomy":"product_cat","embeddable":true,"href":"https:\/\/crinailiescu.ro\/ro\/wp-json\/wp\/v2\/product_cat?post=53293"},{"taxonomy":"product_tag","embeddable":true,"href":"https:\/\/crinailiescu.ro\/ro\/wp-json\/wp\/v2\/product_tag?post=53293"}],"curies":[{"name":"wp","href":"https:\/\/api.w.org\/{rel}","templated":true}]}}