{"id":53803,"date":"2025-11-04T14:18:17","date_gmt":"2025-11-04T12:18:17","guid":{"rendered":"https:\/\/crinailiescu.ro\/?post_type=product&#038;p=53803"},"modified":"2025-11-04T14:49:00","modified_gmt":"2025-11-04T12:49:00","slug":"calendarul-basic-2026","status":"publish","type":"product","link":"https:\/\/crinailiescu.ro\/ro\/produs\/calendarul-basic-2026\/","title":{"rendered":"pdf &#8211; Calendarul Basic 2026"},"content":{"rendered":"<p data-start=\"353\" data-end=\"404\"><strong data-start=\"353\" data-end=\"404\">Planific\u0103-\u021bi anul \u00een armonie cu energiile zilei.<\/strong><\/p>\n<h5 data-start=\"353\" data-end=\"404\">Calendar 2026 Basic \u2013 afl\u0103 c\u00e2nd s\u0103 te mu\u021bi, s\u0103 negociezi, s\u0103 c\u0103l\u0103tore\u0219ti sau s\u0103 iei decizii majore, conform energiilor zilnice.<\/h5>\n<p data-start=\"406\" data-end=\"706\">Dac\u0103 \u00ee\u021bi dore\u0219ti un mod simplu \u0219i rapid de a planifica zilele \u0219i ac\u021biunile importante, <strong data-start=\"493\" data-end=\"529\">Calendarul 2026 \u2013 Varianta Basic<\/strong> este pentru tine.<br data-start=\"547\" data-end=\"550\" \/>Acest calendar \u00een format PDF te ajut\u0103 s\u0103 vezi dintr-o privire energia fiec\u0103rei zile, pentru a-\u021bi organiza activit\u0103\u021bile \u00eentr-un ritm natural \u0219i echilibrat.<\/p>\n<p data-start=\"708\" data-end=\"1079\">Spre deosebire de calendarele clasice, acest calendar nu \u00eemparte zilele \u00een \u201ebune\u201d sau \u201emai pu\u021bin bune\u201d.<br data-start=\"814\" data-end=\"817\" \/>\u00cen Metafizica Chinez\u0103, fiecare zi este influen\u021bat\u0103 de mai mul\u021bi factori \u2013 <strong data-start=\"891\" data-end=\"908\">energia zilei<\/strong>, <strong data-start=\"910\" data-end=\"936\">combinarea elementelor<\/strong> \u0219i <strong data-start=\"940\" data-end=\"981\">interac\u021biunea cu harta ta natal\u0103 BaZi<\/strong>. De aceea, ceea ce este favorabil pentru o persoan\u0103 poate fi neutru sau provocator pentru alta. Din aceasta cauza, acest calendar este la nivel general.<\/p>\n<h3 data-start=\"1086\" data-end=\"1126\">Ce g\u0103se\u0219ti \u00een Calendarul Basic 2026:<\/h3>\n<p data-start=\"1127\" data-end=\"1523\">\u2714\ufe0f recomand\u0103ri pentru <strong data-start=\"1149\" data-end=\"1178\">zile potrivite s\u0103 te mu\u021bi<\/strong> \u00eentr-o nou\u0103 locuin\u021b\u0103;<br data-start=\"1200\" data-end=\"1203\" \/>\u2714\ufe0f zile favorabile pentru <strong data-start=\"1229\" data-end=\"1259\">a cere o m\u0103rire de salariu<\/strong>, <strong data-start=\"1261\" data-end=\"1274\">a negocia<\/strong> sau <strong data-start=\"1279\" data-end=\"1306\">a \u00eencepe un nou proiect<\/strong>;<br data-start=\"1307\" data-end=\"1310\" \/>\u2714\ufe0f momente potrivite pentru <strong data-start=\"1338\" data-end=\"1363\">c\u0103l\u0103torii, interviuri<\/strong> sau <strong data-start=\"1368\" data-end=\"1386\">decizii majore<\/strong>;<br data-start=\"1387\" data-end=\"1390\" \/>\u2714\ufe0f o perspectiv\u0103 rapid\u0103 asupra <strong data-start=\"1421\" data-end=\"1441\">energiei zilnice<\/strong>, u\u0219or de urm\u0103rit.<\/p>\n<p data-start=\"1127\" data-end=\"1523\">&#8230;. si mai multe informatii<\/p>\n<p data-start=\"1530\" data-end=\"1619\"><strong data-start=\"1533\" data-end=\"1558\">Calendarul Basic 2026<\/strong> \u00ee\u021bi ofer\u0103 o structur\u0103 clar\u0103 \u0219i intuitiv\u0103, pentru ca tu s\u0103:<\/p>\n<ul data-start=\"1620\" data-end=\"1831\">\n<li data-start=\"1620\" data-end=\"1687\">\n<p data-start=\"1622\" data-end=\"1687\">planifici ac\u021biunile importante \u00een zile cu energie sus\u021bin\u0103toare;<\/p>\n<\/li>\n<li data-start=\"1688\" data-end=\"1732\">\n<p data-start=\"1690\" data-end=\"1732\">evi\u021bi perioadele tensionate sau confuze;<\/p>\n<\/li>\n<li data-start=\"1733\" data-end=\"1831\">\n<p data-start=\"1735\" data-end=\"1831\">te aliniezi cu fluxul natural al anului 2026.<\/p>\n<\/li>\n<\/ul>\n<p data-start=\"1833\" data-end=\"2064\">Ideal pentru oricine \u00ee\u0219i dore\u0219te <strong data-start=\"1866\" data-end=\"1904\">claritate, organizare \u0219i echilibru<\/strong>, f\u0103r\u0103 detalii tehnice complicate.<br data-start=\"1938\" data-end=\"1941\" \/>Totul este preg\u0103tit \u00eentr-un format <strong data-start=\"1976\" data-end=\"2002\">PDF elegant \u0219i practic<\/strong>, u\u0219or de folosit zilnic, de pe telefon, tablet\u0103 sau laptop.<\/p>\n<p data-start=\"2066\" data-end=\"2250\"><strong data-start=\"2069\" data-end=\"2146\">Descoper\u0103 ritmul t\u0103u natural \u0219i las\u0103 energiile anului 2026 s\u0103 te ghideze!<\/strong><br data-start=\"2146\" data-end=\"2149\" \/>Descarc\u0103 acum <strong data-start=\"2166\" data-end=\"2202\">Calendarul 2026 \u2013 Varianta Basic<\/strong> \u0219i planific\u0103 \u00een armonie cu tine \u0219i cu timpul.<\/p>\n","protected":false},"excerpt":{"rendered":"<p>Planific\u0103-\u021bi anul \u00een armonie cu energiile zilei. Calendar 2026 Basic \u2013 afl\u0103 c\u00e2nd s\u0103 te mu\u021bi, s\u0103 negociezi, s\u0103 c\u0103l\u0103tore\u0219ti sau s\u0103 iei decizii majore, conform energiilor zilnice. Dac\u0103 \u00ee\u021bi dore\u0219ti un mod simplu \u0219i rapid de a planifica zilele \u0219i ac\u021biunile importante, Calendarul 2026 \u2013 Varianta Basic este pentru tine.Acest calendar \u00een format PDF [&hellip;]<\/p>\n","protected":false},"featured_media":53804,"comment_status":"closed","ping_status":"closed","template":"","meta":{"_et_pb_use_builder":"","_et_pb_old_content":"","_et_gb_content_width":""},"product_cat":[44],"product_tag":[],"yoast_head":"<!-- This site is optimized with the Yoast SEO plugin v22.6 - https:\/\/yoast.com\/wordpress\/plugins\/seo\/ -->\n<title>pdf - Calendarul Basic 2026 - Feng Shui<\/title>\n<meta name=\"description\" content=\"Calendar 2026 Basic \u2013 afl\u0103 c\u00e2nd s\u0103 te mu\u021bi, s\u0103 negociezi, s\u0103 c\u0103l\u0103tore\u0219ti sau s\u0103 iei decizii majore, conform energiilor zilnice.\" \/>\n<meta name=\"robots\" content=\"index, follow, max-snippet:-1, max-image-preview:large, max-video-preview:-1\" \/>\n<link rel=\"canonical\" href=\"https:\/\/crinailiescu.ro\/ro\/produs\/calendarul-basic-2026\/\" \/>\n<meta property=\"og:locale\" content=\"ro_RO\" \/>\n<meta property=\"og:type\" content=\"article\" \/>\n<meta property=\"og:title\" content=\"pdf - Calendarul Basic 2026 - Feng Shui\" \/>\n<meta property=\"og:description\" content=\"Calendar 2026 Basic \u2013 afl\u0103 c\u00e2nd s\u0103 te mu\u021bi, s\u0103 negociezi, s\u0103 c\u0103l\u0103tore\u0219ti sau s\u0103 iei decizii majore, conform energiilor zilnice.\" \/>\n<meta property=\"og:url\" content=\"https:\/\/crinailiescu.ro\/ro\/produs\/calendarul-basic-2026\/\" \/>\n<meta property=\"og:site_name\" content=\"Feng Shui\" \/>\n<meta property=\"article:modified_time\" content=\"2025-11-04T12:49:00+00:00\" \/>\n<meta property=\"og:image\" content=\"https:\/\/crinailiescu.ro\/wp-content\/uploads\/2025\/11\/1.jpg\" \/>\n\t<meta property=\"og:image:width\" content=\"1920\" \/>\n\t<meta property=\"og:image:height\" content=\"1080\" \/>\n\t<meta property=\"og:image:type\" content=\"image\/jpeg\" \/>\n<meta name=\"twitter:card\" content=\"summary_large_image\" \/>\n<meta name=\"twitter:label1\" content=\"Timp estimat pentru citire\" \/>\n\t<meta name=\"twitter:data1\" content=\"2 minute\" \/>\n<script type=\"application\/ld+json\" class=\"yoast-schema-graph\">{\"@context\":\"https:\/\/schema.org\",\"@graph\":[{\"@type\":\"WebPage\",\"@id\":\"https:\/\/crinailiescu.ro\/produs\/calendarul-basic-2026\/\",\"url\":\"https:\/\/crinailiescu.ro\/produs\/calendarul-basic-2026\/\",\"name\":\"pdf - Calendarul Basic 2026 - Feng Shui\",\"isPartOf\":{\"@id\":\"https:\/\/crinailiescu.ro\/#website\"},\"primaryImageOfPage\":{\"@id\":\"https:\/\/crinailiescu.ro\/produs\/calendarul-basic-2026\/#primaryimage\"},\"image\":{\"@id\":\"https:\/\/crinailiescu.ro\/produs\/calendarul-basic-2026\/#primaryimage\"},\"thumbnailUrl\":\"https:\/\/crinailiescu.ro\/wp-content\/uploads\/2025\/11\/1.jpg\",\"datePublished\":\"2025-11-04T12:18:17+00:00\",\"dateModified\":\"2025-11-04T12:49:00+00:00\",\"description\":\"Calendar 2026 Basic \u2013 afl\u0103 c\u00e2nd s\u0103 te mu\u021bi, s\u0103 negociezi, s\u0103 c\u0103l\u0103tore\u0219ti sau s\u0103 iei decizii majore, conform energiilor zilnice.\",\"breadcrumb\":{\"@id\":\"https:\/\/crinailiescu.ro\/produs\/calendarul-basic-2026\/#breadcrumb\"},\"inLanguage\":\"ro-RO\",\"potentialAction\":[{\"@type\":\"ReadAction\",\"target\":[\"https:\/\/crinailiescu.ro\/produs\/calendarul-basic-2026\/\"]}]},{\"@type\":\"ImageObject\",\"inLanguage\":\"ro-RO\",\"@id\":\"https:\/\/crinailiescu.ro\/produs\/calendarul-basic-2026\/#primaryimage\",\"url\":\"https:\/\/crinailiescu.ro\/wp-content\/uploads\/2025\/11\/1.jpg\",\"contentUrl\":\"https:\/\/crinailiescu.ro\/wp-content\/uploads\/2025\/11\/1.jpg\",\"width\":1920,\"height\":1080},{\"@type\":\"BreadcrumbList\",\"@id\":\"https:\/\/crinailiescu.ro\/produs\/calendarul-basic-2026\/#breadcrumb\",\"itemListElement\":[{\"@type\":\"ListItem\",\"position\":1,\"name\":\"Prima pagin\u0103\",\"item\":\"https:\/\/crinailiescu.ro\/ro\/\"},{\"@type\":\"ListItem\",\"position\":2,\"name\":\"Products\",\"item\":\"https:\/\/crinailiescu.ro\/en\/shop\/\"},{\"@type\":\"ListItem\",\"position\":3,\"name\":\"pdf &#8211; Calendarul Basic 2026\"}]},{\"@type\":\"WebSite\",\"@id\":\"https:\/\/crinailiescu.ro\/#website\",\"url\":\"https:\/\/crinailiescu.ro\/\",\"name\":\"Feng Shui\",\"description\":\"Feng Shui, Qi Men, BaZi, Selectare Date, Metafizica Chineza\",\"potentialAction\":[{\"@type\":\"SearchAction\",\"target\":{\"@type\":\"EntryPoint\",\"urlTemplate\":\"https:\/\/crinailiescu.ro\/?s={search_term_string}\"},\"query-input\":\"required name=search_term_string\"}],\"inLanguage\":\"ro-RO\"}]}<\/script>\n<!-- \/ Yoast SEO plugin. -->","yoast_head_json":{"title":"pdf - Calendarul Basic 2026 - Feng Shui","description":"Calendar 2026 Basic \u2013 afl\u0103 c\u00e2nd s\u0103 te mu\u021bi, s\u0103 negociezi, s\u0103 c\u0103l\u0103tore\u0219ti sau s\u0103 iei decizii majore, conform energiilor zilnice.","robots":{"index":"index","follow":"follow","max-snippet":"max-snippet:-1","max-image-preview":"max-image-preview:large","max-video-preview":"max-video-preview:-1"},"canonical":"https:\/\/crinailiescu.ro\/ro\/produs\/calendarul-basic-2026\/","og_locale":"ro_RO","og_type":"article","og_title":"pdf - Calendarul Basic 2026 - Feng Shui","og_description":"Calendar 2026 Basic \u2013 afl\u0103 c\u00e2nd s\u0103 te mu\u021bi, s\u0103 negociezi, s\u0103 c\u0103l\u0103tore\u0219ti sau s\u0103 iei decizii majore, conform energiilor zilnice.","og_url":"https:\/\/crinailiescu.ro\/ro\/produs\/calendarul-basic-2026\/","og_site_name":"Feng Shui","article_modified_time":"2025-11-04T12:49:00+00:00","og_image":[{"width":1920,"height":1080,"url":"https:\/\/crinailiescu.ro\/wp-content\/uploads\/2025\/11\/1.jpg","type":"image\/jpeg"}],"twitter_card":"summary_large_image","twitter_misc":{"Timp estimat pentru citire":"2 minute"},"schema":{"@context":"https:\/\/schema.org","@graph":[{"@type":"WebPage","@id":"https:\/\/crinailiescu.ro\/produs\/calendarul-basic-2026\/","url":"https:\/\/crinailiescu.ro\/produs\/calendarul-basic-2026\/","name":"pdf - Calendarul Basic 2026 - Feng Shui","isPartOf":{"@id":"https:\/\/crinailiescu.ro\/#website"},"primaryImageOfPage":{"@id":"https:\/\/crinailiescu.ro\/produs\/calendarul-basic-2026\/#primaryimage"},"image":{"@id":"https:\/\/crinailiescu.ro\/produs\/calendarul-basic-2026\/#primaryimage"},"thumbnailUrl":"https:\/\/crinailiescu.ro\/wp-content\/uploads\/2025\/11\/1.jpg","datePublished":"2025-11-04T12:18:17+00:00","dateModified":"2025-11-04T12:49:00+00:00","description":"Calendar 2026 Basic \u2013 afl\u0103 c\u00e2nd s\u0103 te mu\u021bi, s\u0103 negociezi, s\u0103 c\u0103l\u0103tore\u0219ti sau s\u0103 iei decizii majore, conform energiilor zilnice.","breadcrumb":{"@id":"https:\/\/crinailiescu.ro\/produs\/calendarul-basic-2026\/#breadcrumb"},"inLanguage":"ro-RO","potentialAction":[{"@type":"ReadAction","target":["https:\/\/crinailiescu.ro\/produs\/calendarul-basic-2026\/"]}]},{"@type":"ImageObject","inLanguage":"ro-RO","@id":"https:\/\/crinailiescu.ro\/produs\/calendarul-basic-2026\/#primaryimage","url":"https:\/\/crinailiescu.ro\/wp-content\/uploads\/2025\/11\/1.jpg","contentUrl":"https:\/\/crinailiescu.ro\/wp-content\/uploads\/2025\/11\/1.jpg","width":1920,"height":1080},{"@type":"BreadcrumbList","@id":"https:\/\/crinailiescu.ro\/produs\/calendarul-basic-2026\/#breadcrumb","itemListElement":[{"@type":"ListItem","position":1,"name":"Prima pagin\u0103","item":"https:\/\/crinailiescu.ro\/ro\/"},{"@type":"ListItem","position":2,"name":"Products","item":"https:\/\/crinailiescu.ro\/en\/shop\/"},{"@type":"ListItem","position":3,"name":"pdf &#8211; Calendarul Basic 2026"}]},{"@type":"WebSite","@id":"https:\/\/crinailiescu.ro\/#website","url":"https:\/\/crinailiescu.ro\/","name":"Feng Shui","description":"Feng Shui, Qi Men, BaZi, Selectare Date, Metafizica Chineza","potentialAction":[{"@type":"SearchAction","target":{"@type":"EntryPoint","urlTemplate":"https:\/\/crinailiescu.ro\/?s={search_term_string}"},"query-input":"required name=search_term_string"}],"inLanguage":"ro-RO"}]}},"_links":{"self":[{"href":"https:\/\/crinailiescu.ro\/ro\/wp-json\/wp\/v2\/product\/53803"}],"collection":[{"href":"https:\/\/crinailiescu.ro\/ro\/wp-json\/wp\/v2\/product"}],"about":[{"href":"https:\/\/crinailiescu.ro\/ro\/wp-json\/wp\/v2\/types\/product"}],"replies":[{"embeddable":true,"href":"https:\/\/crinailiescu.ro\/ro\/wp-json\/wp\/v2\/comments?post=53803"}],"wp:featuredmedia":[{"embeddable":true,"href":"https:\/\/crinailiescu.ro\/ro\/wp-json\/wp\/v2\/media\/53804"}],"wp:attachment":[{"href":"https:\/\/crinailiescu.ro\/ro\/wp-json\/wp\/v2\/media?parent=53803"}],"wp:term":[{"taxonomy":"product_cat","embeddable":true,"href":"https:\/\/crinailiescu.ro\/ro\/wp-json\/wp\/v2\/product_cat?post=53803"},{"taxonomy":"product_tag","embeddable":true,"href":"https:\/\/crinailiescu.ro\/ro\/wp-json\/wp\/v2\/product_tag?post=53803"}],"curies":[{"name":"wp","href":"https:\/\/api.w.org\/{rel}","templated":true}]}}