{"id":53847,"date":"2025-12-04T15:31:52","date_gmt":"2025-12-04T13:31:52","guid":{"rendered":"https:\/\/crinailiescu.ro\/?post_type=product&#038;p=53847"},"modified":"2026-02-24T16:07:16","modified_gmt":"2026-02-24T14:07:16","slug":"oferta-speciala","status":"publish","type":"product","link":"https:\/\/crinailiescu.ro\/ro\/produs\/oferta-speciala\/","title":{"rendered":"Claritate &#038; Direc\u021bie pentru 2026"},"content":{"rendered":"<h2 class=\"font-claude-response-heading text-text-100 mt-1 -mb-0.5\"><strong>Claritate &amp; Direc\u021bie pentru 2026<\/strong><\/h2>\n<p class=\"font-claude-response-body whitespace-normal break-words\">Ce vreau cu adev\u0103rat pentru 2026?<br \/>\nCe trebuie s\u0103 las \u00een urm\u0103?<br \/>\nC\u00c2ND e momentul perfect s\u0103 ac\u021bionez?<br \/>\nUNDE \u00eemi st\u0103 energia de prosperitate?<\/p>\n<p class=\"font-claude-response-body break-words whitespace-normal leading-[1.7]\"><strong>Ce-ar fi dac\u0103 aceast\u0103 perioad\u0103 ar fi \u00ceNCEPUTUL schimb\u0103rii, nu doar supravie\u021buirea p\u00e2n\u0103 la final?<\/strong><\/p>\n<p class=\"font-claude-response-body break-words whitespace-normal leading-[1.7]\">Mul\u021bi oameni tr\u0103iesc \u00een modul \u201emai rezist pu\u021bin&#8221; \u2014 mai rezist p\u00e2n\u0103 vineri, mai rezist p\u00e2n\u0103 la vacan\u021b\u0103, mai rezist p\u00e2n\u0103 la anul nou.<\/p>\n<p class=\"font-claude-response-body break-words whitespace-normal leading-[1.7]\">Dar ce-ar fi dac\u0103 tocmai acum, \u00een mijlocul agita\u021biei \u0219i presiunii, ar fi momentul perfect s\u0103 <em>decizi<\/em> cine vrei s\u0103 devii?<\/p>\n<p class=\"font-claude-response-body break-words whitespace-normal leading-[1.7]\">Nu mai t\u00e2rziu. Nu c\u00e2nd va fi mai lini\u0219te. <strong>Acum.<\/strong><\/p>\n<p class=\"font-claude-response-body break-words whitespace-normal leading-[1.7]\">Schimbarea nu \u00eencepe c\u00e2nd condi\u021biile sunt perfecte. \u00cencepe c\u00e2nd <em>tu<\/em> decizi c\u0103 e suficient cu supravie\u021buitul.<\/p>\n<p class=\"font-claude-response-body break-words whitespace-normal leading-[1.7]\">Aceast\u0103 perioad\u0103 \u00ee\u021bi ofer\u0103 exact ce ai nevoie: un context care te for\u021beaz\u0103 s\u0103 te clarifici, s\u0103 prioritizezi \u0219i s\u0103 ac\u021bionezi cu inten\u021bie.<\/p>\n<p class=\"font-claude-response-body break-words whitespace-normal leading-[1.7]\"><strong>\u00centrebarea nu este \u201ecum trec peste aceast\u0103 perioad\u0103?&#8221;<\/strong> <strong>\u00centrebarea este \u201ecine devin \u00een aceast\u0103 perioad\u0103?&#8221;<\/strong><\/p>\n<h3 class=\"font-claude-response-subheading text-text-100 mt-1 -mb-1.5\"><strong>Sesiune online 1-on-1 cu Mine (40 minute)<\/strong><\/h3>\n<p class=\"font-claude-response-body whitespace-normal break-words\"><em>Claritate &amp; Pozi\u021bionare pentru 2026<\/em><\/p>\n<p class=\"font-claude-response-body whitespace-normal break-words\">Aici vorbim despre TINE. Despre ce conteaz\u0103 cu adev\u0103rat.<\/p>\n<p class=\"font-claude-response-body whitespace-normal break-words\"><strong>Ce explor\u0103m \u00eempreun\u0103:<\/strong><\/p>\n<p class=\"font-claude-response-body whitespace-normal break-words\"><strong>Claritate:<\/strong> Care e direc\u021bia ta adev\u0103rat\u0103 pentru 2026? (Nu ce ar trebui s\u0103 faci, ci ce VREI s\u0103 faci)<\/p>\n<p class=\"font-claude-response-body whitespace-normal break-words\"><strong>Pozi\u021bionare:<\/strong> Unde s\u0103-\u021bi pui energia pentru rezultate maxime?<\/p>\n<p class=\"font-claude-response-body whitespace-normal break-words\"><strong>Insight personalizat:<\/strong> Analiza energiei tale pentru 2026 (pe baza datei tale de na\u0219tere)<\/p>\n<p class=\"font-claude-response-body whitespace-normal break-words\"><strong>Ac\u021biune concret\u0103:<\/strong> Primii 3 pa\u0219i pe care s\u0103-i faci dupa sedinta noastra<\/p>\n<h3 class=\"font-claude-response-subheading text-text-100 mt-1 -mb-1.5\"><strong>Pentru cine e acest produs?<\/strong><\/h3>\n<ul>\n<li class=\"font-claude-response-body whitespace-normal break-words\">Pentru tine dac\u0103 sim\u021bi c\u0103 2025 a fost un an de \u00eenv\u0103\u021bare dureroas\u0103 \u0219i vrei ca 2026 s\u0103 fie anul REZULTATELOR<\/li>\n<li class=\"font-claude-response-body whitespace-normal break-words\">Pentru tine dac\u0103 e\u0219ti preg\u0103tit\/\u0103 s\u0103 investe\u0219ti \u00een CLARITATE, nu doar \u00een speran\u021b\u0103<\/li>\n<li class=\"font-claude-response-body whitespace-normal break-words\">Pentru tine dac\u0103 vrei s\u0103 \u0219tii C\u00c2ND s\u0103 ac\u021bionezi, nu s\u0103 ghice\u0219ti<\/li>\n<li class=\"font-claude-response-body whitespace-normal break-words\">Pentru tine dac\u0103 sim\u021bi c\u0103 meriti mai mult, dar nu \u0219tii exact CE \u0219i C\u00c2ND<\/li>\n<li class=\"font-claude-response-body whitespace-normal break-words\">Pentru tine dac\u0103 vrei un partener \u00een decizie, nu doar sfaturi generice<\/li>\n<\/ul>\n<h3 class=\"font-claude-response-subheading text-text-100 mt-1 -mb-1.5\"><strong>Pentru cine NU e acest pachet:<\/strong><\/h3>\n<p class=\"font-claude-response-body whitespace-normal break-words\">\u274c Dac\u0103 vrei solu\u021bii magice f\u0103r\u0103 implicare personal\u0103<br \/>\n\u274c Dac\u0103 nu e\u0219ti dispus\/\u0103 s\u0103 te confrun\u021bi cu ce te blocheaz\u0103<br \/>\n\u274c Dac\u0103 cau\u021bi doar &#8222;motiva\u021bie&#8221; f\u0103r\u0103 ac\u021biune concret\u0103<br \/>\n\u274c Dac\u0103 nu crezi c\u0103 timing-ul conteaz\u0103 \u00een succes<\/p>\n<h2 class=\"font-claude-response-heading text-text-100 mt-1 -mb-0.5\"><strong>Cum proced\u0103m:<\/strong><\/h2>\n<ul>\n<li class=\"font-claude-response-body whitespace-normal break-words\">Stabilim <strong>data sesiunii noastre<\/strong> (online, Zoom, 40 min)<\/li>\n<li class=\"font-claude-response-body whitespace-normal break-words\">Dup\u0103 sesiune prime\u0219ti <strong>sinteza + plan de ac\u021biune<\/strong><\/li>\n<\/ul>\n<p class=\"font-claude-response-body whitespace-normal break-words\">\n","protected":false},"excerpt":{"rendered":"<p>Claritate &amp; Direc\u021bie pentru 2026 Ce vreau cu adev\u0103rat pentru 2026? Ce trebuie s\u0103 las \u00een urm\u0103? C\u00c2ND e momentul perfect s\u0103 ac\u021bionez? UNDE \u00eemi st\u0103 energia de prosperitate? Ce-ar fi dac\u0103 aceast\u0103 perioad\u0103 ar fi \u00ceNCEPUTUL schimb\u0103rii, nu doar supravie\u021buirea p\u00e2n\u0103 la final? Mul\u021bi oameni tr\u0103iesc \u00een modul \u201emai rezist pu\u021bin&#8221; \u2014 mai rezist [&hellip;]<\/p>\n","protected":false},"featured_media":52952,"comment_status":"closed","ping_status":"closed","template":"","meta":{"_et_pb_use_builder":"","_et_pb_old_content":"","_et_gb_content_width":""},"product_cat":[44],"product_tag":[],"yoast_head":"<!-- This site is optimized with the Yoast SEO plugin v22.6 - https:\/\/yoast.com\/wordpress\/plugins\/seo\/ -->\n<title>Claritate &amp; Direc\u021bie pentru 2026 - Feng Shui<\/title>\n<meta name=\"description\" content=\"Pachet Claritate &amp; Direc\u021bie 2026: Calendar detaliat decembrie + sesiune 1-on-1 (40 min) pentru obiective clare \u0219i timing perfect. Ofert\u0103 limitat\u0103 decembrie. 333 lei.\" \/>\n<meta name=\"robots\" content=\"index, follow, max-snippet:-1, max-image-preview:large, max-video-preview:-1\" \/>\n<link rel=\"canonical\" href=\"https:\/\/crinailiescu.ro\/ro\/produs\/oferta-speciala\/\" \/>\n<meta property=\"og:locale\" content=\"ro_RO\" \/>\n<meta property=\"og:type\" content=\"article\" \/>\n<meta property=\"og:title\" content=\"Claritate &amp; Direc\u021bie pentru 2026 - Feng Shui\" \/>\n<meta property=\"og:description\" content=\"Pachet Claritate &amp; Direc\u021bie 2026: Calendar detaliat decembrie + sesiune 1-on-1 (40 min) pentru obiective clare \u0219i timing perfect. Ofert\u0103 limitat\u0103 decembrie. 333 lei.\" \/>\n<meta property=\"og:url\" content=\"https:\/\/crinailiescu.ro\/ro\/produs\/oferta-speciala\/\" \/>\n<meta property=\"og:site_name\" content=\"Feng Shui\" \/>\n<meta property=\"article:modified_time\" content=\"2026-02-24T14:07:16+00:00\" \/>\n<meta property=\"og:image\" content=\"https:\/\/crinailiescu.ro\/wp-content\/uploads\/2020\/01\/aeroport.jpg\" \/>\n\t<meta property=\"og:image:width\" content=\"800\" \/>\n\t<meta property=\"og:image:height\" content=\"534\" \/>\n\t<meta property=\"og:image:type\" content=\"image\/jpeg\" \/>\n<meta name=\"twitter:card\" content=\"summary_large_image\" \/>\n<meta name=\"twitter:label1\" content=\"Timp estimat pentru citire\" \/>\n\t<meta name=\"twitter:data1\" content=\"3 minute\" \/>\n<script type=\"application\/ld+json\" class=\"yoast-schema-graph\">{\"@context\":\"https:\/\/schema.org\",\"@graph\":[{\"@type\":\"WebPage\",\"@id\":\"https:\/\/crinailiescu.ro\/produs\/oferta-speciala\/\",\"url\":\"https:\/\/crinailiescu.ro\/produs\/oferta-speciala\/\",\"name\":\"Claritate & Direc\u021bie pentru 2026 - Feng Shui\",\"isPartOf\":{\"@id\":\"https:\/\/crinailiescu.ro\/#website\"},\"primaryImageOfPage\":{\"@id\":\"https:\/\/crinailiescu.ro\/produs\/oferta-speciala\/#primaryimage\"},\"image\":{\"@id\":\"https:\/\/crinailiescu.ro\/produs\/oferta-speciala\/#primaryimage\"},\"thumbnailUrl\":\"https:\/\/crinailiescu.ro\/wp-content\/uploads\/2020\/01\/aeroport.jpg\",\"datePublished\":\"2025-12-04T13:31:52+00:00\",\"dateModified\":\"2026-02-24T14:07:16+00:00\",\"description\":\"Pachet Claritate & Direc\u021bie 2026: Calendar detaliat decembrie + sesiune 1-on-1 (40 min) pentru obiective clare \u0219i timing perfect. Ofert\u0103 limitat\u0103 decembrie. 333 lei.\",\"breadcrumb\":{\"@id\":\"https:\/\/crinailiescu.ro\/produs\/oferta-speciala\/#breadcrumb\"},\"inLanguage\":\"ro-RO\",\"potentialAction\":[{\"@type\":\"ReadAction\",\"target\":[\"https:\/\/crinailiescu.ro\/produs\/oferta-speciala\/\"]}]},{\"@type\":\"ImageObject\",\"inLanguage\":\"ro-RO\",\"@id\":\"https:\/\/crinailiescu.ro\/produs\/oferta-speciala\/#primaryimage\",\"url\":\"https:\/\/crinailiescu.ro\/wp-content\/uploads\/2020\/01\/aeroport.jpg\",\"contentUrl\":\"https:\/\/crinailiescu.ro\/wp-content\/uploads\/2020\/01\/aeroport.jpg\",\"width\":800,\"height\":534},{\"@type\":\"BreadcrumbList\",\"@id\":\"https:\/\/crinailiescu.ro\/produs\/oferta-speciala\/#breadcrumb\",\"itemListElement\":[{\"@type\":\"ListItem\",\"position\":1,\"name\":\"Prima pagin\u0103\",\"item\":\"https:\/\/crinailiescu.ro\/ro\/\"},{\"@type\":\"ListItem\",\"position\":2,\"name\":\"Products\",\"item\":\"https:\/\/crinailiescu.ro\/en\/shop\/\"},{\"@type\":\"ListItem\",\"position\":3,\"name\":\"Claritate &#038; Direc\u021bie pentru 2026\"}]},{\"@type\":\"WebSite\",\"@id\":\"https:\/\/crinailiescu.ro\/#website\",\"url\":\"https:\/\/crinailiescu.ro\/\",\"name\":\"Feng Shui\",\"description\":\"Feng Shui, Qi Men, BaZi, Selectare Date, Metafizica Chineza\",\"potentialAction\":[{\"@type\":\"SearchAction\",\"target\":{\"@type\":\"EntryPoint\",\"urlTemplate\":\"https:\/\/crinailiescu.ro\/?s={search_term_string}\"},\"query-input\":\"required name=search_term_string\"}],\"inLanguage\":\"ro-RO\"}]}<\/script>\n<!-- \/ Yoast SEO plugin. -->","yoast_head_json":{"title":"Claritate & Direc\u021bie pentru 2026 - Feng Shui","description":"Pachet Claritate & Direc\u021bie 2026: Calendar detaliat decembrie + sesiune 1-on-1 (40 min) pentru obiective clare \u0219i timing perfect. Ofert\u0103 limitat\u0103 decembrie. 333 lei.","robots":{"index":"index","follow":"follow","max-snippet":"max-snippet:-1","max-image-preview":"max-image-preview:large","max-video-preview":"max-video-preview:-1"},"canonical":"https:\/\/crinailiescu.ro\/ro\/produs\/oferta-speciala\/","og_locale":"ro_RO","og_type":"article","og_title":"Claritate & Direc\u021bie pentru 2026 - Feng Shui","og_description":"Pachet Claritate & Direc\u021bie 2026: Calendar detaliat decembrie + sesiune 1-on-1 (40 min) pentru obiective clare \u0219i timing perfect. Ofert\u0103 limitat\u0103 decembrie. 333 lei.","og_url":"https:\/\/crinailiescu.ro\/ro\/produs\/oferta-speciala\/","og_site_name":"Feng Shui","article_modified_time":"2026-02-24T14:07:16+00:00","og_image":[{"width":800,"height":534,"url":"https:\/\/crinailiescu.ro\/wp-content\/uploads\/2020\/01\/aeroport.jpg","type":"image\/jpeg"}],"twitter_card":"summary_large_image","twitter_misc":{"Timp estimat pentru citire":"3 minute"},"schema":{"@context":"https:\/\/schema.org","@graph":[{"@type":"WebPage","@id":"https:\/\/crinailiescu.ro\/produs\/oferta-speciala\/","url":"https:\/\/crinailiescu.ro\/produs\/oferta-speciala\/","name":"Claritate & Direc\u021bie pentru 2026 - Feng Shui","isPartOf":{"@id":"https:\/\/crinailiescu.ro\/#website"},"primaryImageOfPage":{"@id":"https:\/\/crinailiescu.ro\/produs\/oferta-speciala\/#primaryimage"},"image":{"@id":"https:\/\/crinailiescu.ro\/produs\/oferta-speciala\/#primaryimage"},"thumbnailUrl":"https:\/\/crinailiescu.ro\/wp-content\/uploads\/2020\/01\/aeroport.jpg","datePublished":"2025-12-04T13:31:52+00:00","dateModified":"2026-02-24T14:07:16+00:00","description":"Pachet Claritate & Direc\u021bie 2026: Calendar detaliat decembrie + sesiune 1-on-1 (40 min) pentru obiective clare \u0219i timing perfect. Ofert\u0103 limitat\u0103 decembrie. 333 lei.","breadcrumb":{"@id":"https:\/\/crinailiescu.ro\/produs\/oferta-speciala\/#breadcrumb"},"inLanguage":"ro-RO","potentialAction":[{"@type":"ReadAction","target":["https:\/\/crinailiescu.ro\/produs\/oferta-speciala\/"]}]},{"@type":"ImageObject","inLanguage":"ro-RO","@id":"https:\/\/crinailiescu.ro\/produs\/oferta-speciala\/#primaryimage","url":"https:\/\/crinailiescu.ro\/wp-content\/uploads\/2020\/01\/aeroport.jpg","contentUrl":"https:\/\/crinailiescu.ro\/wp-content\/uploads\/2020\/01\/aeroport.jpg","width":800,"height":534},{"@type":"BreadcrumbList","@id":"https:\/\/crinailiescu.ro\/produs\/oferta-speciala\/#breadcrumb","itemListElement":[{"@type":"ListItem","position":1,"name":"Prima pagin\u0103","item":"https:\/\/crinailiescu.ro\/ro\/"},{"@type":"ListItem","position":2,"name":"Products","item":"https:\/\/crinailiescu.ro\/en\/shop\/"},{"@type":"ListItem","position":3,"name":"Claritate &#038; Direc\u021bie pentru 2026"}]},{"@type":"WebSite","@id":"https:\/\/crinailiescu.ro\/#website","url":"https:\/\/crinailiescu.ro\/","name":"Feng Shui","description":"Feng Shui, Qi Men, BaZi, Selectare Date, Metafizica Chineza","potentialAction":[{"@type":"SearchAction","target":{"@type":"EntryPoint","urlTemplate":"https:\/\/crinailiescu.ro\/?s={search_term_string}"},"query-input":"required name=search_term_string"}],"inLanguage":"ro-RO"}]}},"_links":{"self":[{"href":"https:\/\/crinailiescu.ro\/ro\/wp-json\/wp\/v2\/product\/53847"}],"collection":[{"href":"https:\/\/crinailiescu.ro\/ro\/wp-json\/wp\/v2\/product"}],"about":[{"href":"https:\/\/crinailiescu.ro\/ro\/wp-json\/wp\/v2\/types\/product"}],"replies":[{"embeddable":true,"href":"https:\/\/crinailiescu.ro\/ro\/wp-json\/wp\/v2\/comments?post=53847"}],"wp:featuredmedia":[{"embeddable":true,"href":"https:\/\/crinailiescu.ro\/ro\/wp-json\/wp\/v2\/media\/52952"}],"wp:attachment":[{"href":"https:\/\/crinailiescu.ro\/ro\/wp-json\/wp\/v2\/media?parent=53847"}],"wp:term":[{"taxonomy":"product_cat","embeddable":true,"href":"https:\/\/crinailiescu.ro\/ro\/wp-json\/wp\/v2\/product_cat?post=53847"},{"taxonomy":"product_tag","embeddable":true,"href":"https:\/\/crinailiescu.ro\/ro\/wp-json\/wp\/v2\/product_tag?post=53847"}],"curies":[{"name":"wp","href":"https:\/\/api.w.org\/{rel}","templated":true}]}}