{"id":53878,"date":"2026-05-08T09:38:55","date_gmt":"2026-05-08T06:38:55","guid":{"rendered":"https:\/\/crinailiescu.ro\/?post_type=product&#038;p=53878"},"modified":"2026-05-08T09:38:55","modified_gmt":"2026-05-08T06:38:55","slug":"clubul-de-prosperitate-eveniment-19-mai","status":"publish","type":"product","link":"https:\/\/crinailiescu.ro\/ro\/produs\/clubul-de-prosperitate-eveniment-19-mai\/","title":{"rendered":"Clubul de Prosperitate &#8211; Eveniment 19 mai &#8211; Calmul \u00een Vremea Tulbure"},"content":{"rendered":"<section class=\"text-token-text-primary w-full focus:outline-none [--shadow-height:45px] has-data-writing-block:pointer-events-none has-data-writing-block:-mt-(--shadow-height) has-data-writing-block:pt-(--shadow-height) [&amp;:has([data-writing-block])&gt;*]:pointer-events-auto [content-visibility:auto] supports-[content-visibility:auto]:[contain-intrinsic-size:auto_100lvh] R6Vx5W_threadScrollVars scroll-mb-[calc(var(--scroll-root-safe-area-inset-bottom,0px)+var(--thread-response-height))] scroll-mt-[calc(var(--header-height)+min(200px,max(70px,20svh)))]\" dir=\"auto\" data-turn-id=\"d142e73a-5f43-4a92-ba2a-1ac745f97127\" data-testid=\"conversation-turn-2\" data-scroll-anchor=\"false\" data-turn=\"assistant\">\n<div class=\"text-base my-auto mx-auto pb-10 [--thread-content-margin:var(--thread-content-margin-xs,calc(var(--spacing)*4))] @w-sm\/main:[--thread-content-margin:var(--thread-content-margin-sm,calc(var(--spacing)*6))] @w-lg\/main:[--thread-content-margin:var(--thread-content-margin-lg,calc(var(--spacing)*16))] px-(--thread-content-margin)\">\n<div class=\"[--thread-content-max-width:40rem] @w-lg\/main:[--thread-content-max-width:48rem] mx-auto max-w-(--thread-content-max-width) flex-1 group\/turn-messages focus-visible:outline-hidden relative flex w-full min-w-0 flex-col agent-turn\">\n<div class=\"flex max-w-full flex-col gap-4 grow\">\n<div class=\"min-h-8 text-message relative flex w-full flex-col items-end gap-2 text-start break-words whitespace-normal outline-none keyboard-focused:focus-ring [.text-message+&amp;]:mt-1\" dir=\"auto\" tabindex=\"0\" data-message-author-role=\"assistant\" data-message-id=\"de7ce041-715a-4e62-bb5a-ce3bff529011\" data-turn-start-message=\"true\" data-message-model-slug=\"gpt-5-5\">\n<div class=\"flex w-full flex-col gap-1 empty:hidden\">\n<div class=\"markdown prose dark:prose-invert wrap-break-word w-full light markdown-new-styling\">\n<p data-start=\"67\" data-end=\"229\">Calmul \u00een Vremea Tulbure<\/p>\n<p data-start=\"67\" data-end=\"229\">Exist\u0103 momente \u00een care sim\u021bi c\u0103 ai obosit\u2026 dar continui.<br \/>\nPentru c\u0103 trebuie.<br \/>\nPentru c\u0103 sunt oameni care au nevoie de tine.<br \/>\nPentru c\u0103 lista nu se termin\u0103 niciodat\u0103.<\/p>\n<p data-start=\"231\" data-end=\"406\">Dimine\u021bi gr\u0103bite.<br \/>\nMesaje.<br \/>\nClien\u021bi.<br \/>\nCopii.<br \/>\nResponsabilit\u0103\u021bi.<br \/>\nG\u00e2nduri care nu se mai opresc.<br \/>\n\u0218i acea senza\u021bie c\u0103, de\u0219i func\u021bionezi, \u00een interiorul t\u0103u ceva \u00eencepe s\u0103 cear\u0103 pauz\u0103.<\/p>\n<p data-start=\"408\" data-end=\"712\">La \u00eent\u00e2lnirea din 19 mai vom vorbi despre:<br \/>\n&#8211; cum s\u0103 g\u0103se\u0219ti calmul \u00een perioade agitate,<br \/>\n&#8211; ce se \u00eent\u00e2mpl\u0103 c\u00e2nd corpul \u0219i mintea intr\u0103 \u00een suprasolicitare,<br \/>\n&#8211; cum recuno\u0219ti semnele de burnout \u00eenainte s\u0103 ajungi la limit\u0103,<br \/>\n&#8211; \u0219i cum po\u021bi crea mici momente de echilibru chiar \u0219i atunci c\u00e2nd via\u021ba pare prea mult.<\/p>\n<p data-start=\"714\" data-end=\"847\">Va fi o \u00eent\u00e2lnire despre respira\u021bie, claritate, energie \u0219i despre acel moment \u00een care \u00een\u021belegi c\u0103 nu trebuie s\u0103 duci totul singur(\u0103).<\/p>\n<p data-start=\"849\" data-end=\"949\">Uneori, nu avem nevoie de o vacan\u021b\u0103 de o lun\u0103.<br \/>\nAvem nevoie de 2 ore \u00een care s\u0103 ne reconect\u0103m cu noi.<\/p>\n<p data-start=\"951\" data-end=\"1095\">Te invit\u0103m s\u0103 iei o pauz\u0103 pentru tine.<br \/>\nS\u0103 vii exact a\u0219a cum e\u0219ti: obosit(\u0103), agitat(\u0103), confuz(\u0103) sau pur \u0219i simplu cu nevoia de pu\u021bin\u0103 lini\u0219te.<\/p>\n<p data-start=\"1097\" data-end=\"1177\">Clubul de Prosperitate \u0219i Stare de Bine<br data-start=\"1139\" data-end=\"1142\" \/>Mar\u021bi, 19 mai &#8211; de la ora 17:00 \u2013 pana la ora 19:00 &#8211; Cluj Napoca &#8211; Sediul de Aromaterapie Cluj-<\/p>\n<p data-start=\"1097\" data-end=\"1177\">Pret: 100 lei<\/p>\n<p data-start=\"1179\" data-end=\"1202\">Locurile sunt limitate.<\/p>\n<p data-start=\"1204\" data-end=\"1227\" data-is-last-node=\"\" data-is-only-node=\"\">Te a\u0219tept\u0103m cu drag.<\/p>\n<\/div>\n<\/div>\n<\/div>\n<\/div>\n<div class=\"z-0 flex min-h-[46px] justify-start\"><\/div>\n<\/div>\n<\/div>\n<\/section>\n<div class=\"pointer-events-none -mt-px h-px translate-y-[calc(var(--scroll-root-safe-area-inset-bottom)-14*var(--spacing))]\" aria-hidden=\"true\"><\/div>\n","protected":false},"excerpt":{"rendered":"<p>Calmul \u00een Vremea Tulbure Exist\u0103 momente \u00een care sim\u021bi c\u0103 ai obosit\u2026 dar continui. Pentru c\u0103 trebuie. Pentru c\u0103 sunt oameni care au nevoie de tine. Pentru c\u0103 lista nu se termin\u0103 niciodat\u0103. Dimine\u021bi gr\u0103bite. Mesaje. Clien\u021bi. Copii. Responsabilit\u0103\u021bi. G\u00e2nduri care nu se mai opresc. \u0218i acea senza\u021bie c\u0103, de\u0219i func\u021bionezi, \u00een interiorul t\u0103u ceva [&hellip;]<\/p>\n","protected":false},"featured_media":53415,"comment_status":"closed","ping_status":"closed","template":"","meta":{"_et_pb_use_builder":"","_et_pb_old_content":"","_et_gb_content_width":""},"product_cat":[44],"product_tag":[],"yoast_head":"<!-- This site is optimized with the Yoast SEO plugin v22.6 - https:\/\/yoast.com\/wordpress\/plugins\/seo\/ -->\n<title>Clubul de Prosperitate - Eveniment 19 mai - Calmul \u00een Vremea Tulbure - Feng Shui<\/title>\n<meta name=\"description\" content=\"Calmul \u00een Vremea Tulbure Va fi o \u00eent\u00e2lnire despre respira\u021bie, claritate, energie \u0219i despre acel moment \u00een care \u00een\u021belegi c\u0103 nu trebuie s\u0103 duci totul singur(\u0103).\" \/>\n<meta name=\"robots\" content=\"index, follow, max-snippet:-1, max-image-preview:large, max-video-preview:-1\" \/>\n<link rel=\"canonical\" href=\"https:\/\/crinailiescu.ro\/ro\/produs\/clubul-de-prosperitate-eveniment-19-mai\/\" \/>\n<meta property=\"og:locale\" content=\"ro_RO\" \/>\n<meta property=\"og:type\" content=\"article\" \/>\n<meta property=\"og:title\" content=\"Clubul de Prosperitate - Eveniment 19 mai - Calmul \u00een Vremea Tulbure - Feng Shui\" \/>\n<meta property=\"og:description\" content=\"Calmul \u00een Vremea Tulbure Va fi o \u00eent\u00e2lnire despre respira\u021bie, claritate, energie \u0219i despre acel moment \u00een care \u00een\u021belegi c\u0103 nu trebuie s\u0103 duci totul singur(\u0103).\" \/>\n<meta property=\"og:url\" content=\"https:\/\/crinailiescu.ro\/ro\/produs\/clubul-de-prosperitate-eveniment-19-mai\/\" \/>\n<meta property=\"og:site_name\" content=\"Feng Shui\" \/>\n<meta property=\"og:image\" content=\"https:\/\/crinailiescu.ro\/wp-content\/uploads\/2024\/11\/Cafea.jpeg\" \/>\n\t<meta property=\"og:image:width\" content=\"1024\" \/>\n\t<meta property=\"og:image:height\" content=\"1792\" \/>\n\t<meta property=\"og:image:type\" content=\"image\/jpeg\" \/>\n<meta name=\"twitter:card\" content=\"summary_large_image\" \/>\n<meta name=\"twitter:label1\" content=\"Timp estimat pentru citire\" \/>\n\t<meta name=\"twitter:data1\" content=\"2 minute\" \/>\n<script type=\"application\/ld+json\" class=\"yoast-schema-graph\">{\"@context\":\"https:\/\/schema.org\",\"@graph\":[{\"@type\":\"WebPage\",\"@id\":\"https:\/\/crinailiescu.ro\/produs\/clubul-de-prosperitate-eveniment-19-mai\/\",\"url\":\"https:\/\/crinailiescu.ro\/produs\/clubul-de-prosperitate-eveniment-19-mai\/\",\"name\":\"Clubul de Prosperitate - Eveniment 19 mai - Calmul \u00een Vremea Tulbure - Feng Shui\",\"isPartOf\":{\"@id\":\"https:\/\/crinailiescu.ro\/#website\"},\"primaryImageOfPage\":{\"@id\":\"https:\/\/crinailiescu.ro\/produs\/clubul-de-prosperitate-eveniment-19-mai\/#primaryimage\"},\"image\":{\"@id\":\"https:\/\/crinailiescu.ro\/produs\/clubul-de-prosperitate-eveniment-19-mai\/#primaryimage\"},\"thumbnailUrl\":\"https:\/\/crinailiescu.ro\/wp-content\/uploads\/2024\/11\/Cafea.jpeg\",\"datePublished\":\"2026-05-08T06:38:55+00:00\",\"dateModified\":\"2026-05-08T06:38:55+00:00\",\"description\":\"Calmul \u00een Vremea Tulbure Va fi o \u00eent\u00e2lnire despre respira\u021bie, claritate, energie \u0219i despre acel moment \u00een care \u00een\u021belegi c\u0103 nu trebuie s\u0103 duci totul singur(\u0103).\",\"breadcrumb\":{\"@id\":\"https:\/\/crinailiescu.ro\/produs\/clubul-de-prosperitate-eveniment-19-mai\/#breadcrumb\"},\"inLanguage\":\"ro-RO\",\"potentialAction\":[{\"@type\":\"ReadAction\",\"target\":[\"https:\/\/crinailiescu.ro\/produs\/clubul-de-prosperitate-eveniment-19-mai\/\"]}]},{\"@type\":\"ImageObject\",\"inLanguage\":\"ro-RO\",\"@id\":\"https:\/\/crinailiescu.ro\/produs\/clubul-de-prosperitate-eveniment-19-mai\/#primaryimage\",\"url\":\"https:\/\/crinailiescu.ro\/wp-content\/uploads\/2024\/11\/Cafea.jpeg\",\"contentUrl\":\"https:\/\/crinailiescu.ro\/wp-content\/uploads\/2024\/11\/Cafea.jpeg\",\"width\":1024,\"height\":1792},{\"@type\":\"BreadcrumbList\",\"@id\":\"https:\/\/crinailiescu.ro\/produs\/clubul-de-prosperitate-eveniment-19-mai\/#breadcrumb\",\"itemListElement\":[{\"@type\":\"ListItem\",\"position\":1,\"name\":\"Prima pagin\u0103\",\"item\":\"https:\/\/crinailiescu.ro\/ro\/\"},{\"@type\":\"ListItem\",\"position\":2,\"name\":\"Products\",\"item\":\"https:\/\/crinailiescu.ro\/en\/shop\/\"},{\"@type\":\"ListItem\",\"position\":3,\"name\":\"Clubul de Prosperitate &#8211; Eveniment 19 mai &#8211; Calmul \u00een Vremea Tulbure\"}]},{\"@type\":\"WebSite\",\"@id\":\"https:\/\/crinailiescu.ro\/#website\",\"url\":\"https:\/\/crinailiescu.ro\/\",\"name\":\"Feng Shui\",\"description\":\"Feng Shui, Qi Men, BaZi, Selectare Date, Metafizica Chineza\",\"potentialAction\":[{\"@type\":\"SearchAction\",\"target\":{\"@type\":\"EntryPoint\",\"urlTemplate\":\"https:\/\/crinailiescu.ro\/?s={search_term_string}\"},\"query-input\":\"required name=search_term_string\"}],\"inLanguage\":\"ro-RO\"}]}<\/script>\n<!-- \/ Yoast SEO plugin. -->","yoast_head_json":{"title":"Clubul de Prosperitate - Eveniment 19 mai - Calmul \u00een Vremea Tulbure - Feng Shui","description":"Calmul \u00een Vremea Tulbure Va fi o \u00eent\u00e2lnire despre respira\u021bie, claritate, energie \u0219i despre acel moment \u00een care \u00een\u021belegi c\u0103 nu trebuie s\u0103 duci totul singur(\u0103).","robots":{"index":"index","follow":"follow","max-snippet":"max-snippet:-1","max-image-preview":"max-image-preview:large","max-video-preview":"max-video-preview:-1"},"canonical":"https:\/\/crinailiescu.ro\/ro\/produs\/clubul-de-prosperitate-eveniment-19-mai\/","og_locale":"ro_RO","og_type":"article","og_title":"Clubul de Prosperitate - Eveniment 19 mai - Calmul \u00een Vremea Tulbure - Feng Shui","og_description":"Calmul \u00een Vremea Tulbure Va fi o \u00eent\u00e2lnire despre respira\u021bie, claritate, energie \u0219i despre acel moment \u00een care \u00een\u021belegi c\u0103 nu trebuie s\u0103 duci totul singur(\u0103).","og_url":"https:\/\/crinailiescu.ro\/ro\/produs\/clubul-de-prosperitate-eveniment-19-mai\/","og_site_name":"Feng Shui","og_image":[{"width":1024,"height":1792,"url":"https:\/\/crinailiescu.ro\/wp-content\/uploads\/2024\/11\/Cafea.jpeg","type":"image\/jpeg"}],"twitter_card":"summary_large_image","twitter_misc":{"Timp estimat pentru citire":"2 minute"},"schema":{"@context":"https:\/\/schema.org","@graph":[{"@type":"WebPage","@id":"https:\/\/crinailiescu.ro\/produs\/clubul-de-prosperitate-eveniment-19-mai\/","url":"https:\/\/crinailiescu.ro\/produs\/clubul-de-prosperitate-eveniment-19-mai\/","name":"Clubul de Prosperitate - Eveniment 19 mai - Calmul \u00een Vremea Tulbure - Feng Shui","isPartOf":{"@id":"https:\/\/crinailiescu.ro\/#website"},"primaryImageOfPage":{"@id":"https:\/\/crinailiescu.ro\/produs\/clubul-de-prosperitate-eveniment-19-mai\/#primaryimage"},"image":{"@id":"https:\/\/crinailiescu.ro\/produs\/clubul-de-prosperitate-eveniment-19-mai\/#primaryimage"},"thumbnailUrl":"https:\/\/crinailiescu.ro\/wp-content\/uploads\/2024\/11\/Cafea.jpeg","datePublished":"2026-05-08T06:38:55+00:00","dateModified":"2026-05-08T06:38:55+00:00","description":"Calmul \u00een Vremea Tulbure Va fi o \u00eent\u00e2lnire despre respira\u021bie, claritate, energie \u0219i despre acel moment \u00een care \u00een\u021belegi c\u0103 nu trebuie s\u0103 duci totul singur(\u0103).","breadcrumb":{"@id":"https:\/\/crinailiescu.ro\/produs\/clubul-de-prosperitate-eveniment-19-mai\/#breadcrumb"},"inLanguage":"ro-RO","potentialAction":[{"@type":"ReadAction","target":["https:\/\/crinailiescu.ro\/produs\/clubul-de-prosperitate-eveniment-19-mai\/"]}]},{"@type":"ImageObject","inLanguage":"ro-RO","@id":"https:\/\/crinailiescu.ro\/produs\/clubul-de-prosperitate-eveniment-19-mai\/#primaryimage","url":"https:\/\/crinailiescu.ro\/wp-content\/uploads\/2024\/11\/Cafea.jpeg","contentUrl":"https:\/\/crinailiescu.ro\/wp-content\/uploads\/2024\/11\/Cafea.jpeg","width":1024,"height":1792},{"@type":"BreadcrumbList","@id":"https:\/\/crinailiescu.ro\/produs\/clubul-de-prosperitate-eveniment-19-mai\/#breadcrumb","itemListElement":[{"@type":"ListItem","position":1,"name":"Prima pagin\u0103","item":"https:\/\/crinailiescu.ro\/ro\/"},{"@type":"ListItem","position":2,"name":"Products","item":"https:\/\/crinailiescu.ro\/en\/shop\/"},{"@type":"ListItem","position":3,"name":"Clubul de Prosperitate &#8211; Eveniment 19 mai &#8211; Calmul \u00een Vremea Tulbure"}]},{"@type":"WebSite","@id":"https:\/\/crinailiescu.ro\/#website","url":"https:\/\/crinailiescu.ro\/","name":"Feng Shui","description":"Feng Shui, Qi Men, BaZi, Selectare Date, Metafizica Chineza","potentialAction":[{"@type":"SearchAction","target":{"@type":"EntryPoint","urlTemplate":"https:\/\/crinailiescu.ro\/?s={search_term_string}"},"query-input":"required name=search_term_string"}],"inLanguage":"ro-RO"}]}},"_links":{"self":[{"href":"https:\/\/crinailiescu.ro\/ro\/wp-json\/wp\/v2\/product\/53878"}],"collection":[{"href":"https:\/\/crinailiescu.ro\/ro\/wp-json\/wp\/v2\/product"}],"about":[{"href":"https:\/\/crinailiescu.ro\/ro\/wp-json\/wp\/v2\/types\/product"}],"replies":[{"embeddable":true,"href":"https:\/\/crinailiescu.ro\/ro\/wp-json\/wp\/v2\/comments?post=53878"}],"wp:featuredmedia":[{"embeddable":true,"href":"https:\/\/crinailiescu.ro\/ro\/wp-json\/wp\/v2\/media\/53415"}],"wp:attachment":[{"href":"https:\/\/crinailiescu.ro\/ro\/wp-json\/wp\/v2\/media?parent=53878"}],"wp:term":[{"taxonomy":"product_cat","embeddable":true,"href":"https:\/\/crinailiescu.ro\/ro\/wp-json\/wp\/v2\/product_cat?post=53878"},{"taxonomy":"product_tag","embeddable":true,"href":"https:\/\/crinailiescu.ro\/ro\/wp-json\/wp\/v2\/product_tag?post=53878"}],"curies":[{"name":"wp","href":"https:\/\/api.w.org\/{rel}","templated":true}]}}